



{"id":10333,"date":"2022-03-22T12:54:44","date_gmt":"2022-03-22T12:54:44","guid":{"rendered":"https:\/\/loom.es\/?page_id=10333"},"modified":"2023-07-26T15:53:16","modified_gmt":"2023-07-26T15:53:16","slug":"loom-as-a-service","status":"publish","type":"page","link":"https:\/\/loom.es\/en\/corporate\/loom-as-a-service\/","title":{"rendered":"LOOM as a service"},"content":{"rendered":"<p class=\"x_MsoNormal\">Design the office of your dreams completely customized, turnkey and integrated with the latest technology.<\/p>\n","protected":false},"excerpt":{"rendered":"<p>Design the office of your dreams completely customized, turnkey and integrated with the latest technology.<\/p>\n","protected":false},"author":4,"featured_media":10469,"parent":11424,"menu_order":0,"comment_status":"closed","ping_status":"closed","template":"template-detalle-espacio.php","meta":{"footnotes":""},"categories":[1],"class_list":["post-10333","page","type-page","status-publish","has-post-thumbnail","hentry","category-sin-categorizar"],"acf":[],"yoast_head":"<!-- This site is optimized with the Yoast SEO plugin v25.1 - https:\/\/yoast.com\/wordpress\/plugins\/seo\/ -->\n<title>Dise\u00f1a tu espacio de trabajo para tu empresa | LOOM<\/title>\n<meta name=\"description\" content=\"Dise\u00f1o de espacio como servicio, con LOOM as a Service podr\u00e1s dise\u00f1ar la oficina de tus sue\u00f1os junto a nuestro equipo de arquitectos, interioristas y decoradores, , totalmente a medida, llave en mano e integrada con la \u00faltima tecnolog\u00eda.\" \/>\n<meta name=\"robots\" content=\"index, follow, max-snippet:-1, max-image-preview:large, max-video-preview:-1\" \/>\n<link rel=\"canonical\" href=\"https:\/\/loom.es\/en\/corporate\/loom-as-a-service\/\" \/>\n<meta property=\"og:locale\" content=\"en_US\" \/>\n<meta property=\"og:type\" content=\"article\" \/>\n<meta property=\"og:title\" content=\"Dise\u00f1a tu espacio de trabajo para tu empresa | LOOM\" \/>\n<meta property=\"og:description\" content=\"Dise\u00f1o de espacio como servicio, con LOOM as a Service podr\u00e1s dise\u00f1ar la oficina de tus sue\u00f1os junto a nuestro equipo de arquitectos, interioristas y decoradores, , totalmente a medida, llave en mano e integrada con la \u00faltima tecnolog\u00eda.\" \/>\n<meta property=\"og:url\" content=\"https:\/\/loom.es\/en\/corporate\/loom-as-a-service\/\" \/>\n<meta property=\"og:site_name\" content=\"LOOM (English)\" \/>\n<meta property=\"article:modified_time\" content=\"2023-07-26T15:53:16+00:00\" \/>\n<meta property=\"og:image\" content=\"https:\/\/loom.es\/en\/wp-content\/uploads\/sites\/2\/2022\/03\/LE._0128-scaled.jpg\" \/>\n\t<meta property=\"og:image:width\" content=\"2560\" \/>\n\t<meta property=\"og:image:height\" content=\"1707\" \/>\n\t<meta property=\"og:image:type\" content=\"image\/jpeg\" \/>\n<meta name=\"twitter:card\" content=\"summary_large_image\" \/>\n<meta name=\"twitter:label1\" content=\"Est. reading time\" \/>\n\t<meta name=\"twitter:data1\" content=\"1 minute\" \/>\n<script type=\"application\/ld+json\" class=\"yoast-schema-graph\">{\"@context\":\"https:\/\/schema.org\",\"@graph\":[{\"@type\":\"WebPage\",\"@id\":\"https:\/\/loom.es\/en\/corporate\/loom-as-a-service\/\",\"url\":\"https:\/\/loom.es\/en\/corporate\/loom-as-a-service\/\",\"name\":\"Dise\u00f1a tu espacio de trabajo para tu empresa | LOOM\",\"isPartOf\":{\"@id\":\"https:\/\/loom.es\/en\/#website\"},\"primaryImageOfPage\":{\"@id\":\"https:\/\/loom.es\/en\/corporate\/loom-as-a-service\/#primaryimage\"},\"image\":{\"@id\":\"https:\/\/loom.es\/en\/corporate\/loom-as-a-service\/#primaryimage\"},\"thumbnailUrl\":\"https:\/\/loom.es\/en\/wp-content\/uploads\/sites\/2\/2022\/03\/LE._0128-scaled.jpg\",\"datePublished\":\"2022-03-22T12:54:44+00:00\",\"dateModified\":\"2023-07-26T15:53:16+00:00\",\"description\":\"Dise\u00f1o de espacio como servicio, con LOOM as a Service podr\u00e1s dise\u00f1ar la oficina de tus sue\u00f1os junto a nuestro equipo de arquitectos, interioristas y decoradores, , totalmente a medida, llave en mano e integrada con la \u00faltima tecnolog\u00eda.\",\"breadcrumb\":{\"@id\":\"https:\/\/loom.es\/en\/corporate\/loom-as-a-service\/#breadcrumb\"},\"inLanguage\":\"en-US\",\"potentialAction\":[{\"@type\":\"ReadAction\",\"target\":[\"https:\/\/loom.es\/en\/corporate\/loom-as-a-service\/\"]}]},{\"@type\":\"ImageObject\",\"inLanguage\":\"en-US\",\"@id\":\"https:\/\/loom.es\/en\/corporate\/loom-as-a-service\/#primaryimage\",\"url\":\"https:\/\/loom.es\/en\/wp-content\/uploads\/sites\/2\/2022\/03\/LE._0128-scaled.jpg\",\"contentUrl\":\"https:\/\/loom.es\/en\/wp-content\/uploads\/sites\/2\/2022\/03\/LE._0128-scaled.jpg\",\"width\":2560,\"height\":1707,\"caption\":\"dise\u00f1a tu propia oficina en los mejores coworking de Madrid y Barcelona\"},{\"@type\":\"BreadcrumbList\",\"@id\":\"https:\/\/loom.es\/en\/corporate\/loom-as-a-service\/#breadcrumb\",\"itemListElement\":[{\"@type\":\"ListItem\",\"position\":1,\"name\":\"Home\",\"item\":\"https:\/\/loom.es\/en\/\"},{\"@type\":\"ListItem\",\"position\":2,\"name\":\"Corporate\",\"item\":\"https:\/\/loom.es\/en\/corporate\/\"},{\"@type\":\"ListItem\",\"position\":3,\"name\":\"LOOM as a service\"}]},{\"@type\":\"WebSite\",\"@id\":\"https:\/\/loom.es\/en\/#website\",\"url\":\"https:\/\/loom.es\/en\/\",\"name\":\"LOOM (English)\",\"description\":\"Espacios de trabajo flexibles\",\"publisher\":{\"@id\":\"https:\/\/loom.es\/en\/#organization\"},\"potentialAction\":[{\"@type\":\"SearchAction\",\"target\":{\"@type\":\"EntryPoint\",\"urlTemplate\":\"https:\/\/loom.es\/en\/?s={search_term_string}\"},\"query-input\":{\"@type\":\"PropertyValueSpecification\",\"valueRequired\":true,\"valueName\":\"search_term_string\"}}],\"inLanguage\":\"en-US\"},{\"@type\":\"Organization\",\"@id\":\"https:\/\/loom.es\/en\/#organization\",\"name\":\"LOOM (English)\",\"url\":\"https:\/\/loom.es\/en\/\",\"logo\":{\"@type\":\"ImageObject\",\"inLanguage\":\"en-US\",\"@id\":\"https:\/\/loom.es\/en\/#\/schema\/logo\/image\/\",\"url\":\"https:\/\/loom.es\/en\/wp-content\/uploads\/sites\/2\/2023\/02\/cropped-logo-loom-white.png\",\"contentUrl\":\"https:\/\/loom.es\/en\/wp-content\/uploads\/sites\/2\/2023\/02\/cropped-logo-loom-white.png\",\"width\":500,\"height\":105,\"caption\":\"LOOM (English)\"},\"image\":{\"@id\":\"https:\/\/loom.es\/en\/#\/schema\/logo\/image\/\"}}]}<\/script>\n<!-- \/ Yoast SEO plugin. -->","yoast_head_json":{"title":"Dise\u00f1a tu espacio de trabajo para tu empresa | LOOM","description":"Dise\u00f1o de espacio como servicio, con LOOM as a Service podr\u00e1s dise\u00f1ar la oficina de tus sue\u00f1os junto a nuestro equipo de arquitectos, interioristas y decoradores, , totalmente a medida, llave en mano e integrada con la \u00faltima tecnolog\u00eda.","robots":{"index":"index","follow":"follow","max-snippet":"max-snippet:-1","max-image-preview":"max-image-preview:large","max-video-preview":"max-video-preview:-1"},"canonical":"https:\/\/loom.es\/en\/corporate\/loom-as-a-service\/","og_locale":"en_US","og_type":"article","og_title":"Dise\u00f1a tu espacio de trabajo para tu empresa | LOOM","og_description":"Dise\u00f1o de espacio como servicio, con LOOM as a Service podr\u00e1s dise\u00f1ar la oficina de tus sue\u00f1os junto a nuestro equipo de arquitectos, interioristas y decoradores, , totalmente a medida, llave en mano e integrada con la \u00faltima tecnolog\u00eda.","og_url":"https:\/\/loom.es\/en\/corporate\/loom-as-a-service\/","og_site_name":"LOOM (English)","article_modified_time":"2023-07-26T15:53:16+00:00","og_image":[{"width":2560,"height":1707,"url":"https:\/\/loom.es\/en\/wp-content\/uploads\/sites\/2\/2022\/03\/LE._0128-scaled.jpg","type":"image\/jpeg"}],"twitter_card":"summary_large_image","twitter_misc":{"Est. reading time":"1 minute"},"schema":{"@context":"https:\/\/schema.org","@graph":[{"@type":"WebPage","@id":"https:\/\/loom.es\/en\/corporate\/loom-as-a-service\/","url":"https:\/\/loom.es\/en\/corporate\/loom-as-a-service\/","name":"Dise\u00f1a tu espacio de trabajo para tu empresa | LOOM","isPartOf":{"@id":"https:\/\/loom.es\/en\/#website"},"primaryImageOfPage":{"@id":"https:\/\/loom.es\/en\/corporate\/loom-as-a-service\/#primaryimage"},"image":{"@id":"https:\/\/loom.es\/en\/corporate\/loom-as-a-service\/#primaryimage"},"thumbnailUrl":"https:\/\/loom.es\/en\/wp-content\/uploads\/sites\/2\/2022\/03\/LE._0128-scaled.jpg","datePublished":"2022-03-22T12:54:44+00:00","dateModified":"2023-07-26T15:53:16+00:00","description":"Dise\u00f1o de espacio como servicio, con LOOM as a Service podr\u00e1s dise\u00f1ar la oficina de tus sue\u00f1os junto a nuestro equipo de arquitectos, interioristas y decoradores, , totalmente a medida, llave en mano e integrada con la \u00faltima tecnolog\u00eda.","breadcrumb":{"@id":"https:\/\/loom.es\/en\/corporate\/loom-as-a-service\/#breadcrumb"},"inLanguage":"en-US","potentialAction":[{"@type":"ReadAction","target":["https:\/\/loom.es\/en\/corporate\/loom-as-a-service\/"]}]},{"@type":"ImageObject","inLanguage":"en-US","@id":"https:\/\/loom.es\/en\/corporate\/loom-as-a-service\/#primaryimage","url":"https:\/\/loom.es\/en\/wp-content\/uploads\/sites\/2\/2022\/03\/LE._0128-scaled.jpg","contentUrl":"https:\/\/loom.es\/en\/wp-content\/uploads\/sites\/2\/2022\/03\/LE._0128-scaled.jpg","width":2560,"height":1707,"caption":"dise\u00f1a tu propia oficina en los mejores coworking de Madrid y Barcelona"},{"@type":"BreadcrumbList","@id":"https:\/\/loom.es\/en\/corporate\/loom-as-a-service\/#breadcrumb","itemListElement":[{"@type":"ListItem","position":1,"name":"Home","item":"https:\/\/loom.es\/en\/"},{"@type":"ListItem","position":2,"name":"Corporate","item":"https:\/\/loom.es\/en\/corporate\/"},{"@type":"ListItem","position":3,"name":"LOOM as a service"}]},{"@type":"WebSite","@id":"https:\/\/loom.es\/en\/#website","url":"https:\/\/loom.es\/en\/","name":"LOOM (English)","description":"Espacios de trabajo flexibles","publisher":{"@id":"https:\/\/loom.es\/en\/#organization"},"potentialAction":[{"@type":"SearchAction","target":{"@type":"EntryPoint","urlTemplate":"https:\/\/loom.es\/en\/?s={search_term_string}"},"query-input":{"@type":"PropertyValueSpecification","valueRequired":true,"valueName":"search_term_string"}}],"inLanguage":"en-US"},{"@type":"Organization","@id":"https:\/\/loom.es\/en\/#organization","name":"LOOM (English)","url":"https:\/\/loom.es\/en\/","logo":{"@type":"ImageObject","inLanguage":"en-US","@id":"https:\/\/loom.es\/en\/#\/schema\/logo\/image\/","url":"https:\/\/loom.es\/en\/wp-content\/uploads\/sites\/2\/2023\/02\/cropped-logo-loom-white.png","contentUrl":"https:\/\/loom.es\/en\/wp-content\/uploads\/sites\/2\/2023\/02\/cropped-logo-loom-white.png","width":500,"height":105,"caption":"LOOM (English)"},"image":{"@id":"https:\/\/loom.es\/en\/#\/schema\/logo\/image\/"}}]}},"_links":{"self":[{"href":"https:\/\/loom.es\/en\/wp-json\/wp\/v2\/pages\/10333"}],"collection":[{"href":"https:\/\/loom.es\/en\/wp-json\/wp\/v2\/pages"}],"about":[{"href":"https:\/\/loom.es\/en\/wp-json\/wp\/v2\/types\/page"}],"author":[{"embeddable":true,"href":"https:\/\/loom.es\/en\/wp-json\/wp\/v2\/users\/4"}],"replies":[{"embeddable":true,"href":"https:\/\/loom.es\/en\/wp-json\/wp\/v2\/comments?post=10333"}],"version-history":[{"count":0,"href":"https:\/\/loom.es\/en\/wp-json\/wp\/v2\/pages\/10333\/revisions"}],"up":[{"embeddable":true,"href":"https:\/\/loom.es\/en\/wp-json\/wp\/v2\/pages\/11424"}],"wp:featuredmedia":[{"embeddable":true,"href":"https:\/\/loom.es\/en\/wp-json\/wp\/v2\/media\/10469"}],"wp:attachment":[{"href":"https:\/\/loom.es\/en\/wp-json\/wp\/v2\/media?parent=10333"}],"wp:term":[{"taxonomy":"category","embeddable":true,"href":"https:\/\/loom.es\/en\/wp-json\/wp\/v2\/categories?post=10333"}],"curies":[{"name":"wp","href":"https:\/\/api.w.org\/{rel}","templated":true}]}}