



{"id":11651,"date":"2022-06-01T16:26:47","date_gmt":"2022-06-01T16:26:47","guid":{"rendered":"https:\/\/loom.es\/?page_id=11651"},"modified":"2023-07-06T15:29:39","modified_gmt":"2023-07-06T15:29:39","slug":"whitepaper-modelos-hibridos","status":"publish","type":"page","link":"https:\/\/loom.es\/en\/corporate\/whitepaper-modelos-hibridos\/","title":{"rendered":"Whitepaper"},"content":{"rendered":"","protected":false},"excerpt":{"rendered":"","protected":false},"author":1,"featured_media":11719,"parent":11424,"menu_order":2,"comment_status":"closed","ping_status":"closed","template":"","meta":{"footnotes":""},"categories":[],"class_list":["post-11651","page","type-page","status-publish","has-post-thumbnail","hentry"],"acf":[],"yoast_head":"<!-- This site is optimized with the Yoast SEO plugin v25.1 - https:\/\/yoast.com\/wordpress\/plugins\/seo\/ -->\n<title>Whitepaper - LOOM (English)<\/title>\n<meta name=\"description\" content=\"Descubre en este whitepaper c\u00f3mo grandes compa\u00f1\u00edas han implementado modelos de trabajo basados en espacios flexibles, tecnolog\u00eda y experiencia, mejorando su productividad y el bienestar de sus equipos.\" \/>\n<meta name=\"robots\" content=\"index, follow, max-snippet:-1, max-image-preview:large, max-video-preview:-1\" \/>\n<link rel=\"canonical\" href=\"https:\/\/loom.es\/en\/corporate\/whitepaper-modelos-hibridos\/\" \/>\n<meta property=\"og:locale\" content=\"en_US\" \/>\n<meta property=\"og:type\" content=\"article\" \/>\n<meta property=\"og:title\" content=\"Whitepaper - LOOM (English)\" \/>\n<meta property=\"og:description\" content=\"Descubre en este whitepaper c\u00f3mo grandes compa\u00f1\u00edas han implementado modelos de trabajo basados en espacios flexibles, tecnolog\u00eda y experiencia, mejorando su productividad y el bienestar de sus equipos.\" \/>\n<meta property=\"og:url\" content=\"https:\/\/loom.es\/en\/corporate\/whitepaper-modelos-hibridos\/\" \/>\n<meta property=\"og:site_name\" content=\"LOOM (English)\" \/>\n<meta property=\"article:modified_time\" content=\"2023-07-06T15:29:39+00:00\" \/>\n<meta property=\"og:image\" content=\"https:\/\/loom.es\/en\/wp-content\/uploads\/sites\/2\/2022\/06\/whitepaper_5.6_portada-linkedin.jpg\" \/>\n\t<meta property=\"og:image:width\" content=\"1920\" \/>\n\t<meta property=\"og:image:height\" content=\"1080\" \/>\n\t<meta property=\"og:image:type\" content=\"image\/jpeg\" \/>\n<meta name=\"twitter:card\" content=\"summary_large_image\" \/>\n<script type=\"application\/ld+json\" class=\"yoast-schema-graph\">{\"@context\":\"https:\/\/schema.org\",\"@graph\":[{\"@type\":\"WebPage\",\"@id\":\"https:\/\/loom.es\/en\/corporate\/whitepaper-modelos-hibridos\/\",\"url\":\"https:\/\/loom.es\/en\/corporate\/whitepaper-modelos-hibridos\/\",\"name\":\"Whitepaper - LOOM (English)\",\"isPartOf\":{\"@id\":\"https:\/\/loom.es\/en\/#website\"},\"primaryImageOfPage\":{\"@id\":\"https:\/\/loom.es\/en\/corporate\/whitepaper-modelos-hibridos\/#primaryimage\"},\"image\":{\"@id\":\"https:\/\/loom.es\/en\/corporate\/whitepaper-modelos-hibridos\/#primaryimage\"},\"thumbnailUrl\":\"https:\/\/loom.es\/en\/wp-content\/uploads\/sites\/2\/2022\/06\/whitepaper_5.6_portada-linkedin.jpg\",\"datePublished\":\"2022-06-01T16:26:47+00:00\",\"dateModified\":\"2023-07-06T15:29:39+00:00\",\"description\":\"Descubre en este whitepaper c\u00f3mo grandes compa\u00f1\u00edas han implementado modelos de trabajo basados en espacios flexibles, tecnolog\u00eda y experiencia, mejorando su productividad y el bienestar de sus equipos.\",\"breadcrumb\":{\"@id\":\"https:\/\/loom.es\/en\/corporate\/whitepaper-modelos-hibridos\/#breadcrumb\"},\"inLanguage\":\"en-US\",\"potentialAction\":[{\"@type\":\"ReadAction\",\"target\":[\"https:\/\/loom.es\/en\/corporate\/whitepaper-modelos-hibridos\/\"]}]},{\"@type\":\"ImageObject\",\"inLanguage\":\"en-US\",\"@id\":\"https:\/\/loom.es\/en\/corporate\/whitepaper-modelos-hibridos\/#primaryimage\",\"url\":\"https:\/\/loom.es\/en\/wp-content\/uploads\/sites\/2\/2022\/06\/whitepaper_5.6_portada-linkedin.jpg\",\"contentUrl\":\"https:\/\/loom.es\/en\/wp-content\/uploads\/sites\/2\/2022\/06\/whitepaper_5.6_portada-linkedin.jpg\",\"width\":1920,\"height\":1080},{\"@type\":\"BreadcrumbList\",\"@id\":\"https:\/\/loom.es\/en\/corporate\/whitepaper-modelos-hibridos\/#breadcrumb\",\"itemListElement\":[{\"@type\":\"ListItem\",\"position\":1,\"name\":\"Home\",\"item\":\"https:\/\/loom.es\/en\/\"},{\"@type\":\"ListItem\",\"position\":2,\"name\":\"Corporate\",\"item\":\"https:\/\/loom.es\/en\/corporate\/\"},{\"@type\":\"ListItem\",\"position\":3,\"name\":\"Whitepaper\"}]},{\"@type\":\"WebSite\",\"@id\":\"https:\/\/loom.es\/en\/#website\",\"url\":\"https:\/\/loom.es\/en\/\",\"name\":\"LOOM (English)\",\"description\":\"Espacios de trabajo flexibles\",\"publisher\":{\"@id\":\"https:\/\/loom.es\/en\/#organization\"},\"potentialAction\":[{\"@type\":\"SearchAction\",\"target\":{\"@type\":\"EntryPoint\",\"urlTemplate\":\"https:\/\/loom.es\/en\/?s={search_term_string}\"},\"query-input\":{\"@type\":\"PropertyValueSpecification\",\"valueRequired\":true,\"valueName\":\"search_term_string\"}}],\"inLanguage\":\"en-US\"},{\"@type\":\"Organization\",\"@id\":\"https:\/\/loom.es\/en\/#organization\",\"name\":\"LOOM (English)\",\"url\":\"https:\/\/loom.es\/en\/\",\"logo\":{\"@type\":\"ImageObject\",\"inLanguage\":\"en-US\",\"@id\":\"https:\/\/loom.es\/en\/#\/schema\/logo\/image\/\",\"url\":\"https:\/\/loom.es\/en\/wp-content\/uploads\/sites\/2\/2023\/02\/cropped-logo-loom-white.png\",\"contentUrl\":\"https:\/\/loom.es\/en\/wp-content\/uploads\/sites\/2\/2023\/02\/cropped-logo-loom-white.png\",\"width\":500,\"height\":105,\"caption\":\"LOOM (English)\"},\"image\":{\"@id\":\"https:\/\/loom.es\/en\/#\/schema\/logo\/image\/\"}}]}<\/script>\n<!-- \/ Yoast SEO plugin. -->","yoast_head_json":{"title":"Whitepaper - LOOM (English)","description":"Descubre en este whitepaper c\u00f3mo grandes compa\u00f1\u00edas han implementado modelos de trabajo basados en espacios flexibles, tecnolog\u00eda y experiencia, mejorando su productividad y el bienestar de sus equipos.","robots":{"index":"index","follow":"follow","max-snippet":"max-snippet:-1","max-image-preview":"max-image-preview:large","max-video-preview":"max-video-preview:-1"},"canonical":"https:\/\/loom.es\/en\/corporate\/whitepaper-modelos-hibridos\/","og_locale":"en_US","og_type":"article","og_title":"Whitepaper - LOOM (English)","og_description":"Descubre en este whitepaper c\u00f3mo grandes compa\u00f1\u00edas han implementado modelos de trabajo basados en espacios flexibles, tecnolog\u00eda y experiencia, mejorando su productividad y el bienestar de sus equipos.","og_url":"https:\/\/loom.es\/en\/corporate\/whitepaper-modelos-hibridos\/","og_site_name":"LOOM (English)","article_modified_time":"2023-07-06T15:29:39+00:00","og_image":[{"width":1920,"height":1080,"url":"https:\/\/loom.es\/en\/wp-content\/uploads\/sites\/2\/2022\/06\/whitepaper_5.6_portada-linkedin.jpg","type":"image\/jpeg"}],"twitter_card":"summary_large_image","schema":{"@context":"https:\/\/schema.org","@graph":[{"@type":"WebPage","@id":"https:\/\/loom.es\/en\/corporate\/whitepaper-modelos-hibridos\/","url":"https:\/\/loom.es\/en\/corporate\/whitepaper-modelos-hibridos\/","name":"Whitepaper - LOOM (English)","isPartOf":{"@id":"https:\/\/loom.es\/en\/#website"},"primaryImageOfPage":{"@id":"https:\/\/loom.es\/en\/corporate\/whitepaper-modelos-hibridos\/#primaryimage"},"image":{"@id":"https:\/\/loom.es\/en\/corporate\/whitepaper-modelos-hibridos\/#primaryimage"},"thumbnailUrl":"https:\/\/loom.es\/en\/wp-content\/uploads\/sites\/2\/2022\/06\/whitepaper_5.6_portada-linkedin.jpg","datePublished":"2022-06-01T16:26:47+00:00","dateModified":"2023-07-06T15:29:39+00:00","description":"Descubre en este whitepaper c\u00f3mo grandes compa\u00f1\u00edas han implementado modelos de trabajo basados en espacios flexibles, tecnolog\u00eda y experiencia, mejorando su productividad y el bienestar de sus equipos.","breadcrumb":{"@id":"https:\/\/loom.es\/en\/corporate\/whitepaper-modelos-hibridos\/#breadcrumb"},"inLanguage":"en-US","potentialAction":[{"@type":"ReadAction","target":["https:\/\/loom.es\/en\/corporate\/whitepaper-modelos-hibridos\/"]}]},{"@type":"ImageObject","inLanguage":"en-US","@id":"https:\/\/loom.es\/en\/corporate\/whitepaper-modelos-hibridos\/#primaryimage","url":"https:\/\/loom.es\/en\/wp-content\/uploads\/sites\/2\/2022\/06\/whitepaper_5.6_portada-linkedin.jpg","contentUrl":"https:\/\/loom.es\/en\/wp-content\/uploads\/sites\/2\/2022\/06\/whitepaper_5.6_portada-linkedin.jpg","width":1920,"height":1080},{"@type":"BreadcrumbList","@id":"https:\/\/loom.es\/en\/corporate\/whitepaper-modelos-hibridos\/#breadcrumb","itemListElement":[{"@type":"ListItem","position":1,"name":"Home","item":"https:\/\/loom.es\/en\/"},{"@type":"ListItem","position":2,"name":"Corporate","item":"https:\/\/loom.es\/en\/corporate\/"},{"@type":"ListItem","position":3,"name":"Whitepaper"}]},{"@type":"WebSite","@id":"https:\/\/loom.es\/en\/#website","url":"https:\/\/loom.es\/en\/","name":"LOOM (English)","description":"Espacios de trabajo flexibles","publisher":{"@id":"https:\/\/loom.es\/en\/#organization"},"potentialAction":[{"@type":"SearchAction","target":{"@type":"EntryPoint","urlTemplate":"https:\/\/loom.es\/en\/?s={search_term_string}"},"query-input":{"@type":"PropertyValueSpecification","valueRequired":true,"valueName":"search_term_string"}}],"inLanguage":"en-US"},{"@type":"Organization","@id":"https:\/\/loom.es\/en\/#organization","name":"LOOM (English)","url":"https:\/\/loom.es\/en\/","logo":{"@type":"ImageObject","inLanguage":"en-US","@id":"https:\/\/loom.es\/en\/#\/schema\/logo\/image\/","url":"https:\/\/loom.es\/en\/wp-content\/uploads\/sites\/2\/2023\/02\/cropped-logo-loom-white.png","contentUrl":"https:\/\/loom.es\/en\/wp-content\/uploads\/sites\/2\/2023\/02\/cropped-logo-loom-white.png","width":500,"height":105,"caption":"LOOM (English)"},"image":{"@id":"https:\/\/loom.es\/en\/#\/schema\/logo\/image\/"}}]}},"_links":{"self":[{"href":"https:\/\/loom.es\/en\/wp-json\/wp\/v2\/pages\/11651"}],"collection":[{"href":"https:\/\/loom.es\/en\/wp-json\/wp\/v2\/pages"}],"about":[{"href":"https:\/\/loom.es\/en\/wp-json\/wp\/v2\/types\/page"}],"author":[{"embeddable":true,"href":"https:\/\/loom.es\/en\/wp-json\/wp\/v2\/users\/1"}],"replies":[{"embeddable":true,"href":"https:\/\/loom.es\/en\/wp-json\/wp\/v2\/comments?post=11651"}],"version-history":[{"count":0,"href":"https:\/\/loom.es\/en\/wp-json\/wp\/v2\/pages\/11651\/revisions"}],"up":[{"embeddable":true,"href":"https:\/\/loom.es\/en\/wp-json\/wp\/v2\/pages\/11424"}],"wp:featuredmedia":[{"embeddable":true,"href":"https:\/\/loom.es\/en\/wp-json\/wp\/v2\/media\/11719"}],"wp:attachment":[{"href":"https:\/\/loom.es\/en\/wp-json\/wp\/v2\/media?parent=11651"}],"wp:term":[{"taxonomy":"category","embeddable":true,"href":"https:\/\/loom.es\/en\/wp-json\/wp\/v2\/categories?post=11651"}],"curies":[{"name":"wp","href":"https:\/\/api.w.org\/{rel}","templated":true}]}}