



{"id":1754,"date":"2022-01-06T18:51:10","date_gmt":"2022-01-06T18:51:10","guid":{"rendered":"https:\/\/loom.es\/?page_id=1754"},"modified":"2024-06-11T07:24:24","modified_gmt":"2024-06-11T07:24:24","slug":"sala-amarillo-de-napoles","status":"publish","type":"page","link":"https:\/\/loom.es\/en\/plans\/meeting-rooms\/madrid\/loom-tapices\/sala-amarillo-de-napoles\/","title":{"rendered":"Amarillo N\u00e1poles meeting room"},"content":{"rendered":"","protected":false},"excerpt":{"rendered":"","protected":false},"author":1,"featured_media":17147,"parent":1710,"menu_order":4,"comment_status":"closed","ping_status":"closed","template":"template-detalle-sala.php","meta":{"footnotes":""},"categories":[53],"class_list":["post-1754","page","type-page","status-publish","has-post-thumbnail","hentry","category-salas-loom-tapices"],"acf":[],"yoast_head":"<!-- This site is optimized with the Yoast SEO plugin v25.1 - https:\/\/yoast.com\/wordpress\/plugins\/seo\/ -->\n<title>Alquiler sala de reuniones en Madrid - Amarillo N\u00e1poles meeting room - LOOM Tapices<\/title>\n<meta name=\"description\" content=\"Alquiler de sala de reuniones en Madrid. Reserva tu sala de reuniones en LOOM Tapices, para charlas, conferencias y eventos. La Amarillo N\u00e1poles meeting room est\u00e1 completamente equipadas con las ultimas tecnolog\u00edas.\" \/>\n<meta name=\"robots\" content=\"index, follow, max-snippet:-1, max-image-preview:large, max-video-preview:-1\" \/>\n<link rel=\"canonical\" href=\"https:\/\/loom.es\/en\/plans\/meeting-rooms\/madrid\/loom-tapices\/sala-amarillo-de-napoles\/\" \/>\n<meta property=\"og:locale\" content=\"en_US\" \/>\n<meta property=\"og:type\" content=\"article\" \/>\n<meta property=\"og:title\" content=\"Alquiler sala de reuniones en Madrid - Amarillo N\u00e1poles meeting room - LOOM Tapices\" \/>\n<meta property=\"og:description\" content=\"Alquiler de sala de reuniones en Madrid. Reserva tu sala de reuniones en LOOM Tapices, para charlas, conferencias y eventos. La Amarillo N\u00e1poles meeting room est\u00e1 completamente equipadas con las ultimas tecnolog\u00edas.\" \/>\n<meta property=\"og:url\" content=\"https:\/\/loom.es\/en\/plans\/meeting-rooms\/madrid\/loom-tapices\/sala-amarillo-de-napoles\/\" \/>\n<meta property=\"og:site_name\" content=\"LOOM (English)\" \/>\n<meta property=\"article:modified_time\" content=\"2024-06-11T07:24:24+00:00\" \/>\n<meta property=\"og:image\" content=\"https:\/\/loom.es\/en\/wp-content\/uploads\/sites\/2\/2022\/07\/Diseno-sin-titulo-2022-07-06T161412.510.png\" \/>\n\t<meta property=\"og:image:width\" content=\"1080\" \/>\n\t<meta property=\"og:image:height\" content=\"1080\" \/>\n\t<meta property=\"og:image:type\" content=\"image\/png\" \/>\n<meta name=\"twitter:card\" content=\"summary_large_image\" \/>\n<meta name=\"twitter:label1\" content=\"Est. reading time\" \/>\n\t<meta name=\"twitter:data1\" content=\"1 minute\" \/>\n<script type=\"application\/ld+json\" class=\"yoast-schema-graph\">{\"@context\":\"https:\/\/schema.org\",\"@graph\":[{\"@type\":\"WebPage\",\"@id\":\"https:\/\/loom.es\/en\/plans\/meeting-rooms\/madrid\/loom-tapices\/sala-amarillo-de-napoles\/\",\"url\":\"https:\/\/loom.es\/en\/plans\/meeting-rooms\/madrid\/loom-tapices\/sala-amarillo-de-napoles\/\",\"name\":\"Alquiler sala de reuniones en Madrid - Amarillo N\u00e1poles meeting room - LOOM Tapices\",\"isPartOf\":{\"@id\":\"https:\/\/loom.es\/en\/#website\"},\"primaryImageOfPage\":{\"@id\":\"https:\/\/loom.es\/en\/plans\/meeting-rooms\/madrid\/loom-tapices\/sala-amarillo-de-napoles\/#primaryimage\"},\"image\":{\"@id\":\"https:\/\/loom.es\/en\/plans\/meeting-rooms\/madrid\/loom-tapices\/sala-amarillo-de-napoles\/#primaryimage\"},\"thumbnailUrl\":\"https:\/\/loom.es\/en\/wp-content\/uploads\/sites\/2\/2022\/07\/Diseno-sin-titulo-2022-07-06T161412.510.png\",\"datePublished\":\"2022-01-06T18:51:10+00:00\",\"dateModified\":\"2024-06-11T07:24:24+00:00\",\"description\":\"Alquiler de sala de reuniones en Madrid. Reserva tu sala de reuniones en LOOM Tapices, para charlas, conferencias y eventos. La Amarillo N\u00e1poles meeting room est\u00e1 completamente equipadas con las ultimas tecnolog\u00edas.\",\"breadcrumb\":{\"@id\":\"https:\/\/loom.es\/en\/plans\/meeting-rooms\/madrid\/loom-tapices\/sala-amarillo-de-napoles\/#breadcrumb\"},\"inLanguage\":\"en-US\",\"potentialAction\":[{\"@type\":\"ReadAction\",\"target\":[\"https:\/\/loom.es\/en\/plans\/meeting-rooms\/madrid\/loom-tapices\/sala-amarillo-de-napoles\/\"]}]},{\"@type\":\"ImageObject\",\"inLanguage\":\"en-US\",\"@id\":\"https:\/\/loom.es\/en\/plans\/meeting-rooms\/madrid\/loom-tapices\/sala-amarillo-de-napoles\/#primaryimage\",\"url\":\"https:\/\/loom.es\/en\/wp-content\/uploads\/sites\/2\/2022\/07\/Diseno-sin-titulo-2022-07-06T161412.510.png\",\"contentUrl\":\"https:\/\/loom.es\/en\/wp-content\/uploads\/sites\/2\/2022\/07\/Diseno-sin-titulo-2022-07-06T161412.510.png\",\"width\":1080,\"height\":1080,\"caption\":\"Alquiler de sala de reuniones Atocha (Madrid) en LOOM Tapices - Sala Amarillo N\u00e1poles\"},{\"@type\":\"BreadcrumbList\",\"@id\":\"https:\/\/loom.es\/en\/plans\/meeting-rooms\/madrid\/loom-tapices\/sala-amarillo-de-napoles\/#breadcrumb\",\"itemListElement\":[{\"@type\":\"ListItem\",\"position\":1,\"name\":\"Home\",\"item\":\"https:\/\/loom.es\/en\/\"},{\"@type\":\"ListItem\",\"position\":2,\"name\":\"OUR PLANS &#038; PRODUCTS\",\"item\":\"https:\/\/loom.es\/en\/plans\/\"},{\"@type\":\"ListItem\",\"position\":3,\"name\":\"MEETING ROOMS\",\"item\":\"https:\/\/loom.es\/en\/plans\/meeting-rooms\/\"},{\"@type\":\"ListItem\",\"position\":4,\"name\":\"MEETING ROOMS IN MADRID\",\"item\":\"https:\/\/loom.es\/en\/plans\/meeting-rooms\/madrid\/\"},{\"@type\":\"ListItem\",\"position\":5,\"name\":\"LOOM Tapices\",\"item\":\"https:\/\/loom.es\/en\/plans\/meeting-rooms\/madrid\/loom-tapices\/\"},{\"@type\":\"ListItem\",\"position\":6,\"name\":\"Amarillo N\u00e1poles meeting room\"}]},{\"@type\":\"WebSite\",\"@id\":\"https:\/\/loom.es\/en\/#website\",\"url\":\"https:\/\/loom.es\/en\/\",\"name\":\"LOOM (English)\",\"description\":\"Espacios de trabajo flexibles\",\"publisher\":{\"@id\":\"https:\/\/loom.es\/en\/#organization\"},\"potentialAction\":[{\"@type\":\"SearchAction\",\"target\":{\"@type\":\"EntryPoint\",\"urlTemplate\":\"https:\/\/loom.es\/en\/?s={search_term_string}\"},\"query-input\":{\"@type\":\"PropertyValueSpecification\",\"valueRequired\":true,\"valueName\":\"search_term_string\"}}],\"inLanguage\":\"en-US\"},{\"@type\":\"Organization\",\"@id\":\"https:\/\/loom.es\/en\/#organization\",\"name\":\"LOOM (English)\",\"url\":\"https:\/\/loom.es\/en\/\",\"logo\":{\"@type\":\"ImageObject\",\"inLanguage\":\"en-US\",\"@id\":\"https:\/\/loom.es\/en\/#\/schema\/logo\/image\/\",\"url\":\"https:\/\/loom.es\/en\/wp-content\/uploads\/sites\/2\/2023\/02\/cropped-logo-loom-white.png\",\"contentUrl\":\"https:\/\/loom.es\/en\/wp-content\/uploads\/sites\/2\/2023\/02\/cropped-logo-loom-white.png\",\"width\":500,\"height\":105,\"caption\":\"LOOM (English)\"},\"image\":{\"@id\":\"https:\/\/loom.es\/en\/#\/schema\/logo\/image\/\"}}]}<\/script>\n<!-- \/ Yoast SEO plugin. -->","yoast_head_json":{"title":"Alquiler sala de reuniones en Madrid - Amarillo N\u00e1poles meeting room - LOOM Tapices","description":"Alquiler de sala de reuniones en Madrid. Reserva tu sala de reuniones en LOOM Tapices, para charlas, conferencias y eventos. La Amarillo N\u00e1poles meeting room est\u00e1 completamente equipadas con las ultimas tecnolog\u00edas.","robots":{"index":"index","follow":"follow","max-snippet":"max-snippet:-1","max-image-preview":"max-image-preview:large","max-video-preview":"max-video-preview:-1"},"canonical":"https:\/\/loom.es\/en\/plans\/meeting-rooms\/madrid\/loom-tapices\/sala-amarillo-de-napoles\/","og_locale":"en_US","og_type":"article","og_title":"Alquiler sala de reuniones en Madrid - Amarillo N\u00e1poles meeting room - LOOM Tapices","og_description":"Alquiler de sala de reuniones en Madrid. Reserva tu sala de reuniones en LOOM Tapices, para charlas, conferencias y eventos. La Amarillo N\u00e1poles meeting room est\u00e1 completamente equipadas con las ultimas tecnolog\u00edas.","og_url":"https:\/\/loom.es\/en\/plans\/meeting-rooms\/madrid\/loom-tapices\/sala-amarillo-de-napoles\/","og_site_name":"LOOM (English)","article_modified_time":"2024-06-11T07:24:24+00:00","og_image":[{"width":1080,"height":1080,"url":"https:\/\/loom.es\/en\/wp-content\/uploads\/sites\/2\/2022\/07\/Diseno-sin-titulo-2022-07-06T161412.510.png","type":"image\/png"}],"twitter_card":"summary_large_image","twitter_misc":{"Est. reading time":"1 minute"},"schema":{"@context":"https:\/\/schema.org","@graph":[{"@type":"WebPage","@id":"https:\/\/loom.es\/en\/plans\/meeting-rooms\/madrid\/loom-tapices\/sala-amarillo-de-napoles\/","url":"https:\/\/loom.es\/en\/plans\/meeting-rooms\/madrid\/loom-tapices\/sala-amarillo-de-napoles\/","name":"Alquiler sala de reuniones en Madrid - Amarillo N\u00e1poles meeting room - LOOM Tapices","isPartOf":{"@id":"https:\/\/loom.es\/en\/#website"},"primaryImageOfPage":{"@id":"https:\/\/loom.es\/en\/plans\/meeting-rooms\/madrid\/loom-tapices\/sala-amarillo-de-napoles\/#primaryimage"},"image":{"@id":"https:\/\/loom.es\/en\/plans\/meeting-rooms\/madrid\/loom-tapices\/sala-amarillo-de-napoles\/#primaryimage"},"thumbnailUrl":"https:\/\/loom.es\/en\/wp-content\/uploads\/sites\/2\/2022\/07\/Diseno-sin-titulo-2022-07-06T161412.510.png","datePublished":"2022-01-06T18:51:10+00:00","dateModified":"2024-06-11T07:24:24+00:00","description":"Alquiler de sala de reuniones en Madrid. Reserva tu sala de reuniones en LOOM Tapices, para charlas, conferencias y eventos. La Amarillo N\u00e1poles meeting room est\u00e1 completamente equipadas con las ultimas tecnolog\u00edas.","breadcrumb":{"@id":"https:\/\/loom.es\/en\/plans\/meeting-rooms\/madrid\/loom-tapices\/sala-amarillo-de-napoles\/#breadcrumb"},"inLanguage":"en-US","potentialAction":[{"@type":"ReadAction","target":["https:\/\/loom.es\/en\/plans\/meeting-rooms\/madrid\/loom-tapices\/sala-amarillo-de-napoles\/"]}]},{"@type":"ImageObject","inLanguage":"en-US","@id":"https:\/\/loom.es\/en\/plans\/meeting-rooms\/madrid\/loom-tapices\/sala-amarillo-de-napoles\/#primaryimage","url":"https:\/\/loom.es\/en\/wp-content\/uploads\/sites\/2\/2022\/07\/Diseno-sin-titulo-2022-07-06T161412.510.png","contentUrl":"https:\/\/loom.es\/en\/wp-content\/uploads\/sites\/2\/2022\/07\/Diseno-sin-titulo-2022-07-06T161412.510.png","width":1080,"height":1080,"caption":"Alquiler de sala de reuniones Atocha (Madrid) en LOOM Tapices - Sala Amarillo N\u00e1poles"},{"@type":"BreadcrumbList","@id":"https:\/\/loom.es\/en\/plans\/meeting-rooms\/madrid\/loom-tapices\/sala-amarillo-de-napoles\/#breadcrumb","itemListElement":[{"@type":"ListItem","position":1,"name":"Home","item":"https:\/\/loom.es\/en\/"},{"@type":"ListItem","position":2,"name":"OUR PLANS &#038; PRODUCTS","item":"https:\/\/loom.es\/en\/plans\/"},{"@type":"ListItem","position":3,"name":"MEETING ROOMS","item":"https:\/\/loom.es\/en\/plans\/meeting-rooms\/"},{"@type":"ListItem","position":4,"name":"MEETING ROOMS IN MADRID","item":"https:\/\/loom.es\/en\/plans\/meeting-rooms\/madrid\/"},{"@type":"ListItem","position":5,"name":"LOOM Tapices","item":"https:\/\/loom.es\/en\/plans\/meeting-rooms\/madrid\/loom-tapices\/"},{"@type":"ListItem","position":6,"name":"Amarillo N\u00e1poles meeting room"}]},{"@type":"WebSite","@id":"https:\/\/loom.es\/en\/#website","url":"https:\/\/loom.es\/en\/","name":"LOOM (English)","description":"Espacios de trabajo flexibles","publisher":{"@id":"https:\/\/loom.es\/en\/#organization"},"potentialAction":[{"@type":"SearchAction","target":{"@type":"EntryPoint","urlTemplate":"https:\/\/loom.es\/en\/?s={search_term_string}"},"query-input":{"@type":"PropertyValueSpecification","valueRequired":true,"valueName":"search_term_string"}}],"inLanguage":"en-US"},{"@type":"Organization","@id":"https:\/\/loom.es\/en\/#organization","name":"LOOM (English)","url":"https:\/\/loom.es\/en\/","logo":{"@type":"ImageObject","inLanguage":"en-US","@id":"https:\/\/loom.es\/en\/#\/schema\/logo\/image\/","url":"https:\/\/loom.es\/en\/wp-content\/uploads\/sites\/2\/2023\/02\/cropped-logo-loom-white.png","contentUrl":"https:\/\/loom.es\/en\/wp-content\/uploads\/sites\/2\/2023\/02\/cropped-logo-loom-white.png","width":500,"height":105,"caption":"LOOM (English)"},"image":{"@id":"https:\/\/loom.es\/en\/#\/schema\/logo\/image\/"}}]}},"_links":{"self":[{"href":"https:\/\/loom.es\/en\/wp-json\/wp\/v2\/pages\/1754"}],"collection":[{"href":"https:\/\/loom.es\/en\/wp-json\/wp\/v2\/pages"}],"about":[{"href":"https:\/\/loom.es\/en\/wp-json\/wp\/v2\/types\/page"}],"author":[{"embeddable":true,"href":"https:\/\/loom.es\/en\/wp-json\/wp\/v2\/users\/1"}],"replies":[{"embeddable":true,"href":"https:\/\/loom.es\/en\/wp-json\/wp\/v2\/comments?post=1754"}],"version-history":[{"count":1,"href":"https:\/\/loom.es\/en\/wp-json\/wp\/v2\/pages\/1754\/revisions"}],"predecessor-version":[{"id":36305,"href":"https:\/\/loom.es\/en\/wp-json\/wp\/v2\/pages\/1754\/revisions\/36305"}],"up":[{"embeddable":true,"href":"https:\/\/loom.es\/en\/wp-json\/wp\/v2\/pages\/1710"}],"wp:featuredmedia":[{"embeddable":true,"href":"https:\/\/loom.es\/en\/wp-json\/wp\/v2\/media\/17147"}],"wp:attachment":[{"href":"https:\/\/loom.es\/en\/wp-json\/wp\/v2\/media?parent=1754"}],"wp:term":[{"taxonomy":"category","embeddable":true,"href":"https:\/\/loom.es\/en\/wp-json\/wp\/v2\/categories?post=1754"}],"curies":[{"name":"wp","href":"https:\/\/api.w.org\/{rel}","templated":true}]}}