



{"id":1790,"date":"2022-01-06T19:33:01","date_gmt":"2022-01-06T19:33:01","guid":{"rendered":"https:\/\/loom.es\/?page_id=1790"},"modified":"2023-12-04T08:03:46","modified_gmt":"2023-12-04T08:03:46","slug":"sala-calima","status":"publish","type":"page","link":"https:\/\/loom.es\/en\/plans\/meeting-rooms\/madrid\/loom-chamartin\/sala-calima\/","title":{"rendered":"Calima meeting room"},"content":{"rendered":"","protected":false},"excerpt":{"rendered":"","protected":false},"author":1,"featured_media":21818,"parent":1768,"menu_order":4,"comment_status":"closed","ping_status":"closed","template":"template-detalle-sala.php","meta":{"footnotes":""},"categories":[46],"class_list":["post-1790","page","type-page","status-publish","has-post-thumbnail","hentry","category-salas-loom-chamartin"],"acf":[],"yoast_head":"<!-- This site is optimized with the Yoast SEO plugin v25.1 - https:\/\/yoast.com\/wordpress\/plugins\/seo\/ -->\n<title>Alquiler sala de reuniones en Madrid - Calima meeting room - LOOM Torre Chamart\u00edn<\/title>\n<meta name=\"description\" content=\"Alquiler de sala de reuniones en Madrid . Reserva tu sala de reuniones en LOOM Torre Chamart\u00edn. para charlas, conferencias y eventos. La Calima meeting room est\u00e1 completamente equipadas con las ultimas tecnolog\u00edas.\" \/>\n<meta name=\"robots\" content=\"index, follow, max-snippet:-1, max-image-preview:large, max-video-preview:-1\" \/>\n<link rel=\"canonical\" href=\"https:\/\/loom.es\/en\/plans\/meeting-rooms\/madrid\/loom-chamartin\/sala-calima\/\" \/>\n<meta property=\"og:locale\" content=\"en_US\" \/>\n<meta property=\"og:type\" content=\"article\" \/>\n<meta property=\"og:title\" content=\"Alquiler sala de reuniones en Madrid - Calima meeting room - LOOM Torre Chamart\u00edn\" \/>\n<meta property=\"og:description\" content=\"Alquiler de sala de reuniones en Madrid . Reserva tu sala de reuniones en LOOM Torre Chamart\u00edn. para charlas, conferencias y eventos. La Calima meeting room est\u00e1 completamente equipadas con las ultimas tecnolog\u00edas.\" \/>\n<meta property=\"og:url\" content=\"https:\/\/loom.es\/en\/plans\/meeting-rooms\/madrid\/loom-chamartin\/sala-calima\/\" \/>\n<meta property=\"og:site_name\" content=\"LOOM (English)\" \/>\n<meta property=\"article:modified_time\" content=\"2023-12-04T08:03:46+00:00\" \/>\n<meta property=\"og:image\" content=\"https:\/\/loom.es\/en\/wp-content\/uploads\/sites\/2\/2022\/09\/Nuevo-proyecto-62.png\" \/>\n\t<meta property=\"og:image:width\" content=\"750\" \/>\n\t<meta property=\"og:image:height\" content=\"750\" \/>\n\t<meta property=\"og:image:type\" content=\"image\/png\" \/>\n<meta name=\"twitter:card\" content=\"summary_large_image\" \/>\n<script type=\"application\/ld+json\" class=\"yoast-schema-graph\">{\"@context\":\"https:\/\/schema.org\",\"@graph\":[{\"@type\":\"WebPage\",\"@id\":\"https:\/\/loom.es\/en\/plans\/meeting-rooms\/madrid\/loom-chamartin\/sala-calima\/\",\"url\":\"https:\/\/loom.es\/en\/plans\/meeting-rooms\/madrid\/loom-chamartin\/sala-calima\/\",\"name\":\"Alquiler sala de reuniones en Madrid - Calima meeting room - LOOM Torre Chamart\u00edn\",\"isPartOf\":{\"@id\":\"https:\/\/loom.es\/en\/#website\"},\"primaryImageOfPage\":{\"@id\":\"https:\/\/loom.es\/en\/plans\/meeting-rooms\/madrid\/loom-chamartin\/sala-calima\/#primaryimage\"},\"image\":{\"@id\":\"https:\/\/loom.es\/en\/plans\/meeting-rooms\/madrid\/loom-chamartin\/sala-calima\/#primaryimage\"},\"thumbnailUrl\":\"https:\/\/loom.es\/en\/wp-content\/uploads\/sites\/2\/2022\/09\/Nuevo-proyecto-62.png\",\"datePublished\":\"2022-01-06T19:33:01+00:00\",\"dateModified\":\"2023-12-04T08:03:46+00:00\",\"description\":\"Alquiler de sala de reuniones en Madrid . Reserva tu sala de reuniones en LOOM Torre Chamart\u00edn. para charlas, conferencias y eventos. La Calima meeting room est\u00e1 completamente equipadas con las ultimas tecnolog\u00edas.\",\"breadcrumb\":{\"@id\":\"https:\/\/loom.es\/en\/plans\/meeting-rooms\/madrid\/loom-chamartin\/sala-calima\/#breadcrumb\"},\"inLanguage\":\"en-US\",\"potentialAction\":[{\"@type\":\"ReadAction\",\"target\":[\"https:\/\/loom.es\/en\/plans\/meeting-rooms\/madrid\/loom-chamartin\/sala-calima\/\"]}]},{\"@type\":\"ImageObject\",\"inLanguage\":\"en-US\",\"@id\":\"https:\/\/loom.es\/en\/plans\/meeting-rooms\/madrid\/loom-chamartin\/sala-calima\/#primaryimage\",\"url\":\"https:\/\/loom.es\/en\/wp-content\/uploads\/sites\/2\/2022\/09\/Nuevo-proyecto-62.png\",\"contentUrl\":\"https:\/\/loom.es\/en\/wp-content\/uploads\/sites\/2\/2022\/09\/Nuevo-proyecto-62.png\",\"width\":750,\"height\":750,\"caption\":\"la sala calima es una de las mejores salas de reuniones para alquilar en Madrid Norte\"},{\"@type\":\"BreadcrumbList\",\"@id\":\"https:\/\/loom.es\/en\/plans\/meeting-rooms\/madrid\/loom-chamartin\/sala-calima\/#breadcrumb\",\"itemListElement\":[{\"@type\":\"ListItem\",\"position\":1,\"name\":\"Home\",\"item\":\"https:\/\/loom.es\/en\/\"},{\"@type\":\"ListItem\",\"position\":2,\"name\":\"OUR PLANS &#038; PRODUCTS\",\"item\":\"https:\/\/loom.es\/en\/plans\/\"},{\"@type\":\"ListItem\",\"position\":3,\"name\":\"MEETING ROOMS\",\"item\":\"https:\/\/loom.es\/en\/plans\/meeting-rooms\/\"},{\"@type\":\"ListItem\",\"position\":4,\"name\":\"MEETING ROOMS IN MADRID\",\"item\":\"https:\/\/loom.es\/en\/plans\/meeting-rooms\/madrid\/\"},{\"@type\":\"ListItem\",\"position\":5,\"name\":\"LOOM Torre Chamart\u00edn\",\"item\":\"https:\/\/loom.es\/en\/plans\/meeting-rooms\/madrid\/loom-chamartin\/\"},{\"@type\":\"ListItem\",\"position\":6,\"name\":\"Calima meeting room\"}]},{\"@type\":\"WebSite\",\"@id\":\"https:\/\/loom.es\/en\/#website\",\"url\":\"https:\/\/loom.es\/en\/\",\"name\":\"LOOM (English)\",\"description\":\"Espacios de trabajo flexibles\",\"publisher\":{\"@id\":\"https:\/\/loom.es\/en\/#organization\"},\"potentialAction\":[{\"@type\":\"SearchAction\",\"target\":{\"@type\":\"EntryPoint\",\"urlTemplate\":\"https:\/\/loom.es\/en\/?s={search_term_string}\"},\"query-input\":{\"@type\":\"PropertyValueSpecification\",\"valueRequired\":true,\"valueName\":\"search_term_string\"}}],\"inLanguage\":\"en-US\"},{\"@type\":\"Organization\",\"@id\":\"https:\/\/loom.es\/en\/#organization\",\"name\":\"LOOM (English)\",\"url\":\"https:\/\/loom.es\/en\/\",\"logo\":{\"@type\":\"ImageObject\",\"inLanguage\":\"en-US\",\"@id\":\"https:\/\/loom.es\/en\/#\/schema\/logo\/image\/\",\"url\":\"https:\/\/loom.es\/en\/wp-content\/uploads\/sites\/2\/2023\/02\/cropped-logo-loom-white.png\",\"contentUrl\":\"https:\/\/loom.es\/en\/wp-content\/uploads\/sites\/2\/2023\/02\/cropped-logo-loom-white.png\",\"width\":500,\"height\":105,\"caption\":\"LOOM (English)\"},\"image\":{\"@id\":\"https:\/\/loom.es\/en\/#\/schema\/logo\/image\/\"}}]}<\/script>\n<!-- \/ Yoast SEO plugin. -->","yoast_head_json":{"title":"Alquiler sala de reuniones en Madrid - Calima meeting room - LOOM Torre Chamart\u00edn","description":"Alquiler de sala de reuniones en Madrid . Reserva tu sala de reuniones en LOOM Torre Chamart\u00edn. para charlas, conferencias y eventos. La Calima meeting room est\u00e1 completamente equipadas con las ultimas tecnolog\u00edas.","robots":{"index":"index","follow":"follow","max-snippet":"max-snippet:-1","max-image-preview":"max-image-preview:large","max-video-preview":"max-video-preview:-1"},"canonical":"https:\/\/loom.es\/en\/plans\/meeting-rooms\/madrid\/loom-chamartin\/sala-calima\/","og_locale":"en_US","og_type":"article","og_title":"Alquiler sala de reuniones en Madrid - Calima meeting room - LOOM Torre Chamart\u00edn","og_description":"Alquiler de sala de reuniones en Madrid . Reserva tu sala de reuniones en LOOM Torre Chamart\u00edn. para charlas, conferencias y eventos. La Calima meeting room est\u00e1 completamente equipadas con las ultimas tecnolog\u00edas.","og_url":"https:\/\/loom.es\/en\/plans\/meeting-rooms\/madrid\/loom-chamartin\/sala-calima\/","og_site_name":"LOOM (English)","article_modified_time":"2023-12-04T08:03:46+00:00","og_image":[{"width":750,"height":750,"url":"https:\/\/loom.es\/en\/wp-content\/uploads\/sites\/2\/2022\/09\/Nuevo-proyecto-62.png","type":"image\/png"}],"twitter_card":"summary_large_image","schema":{"@context":"https:\/\/schema.org","@graph":[{"@type":"WebPage","@id":"https:\/\/loom.es\/en\/plans\/meeting-rooms\/madrid\/loom-chamartin\/sala-calima\/","url":"https:\/\/loom.es\/en\/plans\/meeting-rooms\/madrid\/loom-chamartin\/sala-calima\/","name":"Alquiler sala de reuniones en Madrid - Calima meeting room - LOOM Torre Chamart\u00edn","isPartOf":{"@id":"https:\/\/loom.es\/en\/#website"},"primaryImageOfPage":{"@id":"https:\/\/loom.es\/en\/plans\/meeting-rooms\/madrid\/loom-chamartin\/sala-calima\/#primaryimage"},"image":{"@id":"https:\/\/loom.es\/en\/plans\/meeting-rooms\/madrid\/loom-chamartin\/sala-calima\/#primaryimage"},"thumbnailUrl":"https:\/\/loom.es\/en\/wp-content\/uploads\/sites\/2\/2022\/09\/Nuevo-proyecto-62.png","datePublished":"2022-01-06T19:33:01+00:00","dateModified":"2023-12-04T08:03:46+00:00","description":"Alquiler de sala de reuniones en Madrid . Reserva tu sala de reuniones en LOOM Torre Chamart\u00edn. para charlas, conferencias y eventos. La Calima meeting room est\u00e1 completamente equipadas con las ultimas tecnolog\u00edas.","breadcrumb":{"@id":"https:\/\/loom.es\/en\/plans\/meeting-rooms\/madrid\/loom-chamartin\/sala-calima\/#breadcrumb"},"inLanguage":"en-US","potentialAction":[{"@type":"ReadAction","target":["https:\/\/loom.es\/en\/plans\/meeting-rooms\/madrid\/loom-chamartin\/sala-calima\/"]}]},{"@type":"ImageObject","inLanguage":"en-US","@id":"https:\/\/loom.es\/en\/plans\/meeting-rooms\/madrid\/loom-chamartin\/sala-calima\/#primaryimage","url":"https:\/\/loom.es\/en\/wp-content\/uploads\/sites\/2\/2022\/09\/Nuevo-proyecto-62.png","contentUrl":"https:\/\/loom.es\/en\/wp-content\/uploads\/sites\/2\/2022\/09\/Nuevo-proyecto-62.png","width":750,"height":750,"caption":"la sala calima es una de las mejores salas de reuniones para alquilar en Madrid Norte"},{"@type":"BreadcrumbList","@id":"https:\/\/loom.es\/en\/plans\/meeting-rooms\/madrid\/loom-chamartin\/sala-calima\/#breadcrumb","itemListElement":[{"@type":"ListItem","position":1,"name":"Home","item":"https:\/\/loom.es\/en\/"},{"@type":"ListItem","position":2,"name":"OUR PLANS &#038; PRODUCTS","item":"https:\/\/loom.es\/en\/plans\/"},{"@type":"ListItem","position":3,"name":"MEETING ROOMS","item":"https:\/\/loom.es\/en\/plans\/meeting-rooms\/"},{"@type":"ListItem","position":4,"name":"MEETING ROOMS IN MADRID","item":"https:\/\/loom.es\/en\/plans\/meeting-rooms\/madrid\/"},{"@type":"ListItem","position":5,"name":"LOOM Torre Chamart\u00edn","item":"https:\/\/loom.es\/en\/plans\/meeting-rooms\/madrid\/loom-chamartin\/"},{"@type":"ListItem","position":6,"name":"Calima meeting room"}]},{"@type":"WebSite","@id":"https:\/\/loom.es\/en\/#website","url":"https:\/\/loom.es\/en\/","name":"LOOM (English)","description":"Espacios de trabajo flexibles","publisher":{"@id":"https:\/\/loom.es\/en\/#organization"},"potentialAction":[{"@type":"SearchAction","target":{"@type":"EntryPoint","urlTemplate":"https:\/\/loom.es\/en\/?s={search_term_string}"},"query-input":{"@type":"PropertyValueSpecification","valueRequired":true,"valueName":"search_term_string"}}],"inLanguage":"en-US"},{"@type":"Organization","@id":"https:\/\/loom.es\/en\/#organization","name":"LOOM (English)","url":"https:\/\/loom.es\/en\/","logo":{"@type":"ImageObject","inLanguage":"en-US","@id":"https:\/\/loom.es\/en\/#\/schema\/logo\/image\/","url":"https:\/\/loom.es\/en\/wp-content\/uploads\/sites\/2\/2023\/02\/cropped-logo-loom-white.png","contentUrl":"https:\/\/loom.es\/en\/wp-content\/uploads\/sites\/2\/2023\/02\/cropped-logo-loom-white.png","width":500,"height":105,"caption":"LOOM (English)"},"image":{"@id":"https:\/\/loom.es\/en\/#\/schema\/logo\/image\/"}}]}},"_links":{"self":[{"href":"https:\/\/loom.es\/en\/wp-json\/wp\/v2\/pages\/1790"}],"collection":[{"href":"https:\/\/loom.es\/en\/wp-json\/wp\/v2\/pages"}],"about":[{"href":"https:\/\/loom.es\/en\/wp-json\/wp\/v2\/types\/page"}],"author":[{"embeddable":true,"href":"https:\/\/loom.es\/en\/wp-json\/wp\/v2\/users\/1"}],"replies":[{"embeddable":true,"href":"https:\/\/loom.es\/en\/wp-json\/wp\/v2\/comments?post=1790"}],"version-history":[{"count":0,"href":"https:\/\/loom.es\/en\/wp-json\/wp\/v2\/pages\/1790\/revisions"}],"up":[{"embeddable":true,"href":"https:\/\/loom.es\/en\/wp-json\/wp\/v2\/pages\/1768"}],"wp:featuredmedia":[{"embeddable":true,"href":"https:\/\/loom.es\/en\/wp-json\/wp\/v2\/media\/21818"}],"wp:attachment":[{"href":"https:\/\/loom.es\/en\/wp-json\/wp\/v2\/media?parent=1790"}],"wp:term":[{"taxonomy":"category","embeddable":true,"href":"https:\/\/loom.es\/en\/wp-json\/wp\/v2\/categories?post=1790"}],"curies":[{"name":"wp","href":"https:\/\/api.w.org\/{rel}","templated":true}]}}