



{"id":1832,"date":"2022-01-06T19:57:50","date_gmt":"2022-01-06T19:57:50","guid":{"rendered":"https:\/\/loom.es\/?page_id=1832"},"modified":"2024-03-25T15:01:17","modified_gmt":"2024-03-25T15:01:17","slug":"sala-la-mar-bella","status":"publish","type":"page","link":"https:\/\/loom.es\/en\/plans\/meeting-rooms\/barcelona\/loom-glories\/sala-la-mar-bella\/","title":{"rendered":"Mar Bella meeting room"},"content":{"rendered":"<p>LOOM Prueba de espacio en Barcelona<\/p>\n","protected":false},"excerpt":{"rendered":"<p>LOOM Prueba de espacio en Barcelona<\/p>\n","protected":false},"author":1,"featured_media":35796,"parent":1728,"menu_order":13,"comment_status":"closed","ping_status":"closed","template":"template-detalle-sala.php","meta":{"footnotes":""},"categories":[49],"class_list":["post-1832","page","type-page","status-publish","has-post-thumbnail","hentry","category-salas-loom-glories"],"acf":[],"yoast_head":"<!-- This site is optimized with the Yoast SEO plugin v25.1 - https:\/\/yoast.com\/wordpress\/plugins\/seo\/ -->\n<title>Alquiler sala de reuniones en Barcelona - Mar Bella meeting room - LOOM Gl\u00f2ries<\/title>\n<meta name=\"description\" content=\"Alquiler sala de reuniones Mar Bella meeting room en LOOM Gl\u00f2ries, un espacio de coworking situado en la Torre Gl\u00f2ries. Cuenta con salas de reuniones, espacio de eventos y vistas 360\u00ba a Barcelona.\" \/>\n<meta name=\"robots\" content=\"index, follow, max-snippet:-1, max-image-preview:large, max-video-preview:-1\" \/>\n<link rel=\"canonical\" href=\"https:\/\/loom.es\/en\/plans\/meeting-rooms\/barcelona\/loom-glories\/sala-la-mar-bella\/\" \/>\n<meta property=\"og:locale\" content=\"en_US\" \/>\n<meta property=\"og:type\" content=\"article\" \/>\n<meta property=\"og:title\" content=\"Alquiler sala de reuniones en Barcelona - Mar Bella meeting room - LOOM Gl\u00f2ries\" \/>\n<meta property=\"og:description\" content=\"Alquiler sala de reuniones Mar Bella meeting room en LOOM Gl\u00f2ries, un espacio de coworking situado en la Torre Gl\u00f2ries. Cuenta con salas de reuniones, espacio de eventos y vistas 360\u00ba a Barcelona.\" \/>\n<meta property=\"og:url\" content=\"https:\/\/loom.es\/en\/plans\/meeting-rooms\/barcelona\/loom-glories\/sala-la-mar-bella\/\" \/>\n<meta property=\"og:site_name\" content=\"LOOM (English)\" \/>\n<meta property=\"article:modified_time\" content=\"2024-03-25T15:01:17+00:00\" \/>\n<meta property=\"og:image\" content=\"https:\/\/loom.es\/en\/wp-content\/uploads\/sites\/2\/2024\/03\/IMG_20240325_124511-2.jpg\" \/>\n\t<meta property=\"og:image:width\" content=\"2040\" \/>\n\t<meta property=\"og:image:height\" content=\"1536\" \/>\n\t<meta property=\"og:image:type\" content=\"image\/jpeg\" \/>\n<meta name=\"twitter:card\" content=\"summary_large_image\" \/>\n<meta name=\"twitter:label1\" content=\"Est. reading time\" \/>\n\t<meta name=\"twitter:data1\" content=\"1 minute\" \/>\n<script type=\"application\/ld+json\" class=\"yoast-schema-graph\">{\"@context\":\"https:\/\/schema.org\",\"@graph\":[{\"@type\":\"WebPage\",\"@id\":\"https:\/\/loom.es\/en\/plans\/meeting-rooms\/barcelona\/loom-glories\/sala-la-mar-bella\/\",\"url\":\"https:\/\/loom.es\/en\/plans\/meeting-rooms\/barcelona\/loom-glories\/sala-la-mar-bella\/\",\"name\":\"Alquiler sala de reuniones en Barcelona - Mar Bella meeting room - LOOM Gl\u00f2ries\",\"isPartOf\":{\"@id\":\"https:\/\/loom.es\/en\/#website\"},\"primaryImageOfPage\":{\"@id\":\"https:\/\/loom.es\/en\/plans\/meeting-rooms\/barcelona\/loom-glories\/sala-la-mar-bella\/#primaryimage\"},\"image\":{\"@id\":\"https:\/\/loom.es\/en\/plans\/meeting-rooms\/barcelona\/loom-glories\/sala-la-mar-bella\/#primaryimage\"},\"thumbnailUrl\":\"https:\/\/loom.es\/en\/wp-content\/uploads\/sites\/2\/2024\/03\/IMG_20240325_124511-2.jpg\",\"datePublished\":\"2022-01-06T19:57:50+00:00\",\"dateModified\":\"2024-03-25T15:01:17+00:00\",\"description\":\"Alquiler sala de reuniones Mar Bella meeting room en LOOM Gl\u00f2ries, un espacio de coworking situado en la Torre Gl\u00f2ries. Cuenta con salas de reuniones, espacio de eventos y vistas 360\u00ba a Barcelona.\",\"breadcrumb\":{\"@id\":\"https:\/\/loom.es\/en\/plans\/meeting-rooms\/barcelona\/loom-glories\/sala-la-mar-bella\/#breadcrumb\"},\"inLanguage\":\"en-US\",\"potentialAction\":[{\"@type\":\"ReadAction\",\"target\":[\"https:\/\/loom.es\/en\/plans\/meeting-rooms\/barcelona\/loom-glories\/sala-la-mar-bella\/\"]}]},{\"@type\":\"ImageObject\",\"inLanguage\":\"en-US\",\"@id\":\"https:\/\/loom.es\/en\/plans\/meeting-rooms\/barcelona\/loom-glories\/sala-la-mar-bella\/#primaryimage\",\"url\":\"https:\/\/loom.es\/en\/wp-content\/uploads\/sites\/2\/2024\/03\/IMG_20240325_124511-2.jpg\",\"contentUrl\":\"https:\/\/loom.es\/en\/wp-content\/uploads\/sites\/2\/2024\/03\/IMG_20240325_124511-2.jpg\",\"width\":2040,\"height\":1536},{\"@type\":\"BreadcrumbList\",\"@id\":\"https:\/\/loom.es\/en\/plans\/meeting-rooms\/barcelona\/loom-glories\/sala-la-mar-bella\/#breadcrumb\",\"itemListElement\":[{\"@type\":\"ListItem\",\"position\":1,\"name\":\"Home\",\"item\":\"https:\/\/loom.es\/en\/\"},{\"@type\":\"ListItem\",\"position\":2,\"name\":\"OUR PLANS &#038; PRODUCTS\",\"item\":\"https:\/\/loom.es\/en\/plans\/\"},{\"@type\":\"ListItem\",\"position\":3,\"name\":\"MEETING ROOMS\",\"item\":\"https:\/\/loom.es\/en\/plans\/meeting-rooms\/\"},{\"@type\":\"ListItem\",\"position\":4,\"name\":\"MEETING ROOMS IN BARCELONA\",\"item\":\"https:\/\/loom.es\/en\/plans\/meeting-rooms\/barcelona\/\"},{\"@type\":\"ListItem\",\"position\":5,\"name\":\"LOOM Gl\u00f2ries\",\"item\":\"https:\/\/loom.es\/en\/plans\/meeting-rooms\/barcelona\/loom-glories\/\"},{\"@type\":\"ListItem\",\"position\":6,\"name\":\"Mar Bella meeting room\"}]},{\"@type\":\"WebSite\",\"@id\":\"https:\/\/loom.es\/en\/#website\",\"url\":\"https:\/\/loom.es\/en\/\",\"name\":\"LOOM (English)\",\"description\":\"Espacios de trabajo flexibles\",\"publisher\":{\"@id\":\"https:\/\/loom.es\/en\/#organization\"},\"potentialAction\":[{\"@type\":\"SearchAction\",\"target\":{\"@type\":\"EntryPoint\",\"urlTemplate\":\"https:\/\/loom.es\/en\/?s={search_term_string}\"},\"query-input\":{\"@type\":\"PropertyValueSpecification\",\"valueRequired\":true,\"valueName\":\"search_term_string\"}}],\"inLanguage\":\"en-US\"},{\"@type\":\"Organization\",\"@id\":\"https:\/\/loom.es\/en\/#organization\",\"name\":\"LOOM (English)\",\"url\":\"https:\/\/loom.es\/en\/\",\"logo\":{\"@type\":\"ImageObject\",\"inLanguage\":\"en-US\",\"@id\":\"https:\/\/loom.es\/en\/#\/schema\/logo\/image\/\",\"url\":\"https:\/\/loom.es\/en\/wp-content\/uploads\/sites\/2\/2023\/02\/cropped-logo-loom-white.png\",\"contentUrl\":\"https:\/\/loom.es\/en\/wp-content\/uploads\/sites\/2\/2023\/02\/cropped-logo-loom-white.png\",\"width\":500,\"height\":105,\"caption\":\"LOOM (English)\"},\"image\":{\"@id\":\"https:\/\/loom.es\/en\/#\/schema\/logo\/image\/\"}}]}<\/script>\n<!-- \/ Yoast SEO plugin. -->","yoast_head_json":{"title":"Alquiler sala de reuniones en Barcelona - Mar Bella meeting room - LOOM Gl\u00f2ries","description":"Alquiler sala de reuniones Mar Bella meeting room en LOOM Gl\u00f2ries, un espacio de coworking situado en la Torre Gl\u00f2ries. Cuenta con salas de reuniones, espacio de eventos y vistas 360\u00ba a Barcelona.","robots":{"index":"index","follow":"follow","max-snippet":"max-snippet:-1","max-image-preview":"max-image-preview:large","max-video-preview":"max-video-preview:-1"},"canonical":"https:\/\/loom.es\/en\/plans\/meeting-rooms\/barcelona\/loom-glories\/sala-la-mar-bella\/","og_locale":"en_US","og_type":"article","og_title":"Alquiler sala de reuniones en Barcelona - Mar Bella meeting room - LOOM Gl\u00f2ries","og_description":"Alquiler sala de reuniones Mar Bella meeting room en LOOM Gl\u00f2ries, un espacio de coworking situado en la Torre Gl\u00f2ries. Cuenta con salas de reuniones, espacio de eventos y vistas 360\u00ba a Barcelona.","og_url":"https:\/\/loom.es\/en\/plans\/meeting-rooms\/barcelona\/loom-glories\/sala-la-mar-bella\/","og_site_name":"LOOM (English)","article_modified_time":"2024-03-25T15:01:17+00:00","og_image":[{"width":2040,"height":1536,"url":"https:\/\/loom.es\/en\/wp-content\/uploads\/sites\/2\/2024\/03\/IMG_20240325_124511-2.jpg","type":"image\/jpeg"}],"twitter_card":"summary_large_image","twitter_misc":{"Est. reading time":"1 minute"},"schema":{"@context":"https:\/\/schema.org","@graph":[{"@type":"WebPage","@id":"https:\/\/loom.es\/en\/plans\/meeting-rooms\/barcelona\/loom-glories\/sala-la-mar-bella\/","url":"https:\/\/loom.es\/en\/plans\/meeting-rooms\/barcelona\/loom-glories\/sala-la-mar-bella\/","name":"Alquiler sala de reuniones en Barcelona - Mar Bella meeting room - LOOM Gl\u00f2ries","isPartOf":{"@id":"https:\/\/loom.es\/en\/#website"},"primaryImageOfPage":{"@id":"https:\/\/loom.es\/en\/plans\/meeting-rooms\/barcelona\/loom-glories\/sala-la-mar-bella\/#primaryimage"},"image":{"@id":"https:\/\/loom.es\/en\/plans\/meeting-rooms\/barcelona\/loom-glories\/sala-la-mar-bella\/#primaryimage"},"thumbnailUrl":"https:\/\/loom.es\/en\/wp-content\/uploads\/sites\/2\/2024\/03\/IMG_20240325_124511-2.jpg","datePublished":"2022-01-06T19:57:50+00:00","dateModified":"2024-03-25T15:01:17+00:00","description":"Alquiler sala de reuniones Mar Bella meeting room en LOOM Gl\u00f2ries, un espacio de coworking situado en la Torre Gl\u00f2ries. Cuenta con salas de reuniones, espacio de eventos y vistas 360\u00ba a Barcelona.","breadcrumb":{"@id":"https:\/\/loom.es\/en\/plans\/meeting-rooms\/barcelona\/loom-glories\/sala-la-mar-bella\/#breadcrumb"},"inLanguage":"en-US","potentialAction":[{"@type":"ReadAction","target":["https:\/\/loom.es\/en\/plans\/meeting-rooms\/barcelona\/loom-glories\/sala-la-mar-bella\/"]}]},{"@type":"ImageObject","inLanguage":"en-US","@id":"https:\/\/loom.es\/en\/plans\/meeting-rooms\/barcelona\/loom-glories\/sala-la-mar-bella\/#primaryimage","url":"https:\/\/loom.es\/en\/wp-content\/uploads\/sites\/2\/2024\/03\/IMG_20240325_124511-2.jpg","contentUrl":"https:\/\/loom.es\/en\/wp-content\/uploads\/sites\/2\/2024\/03\/IMG_20240325_124511-2.jpg","width":2040,"height":1536},{"@type":"BreadcrumbList","@id":"https:\/\/loom.es\/en\/plans\/meeting-rooms\/barcelona\/loom-glories\/sala-la-mar-bella\/#breadcrumb","itemListElement":[{"@type":"ListItem","position":1,"name":"Home","item":"https:\/\/loom.es\/en\/"},{"@type":"ListItem","position":2,"name":"OUR PLANS &#038; PRODUCTS","item":"https:\/\/loom.es\/en\/plans\/"},{"@type":"ListItem","position":3,"name":"MEETING ROOMS","item":"https:\/\/loom.es\/en\/plans\/meeting-rooms\/"},{"@type":"ListItem","position":4,"name":"MEETING ROOMS IN BARCELONA","item":"https:\/\/loom.es\/en\/plans\/meeting-rooms\/barcelona\/"},{"@type":"ListItem","position":5,"name":"LOOM Gl\u00f2ries","item":"https:\/\/loom.es\/en\/plans\/meeting-rooms\/barcelona\/loom-glories\/"},{"@type":"ListItem","position":6,"name":"Mar Bella meeting room"}]},{"@type":"WebSite","@id":"https:\/\/loom.es\/en\/#website","url":"https:\/\/loom.es\/en\/","name":"LOOM (English)","description":"Espacios de trabajo flexibles","publisher":{"@id":"https:\/\/loom.es\/en\/#organization"},"potentialAction":[{"@type":"SearchAction","target":{"@type":"EntryPoint","urlTemplate":"https:\/\/loom.es\/en\/?s={search_term_string}"},"query-input":{"@type":"PropertyValueSpecification","valueRequired":true,"valueName":"search_term_string"}}],"inLanguage":"en-US"},{"@type":"Organization","@id":"https:\/\/loom.es\/en\/#organization","name":"LOOM (English)","url":"https:\/\/loom.es\/en\/","logo":{"@type":"ImageObject","inLanguage":"en-US","@id":"https:\/\/loom.es\/en\/#\/schema\/logo\/image\/","url":"https:\/\/loom.es\/en\/wp-content\/uploads\/sites\/2\/2023\/02\/cropped-logo-loom-white.png","contentUrl":"https:\/\/loom.es\/en\/wp-content\/uploads\/sites\/2\/2023\/02\/cropped-logo-loom-white.png","width":500,"height":105,"caption":"LOOM (English)"},"image":{"@id":"https:\/\/loom.es\/en\/#\/schema\/logo\/image\/"}}]}},"_links":{"self":[{"href":"https:\/\/loom.es\/en\/wp-json\/wp\/v2\/pages\/1832"}],"collection":[{"href":"https:\/\/loom.es\/en\/wp-json\/wp\/v2\/pages"}],"about":[{"href":"https:\/\/loom.es\/en\/wp-json\/wp\/v2\/types\/page"}],"author":[{"embeddable":true,"href":"https:\/\/loom.es\/en\/wp-json\/wp\/v2\/users\/1"}],"replies":[{"embeddable":true,"href":"https:\/\/loom.es\/en\/wp-json\/wp\/v2\/comments?post=1832"}],"version-history":[{"count":0,"href":"https:\/\/loom.es\/en\/wp-json\/wp\/v2\/pages\/1832\/revisions"}],"up":[{"embeddable":true,"href":"https:\/\/loom.es\/en\/wp-json\/wp\/v2\/pages\/1728"}],"wp:featuredmedia":[{"embeddable":true,"href":"https:\/\/loom.es\/en\/wp-json\/wp\/v2\/media\/35796"}],"wp:attachment":[{"href":"https:\/\/loom.es\/en\/wp-json\/wp\/v2\/media?parent=1832"}],"wp:term":[{"taxonomy":"category","embeddable":true,"href":"https:\/\/loom.es\/en\/wp-json\/wp\/v2\/categories?post=1832"}],"curies":[{"name":"wp","href":"https:\/\/api.w.org\/{rel}","templated":true}]}}