



{"id":1917,"date":"2022-01-06T21:17:20","date_gmt":"2022-01-06T21:17:20","guid":{"rendered":"https:\/\/loom.es\/?page_id=1917"},"modified":"2023-11-30T20:00:58","modified_gmt":"2023-11-30T20:00:58","slug":"sala-valentia","status":"publish","type":"page","link":"https:\/\/loom.es\/en\/plans\/meeting-rooms\/madrid\/loom-salamanca\/sala-valentia\/","title":{"rendered":"Valent\u00eda meeting room"},"content":{"rendered":"<p>Barrio de Salamanca, ideal for companies and professionals looking to combine the latest in avant-garde and elegance.<\/p>\n<p>This space always surprises its visitors with its spaciousness and light, thanks to its large skylight and the combination of colors that has been chosen for this space. In addition, the place is surrounded by greenery, making it an ideal environment to hold events and meetings.<\/p>\n<p>LOOM Salamanca is created as a spacious, cozy, innovative design and integrated with the latest technology for your meetings. It is also only ten minutes away from the Retiro Park, so what better plan than to go for a walk in this park before or after your meeting?<\/p>\n<p>Tell us what you need and we will create the space that best suits your preferences, so you can develop your meetings with everything you need and with maximum comfort.<\/p>\n<p>It is a space that leaves no one indifferent and in one of the most famous neighborhoods of Madrid.<\/p>\n<p>Develop the best meetings in Madrid from an ideal place!<\/p>\n<p>This room can be rented until 9 p.m. on weekdays by teams that have an office or fixed position in LOOM Torre Salamanca.<\/p>\n","protected":false},"excerpt":{"rendered":"<p>Barrio de Salamanca, ideal for companies and professionals looking to combine the latest in avant-garde and elegance. This space always surprises its visitors with its spaciousness and light, thanks to its large skylight and the combination of colors that has been chosen for this space. In addition, the place is surrounded by greenery, making it [&hellip;]<\/p>\n","protected":false},"author":1,"featured_media":21707,"parent":1731,"menu_order":3,"comment_status":"closed","ping_status":"closed","template":"template-detalle-sala.php","meta":{"footnotes":""},"categories":[52],"class_list":["post-1917","page","type-page","status-publish","has-post-thumbnail","hentry","category-salas-loom-salamanca"],"acf":[],"yoast_head":"<!-- This site is optimized with the Yoast SEO plugin v25.1 - https:\/\/yoast.com\/wordpress\/plugins\/seo\/ -->\n<title>Alquiler sala de reuniones en Madrid - Valent\u00eda meeting room - LOOM Salamanca<\/title>\n<meta name=\"description\" content=\"Alquiler de sala de reuniones en Madrid. Reserva tu sala de reuniones en LOOM Salamanca. para charlas, conferencias y eventos. La Valent\u00eda meeting room est\u00e1 completamente equipadas con las ultimas tecnolog\u00edas.\" \/>\n<meta name=\"robots\" content=\"index, follow, max-snippet:-1, max-image-preview:large, max-video-preview:-1\" \/>\n<link rel=\"canonical\" href=\"https:\/\/loom.es\/en\/plans\/meeting-rooms\/madrid\/loom-salamanca\/sala-valentia\/\" \/>\n<meta property=\"og:locale\" content=\"en_US\" \/>\n<meta property=\"og:type\" content=\"article\" \/>\n<meta property=\"og:title\" content=\"Alquiler sala de reuniones en Madrid - Valent\u00eda meeting room - LOOM Salamanca\" \/>\n<meta property=\"og:description\" content=\"Alquiler de sala de reuniones en Madrid. Reserva tu sala de reuniones en LOOM Salamanca. para charlas, conferencias y eventos. La Valent\u00eda meeting room est\u00e1 completamente equipadas con las ultimas tecnolog\u00edas.\" \/>\n<meta property=\"og:url\" content=\"https:\/\/loom.es\/en\/plans\/meeting-rooms\/madrid\/loom-salamanca\/sala-valentia\/\" \/>\n<meta property=\"og:site_name\" content=\"LOOM (English)\" \/>\n<meta property=\"article:modified_time\" content=\"2023-11-30T20:00:58+00:00\" \/>\n<meta property=\"og:image\" content=\"https:\/\/loom.es\/en\/wp-content\/uploads\/sites\/2\/2022\/09\/Nuevo-proyecto-34.png\" \/>\n\t<meta property=\"og:image:width\" content=\"500\" \/>\n\t<meta property=\"og:image:height\" content=\"500\" \/>\n\t<meta property=\"og:image:type\" content=\"image\/png\" \/>\n<meta name=\"twitter:card\" content=\"summary_large_image\" \/>\n<meta name=\"twitter:label1\" content=\"Est. reading time\" \/>\n\t<meta name=\"twitter:data1\" content=\"1 minute\" \/>\n<script type=\"application\/ld+json\" class=\"yoast-schema-graph\">{\"@context\":\"https:\/\/schema.org\",\"@graph\":[{\"@type\":\"WebPage\",\"@id\":\"https:\/\/loom.es\/en\/plans\/meeting-rooms\/madrid\/loom-salamanca\/sala-valentia\/\",\"url\":\"https:\/\/loom.es\/en\/plans\/meeting-rooms\/madrid\/loom-salamanca\/sala-valentia\/\",\"name\":\"Alquiler sala de reuniones en Madrid - Valent\u00eda meeting room - LOOM Salamanca\",\"isPartOf\":{\"@id\":\"https:\/\/loom.es\/en\/#website\"},\"primaryImageOfPage\":{\"@id\":\"https:\/\/loom.es\/en\/plans\/meeting-rooms\/madrid\/loom-salamanca\/sala-valentia\/#primaryimage\"},\"image\":{\"@id\":\"https:\/\/loom.es\/en\/plans\/meeting-rooms\/madrid\/loom-salamanca\/sala-valentia\/#primaryimage\"},\"thumbnailUrl\":\"https:\/\/loom.es\/en\/wp-content\/uploads\/sites\/2\/2022\/09\/Nuevo-proyecto-34.png\",\"datePublished\":\"2022-01-06T21:17:20+00:00\",\"dateModified\":\"2023-11-30T20:00:58+00:00\",\"description\":\"Alquiler de sala de reuniones en Madrid. Reserva tu sala de reuniones en LOOM Salamanca. para charlas, conferencias y eventos. La Valent\u00eda meeting room est\u00e1 completamente equipadas con las ultimas tecnolog\u00edas.\",\"breadcrumb\":{\"@id\":\"https:\/\/loom.es\/en\/plans\/meeting-rooms\/madrid\/loom-salamanca\/sala-valentia\/#breadcrumb\"},\"inLanguage\":\"en-US\",\"potentialAction\":[{\"@type\":\"ReadAction\",\"target\":[\"https:\/\/loom.es\/en\/plans\/meeting-rooms\/madrid\/loom-salamanca\/sala-valentia\/\"]}]},{\"@type\":\"ImageObject\",\"inLanguage\":\"en-US\",\"@id\":\"https:\/\/loom.es\/en\/plans\/meeting-rooms\/madrid\/loom-salamanca\/sala-valentia\/#primaryimage\",\"url\":\"https:\/\/loom.es\/en\/wp-content\/uploads\/sites\/2\/2022\/09\/Nuevo-proyecto-34.png\",\"contentUrl\":\"https:\/\/loom.es\/en\/wp-content\/uploads\/sites\/2\/2022\/09\/Nuevo-proyecto-34.png\",\"width\":500,\"height\":500,\"caption\":\"sala de reuniones Valent\u00eda, una de las mejores salas de reuniones localizadas en Madrid\"},{\"@type\":\"BreadcrumbList\",\"@id\":\"https:\/\/loom.es\/en\/plans\/meeting-rooms\/madrid\/loom-salamanca\/sala-valentia\/#breadcrumb\",\"itemListElement\":[{\"@type\":\"ListItem\",\"position\":1,\"name\":\"Home\",\"item\":\"https:\/\/loom.es\/en\/\"},{\"@type\":\"ListItem\",\"position\":2,\"name\":\"OUR PLANS &#038; PRODUCTS\",\"item\":\"https:\/\/loom.es\/en\/plans\/\"},{\"@type\":\"ListItem\",\"position\":3,\"name\":\"MEETING ROOMS\",\"item\":\"https:\/\/loom.es\/en\/plans\/meeting-rooms\/\"},{\"@type\":\"ListItem\",\"position\":4,\"name\":\"MEETING ROOMS IN MADRID\",\"item\":\"https:\/\/loom.es\/en\/plans\/meeting-rooms\/madrid\/\"},{\"@type\":\"ListItem\",\"position\":5,\"name\":\"LOOM Salamanca\",\"item\":\"https:\/\/loom.es\/en\/plans\/meeting-rooms\/madrid\/loom-salamanca\/\"},{\"@type\":\"ListItem\",\"position\":6,\"name\":\"Valent\u00eda meeting room\"}]},{\"@type\":\"WebSite\",\"@id\":\"https:\/\/loom.es\/en\/#website\",\"url\":\"https:\/\/loom.es\/en\/\",\"name\":\"LOOM (English)\",\"description\":\"Espacios de trabajo flexibles\",\"publisher\":{\"@id\":\"https:\/\/loom.es\/en\/#organization\"},\"potentialAction\":[{\"@type\":\"SearchAction\",\"target\":{\"@type\":\"EntryPoint\",\"urlTemplate\":\"https:\/\/loom.es\/en\/?s={search_term_string}\"},\"query-input\":{\"@type\":\"PropertyValueSpecification\",\"valueRequired\":true,\"valueName\":\"search_term_string\"}}],\"inLanguage\":\"en-US\"},{\"@type\":\"Organization\",\"@id\":\"https:\/\/loom.es\/en\/#organization\",\"name\":\"LOOM (English)\",\"url\":\"https:\/\/loom.es\/en\/\",\"logo\":{\"@type\":\"ImageObject\",\"inLanguage\":\"en-US\",\"@id\":\"https:\/\/loom.es\/en\/#\/schema\/logo\/image\/\",\"url\":\"https:\/\/loom.es\/en\/wp-content\/uploads\/sites\/2\/2023\/02\/cropped-logo-loom-white.png\",\"contentUrl\":\"https:\/\/loom.es\/en\/wp-content\/uploads\/sites\/2\/2023\/02\/cropped-logo-loom-white.png\",\"width\":500,\"height\":105,\"caption\":\"LOOM (English)\"},\"image\":{\"@id\":\"https:\/\/loom.es\/en\/#\/schema\/logo\/image\/\"}}]}<\/script>\n<!-- \/ Yoast SEO plugin. -->","yoast_head_json":{"title":"Alquiler sala de reuniones en Madrid - Valent\u00eda meeting room - LOOM Salamanca","description":"Alquiler de sala de reuniones en Madrid. Reserva tu sala de reuniones en LOOM Salamanca. para charlas, conferencias y eventos. La Valent\u00eda meeting room est\u00e1 completamente equipadas con las ultimas tecnolog\u00edas.","robots":{"index":"index","follow":"follow","max-snippet":"max-snippet:-1","max-image-preview":"max-image-preview:large","max-video-preview":"max-video-preview:-1"},"canonical":"https:\/\/loom.es\/en\/plans\/meeting-rooms\/madrid\/loom-salamanca\/sala-valentia\/","og_locale":"en_US","og_type":"article","og_title":"Alquiler sala de reuniones en Madrid - Valent\u00eda meeting room - LOOM Salamanca","og_description":"Alquiler de sala de reuniones en Madrid. Reserva tu sala de reuniones en LOOM Salamanca. para charlas, conferencias y eventos. La Valent\u00eda meeting room est\u00e1 completamente equipadas con las ultimas tecnolog\u00edas.","og_url":"https:\/\/loom.es\/en\/plans\/meeting-rooms\/madrid\/loom-salamanca\/sala-valentia\/","og_site_name":"LOOM (English)","article_modified_time":"2023-11-30T20:00:58+00:00","og_image":[{"width":500,"height":500,"url":"https:\/\/loom.es\/en\/wp-content\/uploads\/sites\/2\/2022\/09\/Nuevo-proyecto-34.png","type":"image\/png"}],"twitter_card":"summary_large_image","twitter_misc":{"Est. reading time":"1 minute"},"schema":{"@context":"https:\/\/schema.org","@graph":[{"@type":"WebPage","@id":"https:\/\/loom.es\/en\/plans\/meeting-rooms\/madrid\/loom-salamanca\/sala-valentia\/","url":"https:\/\/loom.es\/en\/plans\/meeting-rooms\/madrid\/loom-salamanca\/sala-valentia\/","name":"Alquiler sala de reuniones en Madrid - Valent\u00eda meeting room - LOOM Salamanca","isPartOf":{"@id":"https:\/\/loom.es\/en\/#website"},"primaryImageOfPage":{"@id":"https:\/\/loom.es\/en\/plans\/meeting-rooms\/madrid\/loom-salamanca\/sala-valentia\/#primaryimage"},"image":{"@id":"https:\/\/loom.es\/en\/plans\/meeting-rooms\/madrid\/loom-salamanca\/sala-valentia\/#primaryimage"},"thumbnailUrl":"https:\/\/loom.es\/en\/wp-content\/uploads\/sites\/2\/2022\/09\/Nuevo-proyecto-34.png","datePublished":"2022-01-06T21:17:20+00:00","dateModified":"2023-11-30T20:00:58+00:00","description":"Alquiler de sala de reuniones en Madrid. Reserva tu sala de reuniones en LOOM Salamanca. para charlas, conferencias y eventos. La Valent\u00eda meeting room est\u00e1 completamente equipadas con las ultimas tecnolog\u00edas.","breadcrumb":{"@id":"https:\/\/loom.es\/en\/plans\/meeting-rooms\/madrid\/loom-salamanca\/sala-valentia\/#breadcrumb"},"inLanguage":"en-US","potentialAction":[{"@type":"ReadAction","target":["https:\/\/loom.es\/en\/plans\/meeting-rooms\/madrid\/loom-salamanca\/sala-valentia\/"]}]},{"@type":"ImageObject","inLanguage":"en-US","@id":"https:\/\/loom.es\/en\/plans\/meeting-rooms\/madrid\/loom-salamanca\/sala-valentia\/#primaryimage","url":"https:\/\/loom.es\/en\/wp-content\/uploads\/sites\/2\/2022\/09\/Nuevo-proyecto-34.png","contentUrl":"https:\/\/loom.es\/en\/wp-content\/uploads\/sites\/2\/2022\/09\/Nuevo-proyecto-34.png","width":500,"height":500,"caption":"sala de reuniones Valent\u00eda, una de las mejores salas de reuniones localizadas en Madrid"},{"@type":"BreadcrumbList","@id":"https:\/\/loom.es\/en\/plans\/meeting-rooms\/madrid\/loom-salamanca\/sala-valentia\/#breadcrumb","itemListElement":[{"@type":"ListItem","position":1,"name":"Home","item":"https:\/\/loom.es\/en\/"},{"@type":"ListItem","position":2,"name":"OUR PLANS &#038; PRODUCTS","item":"https:\/\/loom.es\/en\/plans\/"},{"@type":"ListItem","position":3,"name":"MEETING ROOMS","item":"https:\/\/loom.es\/en\/plans\/meeting-rooms\/"},{"@type":"ListItem","position":4,"name":"MEETING ROOMS IN MADRID","item":"https:\/\/loom.es\/en\/plans\/meeting-rooms\/madrid\/"},{"@type":"ListItem","position":5,"name":"LOOM Salamanca","item":"https:\/\/loom.es\/en\/plans\/meeting-rooms\/madrid\/loom-salamanca\/"},{"@type":"ListItem","position":6,"name":"Valent\u00eda meeting room"}]},{"@type":"WebSite","@id":"https:\/\/loom.es\/en\/#website","url":"https:\/\/loom.es\/en\/","name":"LOOM (English)","description":"Espacios de trabajo flexibles","publisher":{"@id":"https:\/\/loom.es\/en\/#organization"},"potentialAction":[{"@type":"SearchAction","target":{"@type":"EntryPoint","urlTemplate":"https:\/\/loom.es\/en\/?s={search_term_string}"},"query-input":{"@type":"PropertyValueSpecification","valueRequired":true,"valueName":"search_term_string"}}],"inLanguage":"en-US"},{"@type":"Organization","@id":"https:\/\/loom.es\/en\/#organization","name":"LOOM (English)","url":"https:\/\/loom.es\/en\/","logo":{"@type":"ImageObject","inLanguage":"en-US","@id":"https:\/\/loom.es\/en\/#\/schema\/logo\/image\/","url":"https:\/\/loom.es\/en\/wp-content\/uploads\/sites\/2\/2023\/02\/cropped-logo-loom-white.png","contentUrl":"https:\/\/loom.es\/en\/wp-content\/uploads\/sites\/2\/2023\/02\/cropped-logo-loom-white.png","width":500,"height":105,"caption":"LOOM (English)"},"image":{"@id":"https:\/\/loom.es\/en\/#\/schema\/logo\/image\/"}}]}},"_links":{"self":[{"href":"https:\/\/loom.es\/en\/wp-json\/wp\/v2\/pages\/1917"}],"collection":[{"href":"https:\/\/loom.es\/en\/wp-json\/wp\/v2\/pages"}],"about":[{"href":"https:\/\/loom.es\/en\/wp-json\/wp\/v2\/types\/page"}],"author":[{"embeddable":true,"href":"https:\/\/loom.es\/en\/wp-json\/wp\/v2\/users\/1"}],"replies":[{"embeddable":true,"href":"https:\/\/loom.es\/en\/wp-json\/wp\/v2\/comments?post=1917"}],"version-history":[{"count":0,"href":"https:\/\/loom.es\/en\/wp-json\/wp\/v2\/pages\/1917\/revisions"}],"up":[{"embeddable":true,"href":"https:\/\/loom.es\/en\/wp-json\/wp\/v2\/pages\/1731"}],"wp:featuredmedia":[{"embeddable":true,"href":"https:\/\/loom.es\/en\/wp-json\/wp\/v2\/media\/21707"}],"wp:attachment":[{"href":"https:\/\/loom.es\/en\/wp-json\/wp\/v2\/media?parent=1917"}],"wp:term":[{"taxonomy":"category","embeddable":true,"href":"https:\/\/loom.es\/en\/wp-json\/wp\/v2\/categories?post=1917"}],"curies":[{"name":"wp","href":"https:\/\/api.w.org\/{rel}","templated":true}]}}