



{"id":21926,"date":"2022-09-29T11:12:00","date_gmt":"2022-09-29T11:12:00","guid":{"rendered":"https:\/\/loom.es\/?page_id=21926"},"modified":"2025-08-09T12:48:31","modified_gmt":"2025-08-09T12:48:31","slug":"tarifas","status":"publish","type":"page","link":"https:\/\/loom.es\/en\/plans\/tarifas\/","title":{"rendered":"Fees"},"content":{"rendered":"<p class=\"x_MsoNormal\">Servicio de pago por uso. Tu compa\u00f1\u00eda podr\u00e1 usar todos nuestros espacios de trabajo y salas de reuniones de forma ilimitada y pagar a final de mes solo por el tiempo consumido.<\/p>\n","protected":false},"excerpt":{"rendered":"<p>Servicio de pago por uso. Tu compa\u00f1\u00eda podr\u00e1 usar todos nuestros espacios de trabajo y salas de reuniones de forma ilimitada y pagar a final de mes solo por el tiempo consumido.<\/p>\n","protected":false},"author":4,"featured_media":10439,"parent":583,"menu_order":8,"comment_status":"closed","ping_status":"closed","template":"template-products-detail.php","meta":{"footnotes":""},"categories":[],"class_list":["post-21926","page","type-page","status-publish","has-post-thumbnail","hentry"],"acf":[],"yoast_head":"<!-- This site is optimized with the Yoast SEO plugin v25.1 - https:\/\/yoast.com\/wordpress\/plugins\/seo\/ -->\n<title>Fees - LOOM (English)<\/title>\n<meta name=\"robots\" content=\"index, follow, max-snippet:-1, max-image-preview:large, max-video-preview:-1\" \/>\n<link rel=\"canonical\" href=\"https:\/\/loom.es\/en\/plans\/tarifas\/\" \/>\n<meta property=\"og:locale\" content=\"en_US\" \/>\n<meta property=\"og:type\" content=\"article\" \/>\n<meta property=\"og:title\" content=\"Fees - LOOM (English)\" \/>\n<meta property=\"og:description\" content=\"Servicio de pago por uso. Tu compa\u00f1\u00eda podr\u00e1 usar todos nuestros espacios de trabajo y salas de reuniones de forma ilimitada y pagar a final de mes solo por el tiempo consumido.\" \/>\n<meta property=\"og:url\" content=\"https:\/\/loom.es\/en\/plans\/tarifas\/\" \/>\n<meta property=\"og:site_name\" content=\"LOOM (English)\" \/>\n<meta property=\"article:modified_time\" content=\"2025-08-09T12:48:31+00:00\" \/>\n<meta property=\"og:image\" content=\"https:\/\/loom.es\/en\/wp-content\/uploads\/sites\/2\/2022\/03\/5-8.png\" \/>\n\t<meta property=\"og:image:width\" content=\"1080\" \/>\n\t<meta property=\"og:image:height\" content=\"1080\" \/>\n\t<meta property=\"og:image:type\" content=\"image\/png\" \/>\n<meta name=\"twitter:card\" content=\"summary_large_image\" \/>\n<meta name=\"twitter:label1\" content=\"Est. reading time\" \/>\n\t<meta name=\"twitter:data1\" content=\"1 minute\" \/>\n<script type=\"application\/ld+json\" class=\"yoast-schema-graph\">{\"@context\":\"https:\/\/schema.org\",\"@graph\":[{\"@type\":\"WebPage\",\"@id\":\"https:\/\/loom.es\/en\/plans\/tarifas\/\",\"url\":\"https:\/\/loom.es\/en\/plans\/tarifas\/\",\"name\":\"Fees - LOOM (English)\",\"isPartOf\":{\"@id\":\"https:\/\/loom.es\/en\/#website\"},\"primaryImageOfPage\":{\"@id\":\"https:\/\/loom.es\/en\/plans\/tarifas\/#primaryimage\"},\"image\":{\"@id\":\"https:\/\/loom.es\/en\/plans\/tarifas\/#primaryimage\"},\"thumbnailUrl\":\"https:\/\/loom.es\/en\/wp-content\/uploads\/sites\/2\/2022\/03\/5-8.png\",\"datePublished\":\"2022-09-29T11:12:00+00:00\",\"dateModified\":\"2025-08-09T12:48:31+00:00\",\"breadcrumb\":{\"@id\":\"https:\/\/loom.es\/en\/plans\/tarifas\/#breadcrumb\"},\"inLanguage\":\"en-US\",\"potentialAction\":[{\"@type\":\"ReadAction\",\"target\":[\"https:\/\/loom.es\/en\/plans\/tarifas\/\"]}]},{\"@type\":\"ImageObject\",\"inLanguage\":\"en-US\",\"@id\":\"https:\/\/loom.es\/en\/plans\/tarifas\/#primaryimage\",\"url\":\"https:\/\/loom.es\/en\/wp-content\/uploads\/sites\/2\/2022\/03\/5-8.png\",\"contentUrl\":\"https:\/\/loom.es\/en\/wp-content\/uploads\/sites\/2\/2022\/03\/5-8.png\",\"width\":1080,\"height\":1080,\"caption\":\"La oficina virtual perfecta para tu empresa en Madrid y Barcelona\"},{\"@type\":\"BreadcrumbList\",\"@id\":\"https:\/\/loom.es\/en\/plans\/tarifas\/#breadcrumb\",\"itemListElement\":[{\"@type\":\"ListItem\",\"position\":1,\"name\":\"Home\",\"item\":\"https:\/\/loom.es\/en\/\"},{\"@type\":\"ListItem\",\"position\":2,\"name\":\"OUR PLANS &#038; PRODUCTS\",\"item\":\"https:\/\/loom.es\/en\/plans\/\"},{\"@type\":\"ListItem\",\"position\":3,\"name\":\"Fees\"}]},{\"@type\":\"WebSite\",\"@id\":\"https:\/\/loom.es\/en\/#website\",\"url\":\"https:\/\/loom.es\/en\/\",\"name\":\"LOOM (English)\",\"description\":\"Espacios de trabajo flexibles\",\"publisher\":{\"@id\":\"https:\/\/loom.es\/en\/#organization\"},\"potentialAction\":[{\"@type\":\"SearchAction\",\"target\":{\"@type\":\"EntryPoint\",\"urlTemplate\":\"https:\/\/loom.es\/en\/?s={search_term_string}\"},\"query-input\":{\"@type\":\"PropertyValueSpecification\",\"valueRequired\":true,\"valueName\":\"search_term_string\"}}],\"inLanguage\":\"en-US\"},{\"@type\":\"Organization\",\"@id\":\"https:\/\/loom.es\/en\/#organization\",\"name\":\"LOOM (English)\",\"url\":\"https:\/\/loom.es\/en\/\",\"logo\":{\"@type\":\"ImageObject\",\"inLanguage\":\"en-US\",\"@id\":\"https:\/\/loom.es\/en\/#\/schema\/logo\/image\/\",\"url\":\"https:\/\/loom.es\/en\/wp-content\/uploads\/sites\/2\/2023\/02\/cropped-logo-loom-white.png\",\"contentUrl\":\"https:\/\/loom.es\/en\/wp-content\/uploads\/sites\/2\/2023\/02\/cropped-logo-loom-white.png\",\"width\":500,\"height\":105,\"caption\":\"LOOM (English)\"},\"image\":{\"@id\":\"https:\/\/loom.es\/en\/#\/schema\/logo\/image\/\"}}]}<\/script>\n<!-- \/ Yoast SEO plugin. -->","yoast_head_json":{"title":"Fees - LOOM (English)","robots":{"index":"index","follow":"follow","max-snippet":"max-snippet:-1","max-image-preview":"max-image-preview:large","max-video-preview":"max-video-preview:-1"},"canonical":"https:\/\/loom.es\/en\/plans\/tarifas\/","og_locale":"en_US","og_type":"article","og_title":"Fees - LOOM (English)","og_description":"Servicio de pago por uso. Tu compa\u00f1\u00eda podr\u00e1 usar todos nuestros espacios de trabajo y salas de reuniones de forma ilimitada y pagar a final de mes solo por el tiempo consumido.","og_url":"https:\/\/loom.es\/en\/plans\/tarifas\/","og_site_name":"LOOM (English)","article_modified_time":"2025-08-09T12:48:31+00:00","og_image":[{"width":1080,"height":1080,"url":"https:\/\/loom.es\/en\/wp-content\/uploads\/sites\/2\/2022\/03\/5-8.png","type":"image\/png"}],"twitter_card":"summary_large_image","twitter_misc":{"Est. reading time":"1 minute"},"schema":{"@context":"https:\/\/schema.org","@graph":[{"@type":"WebPage","@id":"https:\/\/loom.es\/en\/plans\/tarifas\/","url":"https:\/\/loom.es\/en\/plans\/tarifas\/","name":"Fees - LOOM (English)","isPartOf":{"@id":"https:\/\/loom.es\/en\/#website"},"primaryImageOfPage":{"@id":"https:\/\/loom.es\/en\/plans\/tarifas\/#primaryimage"},"image":{"@id":"https:\/\/loom.es\/en\/plans\/tarifas\/#primaryimage"},"thumbnailUrl":"https:\/\/loom.es\/en\/wp-content\/uploads\/sites\/2\/2022\/03\/5-8.png","datePublished":"2022-09-29T11:12:00+00:00","dateModified":"2025-08-09T12:48:31+00:00","breadcrumb":{"@id":"https:\/\/loom.es\/en\/plans\/tarifas\/#breadcrumb"},"inLanguage":"en-US","potentialAction":[{"@type":"ReadAction","target":["https:\/\/loom.es\/en\/plans\/tarifas\/"]}]},{"@type":"ImageObject","inLanguage":"en-US","@id":"https:\/\/loom.es\/en\/plans\/tarifas\/#primaryimage","url":"https:\/\/loom.es\/en\/wp-content\/uploads\/sites\/2\/2022\/03\/5-8.png","contentUrl":"https:\/\/loom.es\/en\/wp-content\/uploads\/sites\/2\/2022\/03\/5-8.png","width":1080,"height":1080,"caption":"La oficina virtual perfecta para tu empresa en Madrid y Barcelona"},{"@type":"BreadcrumbList","@id":"https:\/\/loom.es\/en\/plans\/tarifas\/#breadcrumb","itemListElement":[{"@type":"ListItem","position":1,"name":"Home","item":"https:\/\/loom.es\/en\/"},{"@type":"ListItem","position":2,"name":"OUR PLANS &#038; PRODUCTS","item":"https:\/\/loom.es\/en\/plans\/"},{"@type":"ListItem","position":3,"name":"Fees"}]},{"@type":"WebSite","@id":"https:\/\/loom.es\/en\/#website","url":"https:\/\/loom.es\/en\/","name":"LOOM (English)","description":"Espacios de trabajo flexibles","publisher":{"@id":"https:\/\/loom.es\/en\/#organization"},"potentialAction":[{"@type":"SearchAction","target":{"@type":"EntryPoint","urlTemplate":"https:\/\/loom.es\/en\/?s={search_term_string}"},"query-input":{"@type":"PropertyValueSpecification","valueRequired":true,"valueName":"search_term_string"}}],"inLanguage":"en-US"},{"@type":"Organization","@id":"https:\/\/loom.es\/en\/#organization","name":"LOOM (English)","url":"https:\/\/loom.es\/en\/","logo":{"@type":"ImageObject","inLanguage":"en-US","@id":"https:\/\/loom.es\/en\/#\/schema\/logo\/image\/","url":"https:\/\/loom.es\/en\/wp-content\/uploads\/sites\/2\/2023\/02\/cropped-logo-loom-white.png","contentUrl":"https:\/\/loom.es\/en\/wp-content\/uploads\/sites\/2\/2023\/02\/cropped-logo-loom-white.png","width":500,"height":105,"caption":"LOOM (English)"},"image":{"@id":"https:\/\/loom.es\/en\/#\/schema\/logo\/image\/"}}]}},"_links":{"self":[{"href":"https:\/\/loom.es\/en\/wp-json\/wp\/v2\/pages\/21926"}],"collection":[{"href":"https:\/\/loom.es\/en\/wp-json\/wp\/v2\/pages"}],"about":[{"href":"https:\/\/loom.es\/en\/wp-json\/wp\/v2\/types\/page"}],"author":[{"embeddable":true,"href":"https:\/\/loom.es\/en\/wp-json\/wp\/v2\/users\/4"}],"replies":[{"embeddable":true,"href":"https:\/\/loom.es\/en\/wp-json\/wp\/v2\/comments?post=21926"}],"version-history":[{"count":2,"href":"https:\/\/loom.es\/en\/wp-json\/wp\/v2\/pages\/21926\/revisions"}],"predecessor-version":[{"id":37527,"href":"https:\/\/loom.es\/en\/wp-json\/wp\/v2\/pages\/21926\/revisions\/37527"}],"up":[{"embeddable":true,"href":"https:\/\/loom.es\/en\/wp-json\/wp\/v2\/pages\/583"}],"wp:featuredmedia":[{"embeddable":true,"href":"https:\/\/loom.es\/en\/wp-json\/wp\/v2\/media\/10439"}],"wp:attachment":[{"href":"https:\/\/loom.es\/en\/wp-json\/wp\/v2\/media?parent=21926"}],"wp:term":[{"taxonomy":"category","embeddable":true,"href":"https:\/\/loom.es\/en\/wp-json\/wp\/v2\/categories?post=21926"}],"curies":[{"name":"wp","href":"https:\/\/api.w.org\/{rel}","templated":true}]}}