



{"id":22037,"date":"2022-10-14T09:42:40","date_gmt":"2022-10-14T09:42:40","guid":{"rendered":"https:\/\/loom.es\/?page_id=22037"},"modified":"2025-08-09T12:40:48","modified_gmt":"2025-08-09T12:40:48","slug":"tipos-salas-de-reuniones","status":"publish","type":"page","link":"https:\/\/loom.es\/en\/plans\/tipos-salas-de-reuniones\/","title":{"rendered":"Meeting rooms &#8211; capacity and external prices"},"content":{"rendered":"<p class=\"x_MsoNormal\">Servicio de pago por uso. Tu compa\u00f1\u00eda podr\u00e1 usar todos nuestros espacios de trabajo y salas de reuniones de forma ilimitada y pagar a final de mes solo por el tiempo consumido.<\/p>\n","protected":false},"excerpt":{"rendered":"<p>Servicio de pago por uso. Tu compa\u00f1\u00eda podr\u00e1 usar todos nuestros espacios de trabajo y salas de reuniones de forma ilimitada y pagar a final de mes solo por el tiempo consumido.<\/p>\n","protected":false},"author":4,"featured_media":10439,"parent":583,"menu_order":8,"comment_status":"closed","ping_status":"closed","template":"template-products-detail.php","meta":{"footnotes":""},"categories":[],"class_list":["post-22037","page","type-page","status-publish","has-post-thumbnail","hentry"],"acf":[],"yoast_head":"<!-- This site is optimized with the Yoast SEO plugin v25.1 - https:\/\/yoast.com\/wordpress\/plugins\/seo\/ -->\n<title>Meeting rooms - capacity and external prices - LOOM (English)<\/title>\n<meta name=\"robots\" content=\"noindex, nofollow\" \/>\n<meta property=\"og:locale\" content=\"en_US\" \/>\n<meta property=\"og:type\" content=\"article\" \/>\n<meta property=\"og:title\" content=\"Meeting rooms - capacity and external prices - LOOM (English)\" \/>\n<meta property=\"og:description\" content=\"Servicio de pago por uso. Tu compa\u00f1\u00eda podr\u00e1 usar todos nuestros espacios de trabajo y salas de reuniones de forma ilimitada y pagar a final de mes solo por el tiempo consumido.\" \/>\n<meta property=\"og:url\" content=\"https:\/\/loom.es\/en\/plans\/tipos-salas-de-reuniones\/\" \/>\n<meta property=\"og:site_name\" content=\"LOOM (English)\" \/>\n<meta property=\"article:modified_time\" content=\"2025-08-09T12:40:48+00:00\" \/>\n<meta property=\"og:image\" content=\"https:\/\/loom.es\/en\/wp-content\/uploads\/sites\/2\/2022\/03\/5-8.png\" \/>\n\t<meta property=\"og:image:width\" content=\"1080\" \/>\n\t<meta property=\"og:image:height\" content=\"1080\" \/>\n\t<meta property=\"og:image:type\" content=\"image\/png\" \/>\n<meta name=\"twitter:card\" content=\"summary_large_image\" \/>\n<meta name=\"twitter:label1\" content=\"Est. reading time\" \/>\n\t<meta name=\"twitter:data1\" content=\"1 minute\" \/>\n<script type=\"application\/ld+json\" class=\"yoast-schema-graph\">{\"@context\":\"https:\/\/schema.org\",\"@graph\":[{\"@type\":\"WebPage\",\"@id\":\"https:\/\/loom.es\/en\/plans\/tipos-salas-de-reuniones\/\",\"url\":\"https:\/\/loom.es\/en\/plans\/tipos-salas-de-reuniones\/\",\"name\":\"Meeting rooms - capacity and external prices - LOOM (English)\",\"isPartOf\":{\"@id\":\"https:\/\/loom.es\/en\/#website\"},\"primaryImageOfPage\":{\"@id\":\"https:\/\/loom.es\/en\/plans\/tipos-salas-de-reuniones\/#primaryimage\"},\"image\":{\"@id\":\"https:\/\/loom.es\/en\/plans\/tipos-salas-de-reuniones\/#primaryimage\"},\"thumbnailUrl\":\"https:\/\/loom.es\/en\/wp-content\/uploads\/sites\/2\/2022\/03\/5-8.png\",\"datePublished\":\"2022-10-14T09:42:40+00:00\",\"dateModified\":\"2025-08-09T12:40:48+00:00\",\"breadcrumb\":{\"@id\":\"https:\/\/loom.es\/en\/plans\/tipos-salas-de-reuniones\/#breadcrumb\"},\"inLanguage\":\"en-US\",\"potentialAction\":[{\"@type\":\"ReadAction\",\"target\":[\"https:\/\/loom.es\/en\/plans\/tipos-salas-de-reuniones\/\"]}]},{\"@type\":\"ImageObject\",\"inLanguage\":\"en-US\",\"@id\":\"https:\/\/loom.es\/en\/plans\/tipos-salas-de-reuniones\/#primaryimage\",\"url\":\"https:\/\/loom.es\/en\/wp-content\/uploads\/sites\/2\/2022\/03\/5-8.png\",\"contentUrl\":\"https:\/\/loom.es\/en\/wp-content\/uploads\/sites\/2\/2022\/03\/5-8.png\",\"width\":1080,\"height\":1080,\"caption\":\"La oficina virtual perfecta para tu empresa en Madrid y Barcelona\"},{\"@type\":\"BreadcrumbList\",\"@id\":\"https:\/\/loom.es\/en\/plans\/tipos-salas-de-reuniones\/#breadcrumb\",\"itemListElement\":[{\"@type\":\"ListItem\",\"position\":1,\"name\":\"Home\",\"item\":\"https:\/\/loom.es\/en\/\"},{\"@type\":\"ListItem\",\"position\":2,\"name\":\"OUR PLANS &#038; PRODUCTS\",\"item\":\"https:\/\/loom.es\/en\/plans\/\"},{\"@type\":\"ListItem\",\"position\":3,\"name\":\"Meeting rooms &#8211; capacity and external prices\"}]},{\"@type\":\"WebSite\",\"@id\":\"https:\/\/loom.es\/en\/#website\",\"url\":\"https:\/\/loom.es\/en\/\",\"name\":\"LOOM (English)\",\"description\":\"Espacios de trabajo flexibles\",\"publisher\":{\"@id\":\"https:\/\/loom.es\/en\/#organization\"},\"potentialAction\":[{\"@type\":\"SearchAction\",\"target\":{\"@type\":\"EntryPoint\",\"urlTemplate\":\"https:\/\/loom.es\/en\/?s={search_term_string}\"},\"query-input\":{\"@type\":\"PropertyValueSpecification\",\"valueRequired\":true,\"valueName\":\"search_term_string\"}}],\"inLanguage\":\"en-US\"},{\"@type\":\"Organization\",\"@id\":\"https:\/\/loom.es\/en\/#organization\",\"name\":\"LOOM (English)\",\"url\":\"https:\/\/loom.es\/en\/\",\"logo\":{\"@type\":\"ImageObject\",\"inLanguage\":\"en-US\",\"@id\":\"https:\/\/loom.es\/en\/#\/schema\/logo\/image\/\",\"url\":\"https:\/\/loom.es\/en\/wp-content\/uploads\/sites\/2\/2023\/02\/cropped-logo-loom-white.png\",\"contentUrl\":\"https:\/\/loom.es\/en\/wp-content\/uploads\/sites\/2\/2023\/02\/cropped-logo-loom-white.png\",\"width\":500,\"height\":105,\"caption\":\"LOOM (English)\"},\"image\":{\"@id\":\"https:\/\/loom.es\/en\/#\/schema\/logo\/image\/\"}}]}<\/script>\n<!-- \/ Yoast SEO plugin. -->","yoast_head_json":{"title":"Meeting rooms - capacity and external prices - LOOM (English)","robots":{"index":"noindex","follow":"nofollow"},"og_locale":"en_US","og_type":"article","og_title":"Meeting rooms - capacity and external prices - LOOM (English)","og_description":"Servicio de pago por uso. Tu compa\u00f1\u00eda podr\u00e1 usar todos nuestros espacios de trabajo y salas de reuniones de forma ilimitada y pagar a final de mes solo por el tiempo consumido.","og_url":"https:\/\/loom.es\/en\/plans\/tipos-salas-de-reuniones\/","og_site_name":"LOOM (English)","article_modified_time":"2025-08-09T12:40:48+00:00","og_image":[{"width":1080,"height":1080,"url":"https:\/\/loom.es\/en\/wp-content\/uploads\/sites\/2\/2022\/03\/5-8.png","type":"image\/png"}],"twitter_card":"summary_large_image","twitter_misc":{"Est. reading time":"1 minute"},"schema":{"@context":"https:\/\/schema.org","@graph":[{"@type":"WebPage","@id":"https:\/\/loom.es\/en\/plans\/tipos-salas-de-reuniones\/","url":"https:\/\/loom.es\/en\/plans\/tipos-salas-de-reuniones\/","name":"Meeting rooms - capacity and external prices - LOOM (English)","isPartOf":{"@id":"https:\/\/loom.es\/en\/#website"},"primaryImageOfPage":{"@id":"https:\/\/loom.es\/en\/plans\/tipos-salas-de-reuniones\/#primaryimage"},"image":{"@id":"https:\/\/loom.es\/en\/plans\/tipos-salas-de-reuniones\/#primaryimage"},"thumbnailUrl":"https:\/\/loom.es\/en\/wp-content\/uploads\/sites\/2\/2022\/03\/5-8.png","datePublished":"2022-10-14T09:42:40+00:00","dateModified":"2025-08-09T12:40:48+00:00","breadcrumb":{"@id":"https:\/\/loom.es\/en\/plans\/tipos-salas-de-reuniones\/#breadcrumb"},"inLanguage":"en-US","potentialAction":[{"@type":"ReadAction","target":["https:\/\/loom.es\/en\/plans\/tipos-salas-de-reuniones\/"]}]},{"@type":"ImageObject","inLanguage":"en-US","@id":"https:\/\/loom.es\/en\/plans\/tipos-salas-de-reuniones\/#primaryimage","url":"https:\/\/loom.es\/en\/wp-content\/uploads\/sites\/2\/2022\/03\/5-8.png","contentUrl":"https:\/\/loom.es\/en\/wp-content\/uploads\/sites\/2\/2022\/03\/5-8.png","width":1080,"height":1080,"caption":"La oficina virtual perfecta para tu empresa en Madrid y Barcelona"},{"@type":"BreadcrumbList","@id":"https:\/\/loom.es\/en\/plans\/tipos-salas-de-reuniones\/#breadcrumb","itemListElement":[{"@type":"ListItem","position":1,"name":"Home","item":"https:\/\/loom.es\/en\/"},{"@type":"ListItem","position":2,"name":"OUR PLANS &#038; PRODUCTS","item":"https:\/\/loom.es\/en\/plans\/"},{"@type":"ListItem","position":3,"name":"Meeting rooms &#8211; capacity and external prices"}]},{"@type":"WebSite","@id":"https:\/\/loom.es\/en\/#website","url":"https:\/\/loom.es\/en\/","name":"LOOM (English)","description":"Espacios de trabajo flexibles","publisher":{"@id":"https:\/\/loom.es\/en\/#organization"},"potentialAction":[{"@type":"SearchAction","target":{"@type":"EntryPoint","urlTemplate":"https:\/\/loom.es\/en\/?s={search_term_string}"},"query-input":{"@type":"PropertyValueSpecification","valueRequired":true,"valueName":"search_term_string"}}],"inLanguage":"en-US"},{"@type":"Organization","@id":"https:\/\/loom.es\/en\/#organization","name":"LOOM (English)","url":"https:\/\/loom.es\/en\/","logo":{"@type":"ImageObject","inLanguage":"en-US","@id":"https:\/\/loom.es\/en\/#\/schema\/logo\/image\/","url":"https:\/\/loom.es\/en\/wp-content\/uploads\/sites\/2\/2023\/02\/cropped-logo-loom-white.png","contentUrl":"https:\/\/loom.es\/en\/wp-content\/uploads\/sites\/2\/2023\/02\/cropped-logo-loom-white.png","width":500,"height":105,"caption":"LOOM (English)"},"image":{"@id":"https:\/\/loom.es\/en\/#\/schema\/logo\/image\/"}}]}},"_links":{"self":[{"href":"https:\/\/loom.es\/en\/wp-json\/wp\/v2\/pages\/22037"}],"collection":[{"href":"https:\/\/loom.es\/en\/wp-json\/wp\/v2\/pages"}],"about":[{"href":"https:\/\/loom.es\/en\/wp-json\/wp\/v2\/types\/page"}],"author":[{"embeddable":true,"href":"https:\/\/loom.es\/en\/wp-json\/wp\/v2\/users\/4"}],"replies":[{"embeddable":true,"href":"https:\/\/loom.es\/en\/wp-json\/wp\/v2\/comments?post=22037"}],"version-history":[{"count":1,"href":"https:\/\/loom.es\/en\/wp-json\/wp\/v2\/pages\/22037\/revisions"}],"predecessor-version":[{"id":37525,"href":"https:\/\/loom.es\/en\/wp-json\/wp\/v2\/pages\/22037\/revisions\/37525"}],"up":[{"embeddable":true,"href":"https:\/\/loom.es\/en\/wp-json\/wp\/v2\/pages\/583"}],"wp:featuredmedia":[{"embeddable":true,"href":"https:\/\/loom.es\/en\/wp-json\/wp\/v2\/media\/10439"}],"wp:attachment":[{"href":"https:\/\/loom.es\/en\/wp-json\/wp\/v2\/media?parent=22037"}],"wp:term":[{"taxonomy":"category","embeddable":true,"href":"https:\/\/loom.es\/en\/wp-json\/wp\/v2\/categories?post=22037"}],"curies":[{"name":"wp","href":"https:\/\/api.w.org\/{rel}","templated":true}]}}