



{"id":22258,"date":"2022-10-28T15:01:30","date_gmt":"2022-10-28T15:01:30","guid":{"rendered":"https:\/\/loom.es\/?page_id=22258"},"modified":"2024-09-03T07:40:49","modified_gmt":"2024-09-03T07:40:49","slug":"sala-casa-muntades","status":"publish","type":"page","link":"https:\/\/loom.es\/en\/plans\/meeting-rooms\/barcelona\/loom-plaza-catalunya\/sala-casa-muntades\/","title":{"rendered":"Casa Muntades meeting room"},"content":{"rendered":"","protected":false},"excerpt":{"rendered":"","protected":false},"author":19,"featured_media":22262,"parent":22216,"menu_order":0,"comment_status":"closed","ping_status":"closed","template":"template-detalle-sala.php","meta":{"footnotes":""},"categories":[680],"class_list":["post-22258","page","type-page","status-publish","has-post-thumbnail","hentry","category-salas-loom-plaza-catalunya"],"acf":[],"yoast_head":"<!-- This site is optimized with the Yoast SEO plugin v25.1 - https:\/\/yoast.com\/wordpress\/plugins\/seo\/ -->\n<title>Alquiler sala de reuniones en Barcelona - Casa Muntades meeting room - LOOM Cornell\u00e0<\/title>\n<meta name=\"description\" content=\"Alquiler de sala de reuniones en Barcelona. Reserva tu sala de reuniones en LOOM Cornell\u00e0. para charlas, conferencias y eventos. La Casa Muntades meeting room est\u00e1 completamente equipadas con las ultimas tecnolog\u00edas.\" \/>\n<meta name=\"robots\" content=\"index, follow, max-snippet:-1, max-image-preview:large, max-video-preview:-1\" \/>\n<link rel=\"canonical\" href=\"https:\/\/loom.es\/en\/plans\/meeting-rooms\/barcelona\/loom-plaza-catalunya\/sala-casa-muntades\/\" \/>\n<meta property=\"og:locale\" content=\"en_US\" \/>\n<meta property=\"og:type\" content=\"article\" \/>\n<meta property=\"og:title\" content=\"Alquiler sala de reuniones en Barcelona - Casa Muntades meeting room - LOOM Cornell\u00e0\" \/>\n<meta property=\"og:description\" content=\"Alquiler de sala de reuniones en Barcelona. Reserva tu sala de reuniones en LOOM Cornell\u00e0. para charlas, conferencias y eventos. La Casa Muntades meeting room est\u00e1 completamente equipadas con las ultimas tecnolog\u00edas.\" \/>\n<meta property=\"og:url\" content=\"https:\/\/loom.es\/en\/plans\/meeting-rooms\/barcelona\/loom-plaza-catalunya\/sala-casa-muntades\/\" \/>\n<meta property=\"og:site_name\" content=\"LOOM (English)\" \/>\n<meta property=\"article:modified_time\" content=\"2024-09-03T07:40:49+00:00\" \/>\n<meta property=\"og:image\" content=\"https:\/\/loom.es\/en\/wp-content\/uploads\/sites\/2\/2022\/10\/Proyecto-nuevo-15.png\" \/>\n\t<meta property=\"og:image:width\" content=\"500\" \/>\n\t<meta property=\"og:image:height\" content=\"500\" \/>\n\t<meta property=\"og:image:type\" content=\"image\/png\" \/>\n<meta name=\"twitter:card\" content=\"summary_large_image\" \/>\n<meta name=\"twitter:label1\" content=\"Est. reading time\" \/>\n\t<meta name=\"twitter:data1\" content=\"1 minute\" \/>\n<script type=\"application\/ld+json\" class=\"yoast-schema-graph\">{\"@context\":\"https:\/\/schema.org\",\"@graph\":[{\"@type\":\"WebPage\",\"@id\":\"https:\/\/loom.es\/en\/plans\/meeting-rooms\/barcelona\/loom-plaza-catalunya\/sala-casa-muntades\/\",\"url\":\"https:\/\/loom.es\/en\/plans\/meeting-rooms\/barcelona\/loom-plaza-catalunya\/sala-casa-muntades\/\",\"name\":\"Alquiler sala de reuniones en Barcelona - Casa Muntades meeting room - LOOM Cornell\u00e0\",\"isPartOf\":{\"@id\":\"https:\/\/loom.es\/en\/#website\"},\"primaryImageOfPage\":{\"@id\":\"https:\/\/loom.es\/en\/plans\/meeting-rooms\/barcelona\/loom-plaza-catalunya\/sala-casa-muntades\/#primaryimage\"},\"image\":{\"@id\":\"https:\/\/loom.es\/en\/plans\/meeting-rooms\/barcelona\/loom-plaza-catalunya\/sala-casa-muntades\/#primaryimage\"},\"thumbnailUrl\":\"https:\/\/loom.es\/en\/wp-content\/uploads\/sites\/2\/2022\/10\/Proyecto-nuevo-15.png\",\"datePublished\":\"2022-10-28T15:01:30+00:00\",\"dateModified\":\"2024-09-03T07:40:49+00:00\",\"description\":\"Alquiler de sala de reuniones en Barcelona. Reserva tu sala de reuniones en LOOM Cornell\u00e0. para charlas, conferencias y eventos. La Casa Muntades meeting room est\u00e1 completamente equipadas con las ultimas tecnolog\u00edas.\",\"breadcrumb\":{\"@id\":\"https:\/\/loom.es\/en\/plans\/meeting-rooms\/barcelona\/loom-plaza-catalunya\/sala-casa-muntades\/#breadcrumb\"},\"inLanguage\":\"en-US\",\"potentialAction\":[{\"@type\":\"ReadAction\",\"target\":[\"https:\/\/loom.es\/en\/plans\/meeting-rooms\/barcelona\/loom-plaza-catalunya\/sala-casa-muntades\/\"]}]},{\"@type\":\"ImageObject\",\"inLanguage\":\"en-US\",\"@id\":\"https:\/\/loom.es\/en\/plans\/meeting-rooms\/barcelona\/loom-plaza-catalunya\/sala-casa-muntades\/#primaryimage\",\"url\":\"https:\/\/loom.es\/en\/wp-content\/uploads\/sites\/2\/2022\/10\/Proyecto-nuevo-15.png\",\"contentUrl\":\"https:\/\/loom.es\/en\/wp-content\/uploads\/sites\/2\/2022\/10\/Proyecto-nuevo-15.png\",\"width\":500,\"height\":500,\"caption\":\"sala de reuniones en el centro de barcelona perfecto para una reunion peque\u00f1a e intima\"},{\"@type\":\"BreadcrumbList\",\"@id\":\"https:\/\/loom.es\/en\/plans\/meeting-rooms\/barcelona\/loom-plaza-catalunya\/sala-casa-muntades\/#breadcrumb\",\"itemListElement\":[{\"@type\":\"ListItem\",\"position\":1,\"name\":\"Home\",\"item\":\"https:\/\/loom.es\/en\/\"},{\"@type\":\"ListItem\",\"position\":2,\"name\":\"OUR PLANS &#038; PRODUCTS\",\"item\":\"https:\/\/loom.es\/en\/plans\/\"},{\"@type\":\"ListItem\",\"position\":3,\"name\":\"MEETING ROOMS\",\"item\":\"https:\/\/loom.es\/en\/plans\/meeting-rooms\/\"},{\"@type\":\"ListItem\",\"position\":4,\"name\":\"MEETING ROOMS IN BARCELONA\",\"item\":\"https:\/\/loom.es\/en\/plans\/meeting-rooms\/barcelona\/\"},{\"@type\":\"ListItem\",\"position\":5,\"name\":\"LOOM Plaza Catalunya\",\"item\":\"https:\/\/loom.es\/en\/plans\/meeting-rooms\/barcelona\/loom-plaza-catalunya\/\"},{\"@type\":\"ListItem\",\"position\":6,\"name\":\"Casa Muntades meeting room\"}]},{\"@type\":\"WebSite\",\"@id\":\"https:\/\/loom.es\/en\/#website\",\"url\":\"https:\/\/loom.es\/en\/\",\"name\":\"LOOM (English)\",\"description\":\"Espacios de trabajo flexibles\",\"publisher\":{\"@id\":\"https:\/\/loom.es\/en\/#organization\"},\"potentialAction\":[{\"@type\":\"SearchAction\",\"target\":{\"@type\":\"EntryPoint\",\"urlTemplate\":\"https:\/\/loom.es\/en\/?s={search_term_string}\"},\"query-input\":{\"@type\":\"PropertyValueSpecification\",\"valueRequired\":true,\"valueName\":\"search_term_string\"}}],\"inLanguage\":\"en-US\"},{\"@type\":\"Organization\",\"@id\":\"https:\/\/loom.es\/en\/#organization\",\"name\":\"LOOM (English)\",\"url\":\"https:\/\/loom.es\/en\/\",\"logo\":{\"@type\":\"ImageObject\",\"inLanguage\":\"en-US\",\"@id\":\"https:\/\/loom.es\/en\/#\/schema\/logo\/image\/\",\"url\":\"https:\/\/loom.es\/en\/wp-content\/uploads\/sites\/2\/2023\/02\/cropped-logo-loom-white.png\",\"contentUrl\":\"https:\/\/loom.es\/en\/wp-content\/uploads\/sites\/2\/2023\/02\/cropped-logo-loom-white.png\",\"width\":500,\"height\":105,\"caption\":\"LOOM (English)\"},\"image\":{\"@id\":\"https:\/\/loom.es\/en\/#\/schema\/logo\/image\/\"}}]}<\/script>\n<!-- \/ Yoast SEO plugin. -->","yoast_head_json":{"title":"Alquiler sala de reuniones en Barcelona - Casa Muntades meeting room - LOOM Cornell\u00e0","description":"Alquiler de sala de reuniones en Barcelona. Reserva tu sala de reuniones en LOOM Cornell\u00e0. para charlas, conferencias y eventos. La Casa Muntades meeting room est\u00e1 completamente equipadas con las ultimas tecnolog\u00edas.","robots":{"index":"index","follow":"follow","max-snippet":"max-snippet:-1","max-image-preview":"max-image-preview:large","max-video-preview":"max-video-preview:-1"},"canonical":"https:\/\/loom.es\/en\/plans\/meeting-rooms\/barcelona\/loom-plaza-catalunya\/sala-casa-muntades\/","og_locale":"en_US","og_type":"article","og_title":"Alquiler sala de reuniones en Barcelona - Casa Muntades meeting room - LOOM Cornell\u00e0","og_description":"Alquiler de sala de reuniones en Barcelona. Reserva tu sala de reuniones en LOOM Cornell\u00e0. para charlas, conferencias y eventos. La Casa Muntades meeting room est\u00e1 completamente equipadas con las ultimas tecnolog\u00edas.","og_url":"https:\/\/loom.es\/en\/plans\/meeting-rooms\/barcelona\/loom-plaza-catalunya\/sala-casa-muntades\/","og_site_name":"LOOM (English)","article_modified_time":"2024-09-03T07:40:49+00:00","og_image":[{"width":500,"height":500,"url":"https:\/\/loom.es\/en\/wp-content\/uploads\/sites\/2\/2022\/10\/Proyecto-nuevo-15.png","type":"image\/png"}],"twitter_card":"summary_large_image","twitter_misc":{"Est. reading time":"1 minute"},"schema":{"@context":"https:\/\/schema.org","@graph":[{"@type":"WebPage","@id":"https:\/\/loom.es\/en\/plans\/meeting-rooms\/barcelona\/loom-plaza-catalunya\/sala-casa-muntades\/","url":"https:\/\/loom.es\/en\/plans\/meeting-rooms\/barcelona\/loom-plaza-catalunya\/sala-casa-muntades\/","name":"Alquiler sala de reuniones en Barcelona - Casa Muntades meeting room - LOOM Cornell\u00e0","isPartOf":{"@id":"https:\/\/loom.es\/en\/#website"},"primaryImageOfPage":{"@id":"https:\/\/loom.es\/en\/plans\/meeting-rooms\/barcelona\/loom-plaza-catalunya\/sala-casa-muntades\/#primaryimage"},"image":{"@id":"https:\/\/loom.es\/en\/plans\/meeting-rooms\/barcelona\/loom-plaza-catalunya\/sala-casa-muntades\/#primaryimage"},"thumbnailUrl":"https:\/\/loom.es\/en\/wp-content\/uploads\/sites\/2\/2022\/10\/Proyecto-nuevo-15.png","datePublished":"2022-10-28T15:01:30+00:00","dateModified":"2024-09-03T07:40:49+00:00","description":"Alquiler de sala de reuniones en Barcelona. Reserva tu sala de reuniones en LOOM Cornell\u00e0. para charlas, conferencias y eventos. La Casa Muntades meeting room est\u00e1 completamente equipadas con las ultimas tecnolog\u00edas.","breadcrumb":{"@id":"https:\/\/loom.es\/en\/plans\/meeting-rooms\/barcelona\/loom-plaza-catalunya\/sala-casa-muntades\/#breadcrumb"},"inLanguage":"en-US","potentialAction":[{"@type":"ReadAction","target":["https:\/\/loom.es\/en\/plans\/meeting-rooms\/barcelona\/loom-plaza-catalunya\/sala-casa-muntades\/"]}]},{"@type":"ImageObject","inLanguage":"en-US","@id":"https:\/\/loom.es\/en\/plans\/meeting-rooms\/barcelona\/loom-plaza-catalunya\/sala-casa-muntades\/#primaryimage","url":"https:\/\/loom.es\/en\/wp-content\/uploads\/sites\/2\/2022\/10\/Proyecto-nuevo-15.png","contentUrl":"https:\/\/loom.es\/en\/wp-content\/uploads\/sites\/2\/2022\/10\/Proyecto-nuevo-15.png","width":500,"height":500,"caption":"sala de reuniones en el centro de barcelona perfecto para una reunion peque\u00f1a e intima"},{"@type":"BreadcrumbList","@id":"https:\/\/loom.es\/en\/plans\/meeting-rooms\/barcelona\/loom-plaza-catalunya\/sala-casa-muntades\/#breadcrumb","itemListElement":[{"@type":"ListItem","position":1,"name":"Home","item":"https:\/\/loom.es\/en\/"},{"@type":"ListItem","position":2,"name":"OUR PLANS &#038; PRODUCTS","item":"https:\/\/loom.es\/en\/plans\/"},{"@type":"ListItem","position":3,"name":"MEETING ROOMS","item":"https:\/\/loom.es\/en\/plans\/meeting-rooms\/"},{"@type":"ListItem","position":4,"name":"MEETING ROOMS IN BARCELONA","item":"https:\/\/loom.es\/en\/plans\/meeting-rooms\/barcelona\/"},{"@type":"ListItem","position":5,"name":"LOOM Plaza Catalunya","item":"https:\/\/loom.es\/en\/plans\/meeting-rooms\/barcelona\/loom-plaza-catalunya\/"},{"@type":"ListItem","position":6,"name":"Casa Muntades meeting room"}]},{"@type":"WebSite","@id":"https:\/\/loom.es\/en\/#website","url":"https:\/\/loom.es\/en\/","name":"LOOM (English)","description":"Espacios de trabajo flexibles","publisher":{"@id":"https:\/\/loom.es\/en\/#organization"},"potentialAction":[{"@type":"SearchAction","target":{"@type":"EntryPoint","urlTemplate":"https:\/\/loom.es\/en\/?s={search_term_string}"},"query-input":{"@type":"PropertyValueSpecification","valueRequired":true,"valueName":"search_term_string"}}],"inLanguage":"en-US"},{"@type":"Organization","@id":"https:\/\/loom.es\/en\/#organization","name":"LOOM (English)","url":"https:\/\/loom.es\/en\/","logo":{"@type":"ImageObject","inLanguage":"en-US","@id":"https:\/\/loom.es\/en\/#\/schema\/logo\/image\/","url":"https:\/\/loom.es\/en\/wp-content\/uploads\/sites\/2\/2023\/02\/cropped-logo-loom-white.png","contentUrl":"https:\/\/loom.es\/en\/wp-content\/uploads\/sites\/2\/2023\/02\/cropped-logo-loom-white.png","width":500,"height":105,"caption":"LOOM (English)"},"image":{"@id":"https:\/\/loom.es\/en\/#\/schema\/logo\/image\/"}}]}},"_links":{"self":[{"href":"https:\/\/loom.es\/en\/wp-json\/wp\/v2\/pages\/22258"}],"collection":[{"href":"https:\/\/loom.es\/en\/wp-json\/wp\/v2\/pages"}],"about":[{"href":"https:\/\/loom.es\/en\/wp-json\/wp\/v2\/types\/page"}],"author":[{"embeddable":true,"href":"https:\/\/loom.es\/en\/wp-json\/wp\/v2\/users\/19"}],"replies":[{"embeddable":true,"href":"https:\/\/loom.es\/en\/wp-json\/wp\/v2\/comments?post=22258"}],"version-history":[{"count":1,"href":"https:\/\/loom.es\/en\/wp-json\/wp\/v2\/pages\/22258\/revisions"}],"predecessor-version":[{"id":36539,"href":"https:\/\/loom.es\/en\/wp-json\/wp\/v2\/pages\/22258\/revisions\/36539"}],"up":[{"embeddable":true,"href":"https:\/\/loom.es\/en\/wp-json\/wp\/v2\/pages\/22216"}],"wp:featuredmedia":[{"embeddable":true,"href":"https:\/\/loom.es\/en\/wp-json\/wp\/v2\/media\/22262"}],"wp:attachment":[{"href":"https:\/\/loom.es\/en\/wp-json\/wp\/v2\/media?parent=22258"}],"wp:term":[{"taxonomy":"category","embeddable":true,"href":"https:\/\/loom.es\/en\/wp-json\/wp\/v2\/categories?post=22258"}],"curies":[{"name":"wp","href":"https:\/\/api.w.org\/{rel}","templated":true}]}}