



{"id":23089,"date":"2023-01-11T09:13:07","date_gmt":"2023-01-11T09:13:07","guid":{"rendered":"https:\/\/loom.es\/?page_id=23089"},"modified":"2024-09-02T15:18:29","modified_gmt":"2024-09-02T15:18:29","slug":"sala-regadera","status":"publish","type":"page","link":"https:\/\/loom.es\/en\/plans\/meeting-rooms\/barcelona\/loom-ferreteria\/sala-regadera\/","title":{"rendered":"Regadera meeting room"},"content":{"rendered":"","protected":false},"excerpt":{"rendered":"","protected":false},"author":19,"featured_media":23095,"parent":23090,"menu_order":0,"comment_status":"closed","ping_status":"closed","template":"template-detalle-sala.php","meta":{"footnotes":""},"categories":[689],"class_list":["post-23089","page","type-page","status-publish","has-post-thumbnail","hentry","category-salas-loom-ferreteria"],"acf":[],"yoast_head":"<!-- This site is optimized with the Yoast SEO plugin v25.1 - https:\/\/yoast.com\/wordpress\/plugins\/seo\/ -->\n<title>Meeting room rental in Barcelona - LOOM Ferreter\u00eda<\/title>\n<meta name=\"description\" content=\"Alquiler de sala de reuniones en Barcelona. Reserva tu sala de reuniones en LOOM Cornell\u00e0. para charlas, conferencias y eventos. La Regadera meeting room est\u00e1 completamente equipadas con las ultimas tecnolog\u00edas.\" \/>\n<meta name=\"robots\" content=\"index, follow, max-snippet:-1, max-image-preview:large, max-video-preview:-1\" \/>\n<link rel=\"canonical\" href=\"https:\/\/loom.es\/en\/plans\/meeting-rooms\/barcelona\/loom-ferreteria\/sala-regadera\/\" \/>\n<meta property=\"og:locale\" content=\"en_US\" \/>\n<meta property=\"og:type\" content=\"article\" \/>\n<meta property=\"og:title\" content=\"Meeting room rental in Barcelona - LOOM Ferreter\u00eda\" \/>\n<meta property=\"og:description\" content=\"Alquiler de sala de reuniones en Barcelona. Reserva tu sala de reuniones en LOOM Cornell\u00e0. para charlas, conferencias y eventos. La Regadera meeting room est\u00e1 completamente equipadas con las ultimas tecnolog\u00edas.\" \/>\n<meta property=\"og:url\" content=\"https:\/\/loom.es\/en\/plans\/meeting-rooms\/barcelona\/loom-ferreteria\/sala-regadera\/\" \/>\n<meta property=\"og:site_name\" content=\"LOOM (English)\" \/>\n<meta property=\"article:modified_time\" content=\"2024-09-02T15:18:29+00:00\" \/>\n<meta property=\"og:image\" content=\"https:\/\/loom.es\/en\/wp-content\/uploads\/sites\/2\/2023\/01\/IMG_0236-2_edit.jpg\" \/>\n\t<meta property=\"og:image:width\" content=\"2000\" \/>\n\t<meta property=\"og:image:height\" content=\"1500\" \/>\n\t<meta property=\"og:image:type\" content=\"image\/jpeg\" \/>\n<meta name=\"twitter:card\" content=\"summary_large_image\" \/>\n<meta name=\"twitter:label1\" content=\"Est. reading time\" \/>\n\t<meta name=\"twitter:data1\" content=\"1 minute\" \/>\n<script type=\"application\/ld+json\" class=\"yoast-schema-graph\">{\"@context\":\"https:\/\/schema.org\",\"@graph\":[{\"@type\":\"WebPage\",\"@id\":\"https:\/\/loom.es\/en\/plans\/meeting-rooms\/barcelona\/loom-ferreteria\/sala-regadera\/\",\"url\":\"https:\/\/loom.es\/en\/plans\/meeting-rooms\/barcelona\/loom-ferreteria\/sala-regadera\/\",\"name\":\"Meeting room rental in Barcelona - LOOM Ferreter\u00eda\",\"isPartOf\":{\"@id\":\"https:\/\/loom.es\/en\/#website\"},\"primaryImageOfPage\":{\"@id\":\"https:\/\/loom.es\/en\/plans\/meeting-rooms\/barcelona\/loom-ferreteria\/sala-regadera\/#primaryimage\"},\"image\":{\"@id\":\"https:\/\/loom.es\/en\/plans\/meeting-rooms\/barcelona\/loom-ferreteria\/sala-regadera\/#primaryimage\"},\"thumbnailUrl\":\"https:\/\/loom.es\/en\/wp-content\/uploads\/sites\/2\/2023\/01\/IMG_0236-2_edit.jpg\",\"datePublished\":\"2023-01-11T09:13:07+00:00\",\"dateModified\":\"2024-09-02T15:18:29+00:00\",\"description\":\"Alquiler de sala de reuniones en Barcelona. Reserva tu sala de reuniones en LOOM Cornell\u00e0. para charlas, conferencias y eventos. La Regadera meeting room est\u00e1 completamente equipadas con las ultimas tecnolog\u00edas.\",\"breadcrumb\":{\"@id\":\"https:\/\/loom.es\/en\/plans\/meeting-rooms\/barcelona\/loom-ferreteria\/sala-regadera\/#breadcrumb\"},\"inLanguage\":\"en-US\",\"potentialAction\":[{\"@type\":\"ReadAction\",\"target\":[\"https:\/\/loom.es\/en\/plans\/meeting-rooms\/barcelona\/loom-ferreteria\/sala-regadera\/\"]}]},{\"@type\":\"ImageObject\",\"inLanguage\":\"en-US\",\"@id\":\"https:\/\/loom.es\/en\/plans\/meeting-rooms\/barcelona\/loom-ferreteria\/sala-regadera\/#primaryimage\",\"url\":\"https:\/\/loom.es\/en\/wp-content\/uploads\/sites\/2\/2023\/01\/IMG_0236-2_edit.jpg\",\"contentUrl\":\"https:\/\/loom.es\/en\/wp-content\/uploads\/sites\/2\/2023\/01\/IMG_0236-2_edit.jpg\",\"width\":2000,\"height\":1500,\"caption\":\"sala de reuniones en el 22@ de barcelona\"},{\"@type\":\"BreadcrumbList\",\"@id\":\"https:\/\/loom.es\/en\/plans\/meeting-rooms\/barcelona\/loom-ferreteria\/sala-regadera\/#breadcrumb\",\"itemListElement\":[{\"@type\":\"ListItem\",\"position\":1,\"name\":\"Home\",\"item\":\"https:\/\/loom.es\/en\/\"},{\"@type\":\"ListItem\",\"position\":2,\"name\":\"OUR PLANS &#038; PRODUCTS\",\"item\":\"https:\/\/loom.es\/en\/plans\/\"},{\"@type\":\"ListItem\",\"position\":3,\"name\":\"MEETING ROOMS\",\"item\":\"https:\/\/loom.es\/en\/plans\/meeting-rooms\/\"},{\"@type\":\"ListItem\",\"position\":4,\"name\":\"MEETING ROOMS IN BARCELONA\",\"item\":\"https:\/\/loom.es\/en\/plans\/meeting-rooms\/barcelona\/\"},{\"@type\":\"ListItem\",\"position\":5,\"name\":\"LOOM Ferreter\u00eda\",\"item\":\"https:\/\/loom.es\/en\/plans\/meeting-rooms\/barcelona\/loom-ferreteria\/\"},{\"@type\":\"ListItem\",\"position\":6,\"name\":\"Regadera meeting room\"}]},{\"@type\":\"WebSite\",\"@id\":\"https:\/\/loom.es\/en\/#website\",\"url\":\"https:\/\/loom.es\/en\/\",\"name\":\"LOOM (English)\",\"description\":\"Espacios de trabajo flexibles\",\"publisher\":{\"@id\":\"https:\/\/loom.es\/en\/#organization\"},\"potentialAction\":[{\"@type\":\"SearchAction\",\"target\":{\"@type\":\"EntryPoint\",\"urlTemplate\":\"https:\/\/loom.es\/en\/?s={search_term_string}\"},\"query-input\":{\"@type\":\"PropertyValueSpecification\",\"valueRequired\":true,\"valueName\":\"search_term_string\"}}],\"inLanguage\":\"en-US\"},{\"@type\":\"Organization\",\"@id\":\"https:\/\/loom.es\/en\/#organization\",\"name\":\"LOOM (English)\",\"url\":\"https:\/\/loom.es\/en\/\",\"logo\":{\"@type\":\"ImageObject\",\"inLanguage\":\"en-US\",\"@id\":\"https:\/\/loom.es\/en\/#\/schema\/logo\/image\/\",\"url\":\"https:\/\/loom.es\/en\/wp-content\/uploads\/sites\/2\/2023\/02\/cropped-logo-loom-white.png\",\"contentUrl\":\"https:\/\/loom.es\/en\/wp-content\/uploads\/sites\/2\/2023\/02\/cropped-logo-loom-white.png\",\"width\":500,\"height\":105,\"caption\":\"LOOM (English)\"},\"image\":{\"@id\":\"https:\/\/loom.es\/en\/#\/schema\/logo\/image\/\"}}]}<\/script>\n<!-- \/ Yoast SEO plugin. -->","yoast_head_json":{"title":"Meeting room rental in Barcelona - LOOM Ferreter\u00eda","description":"Alquiler de sala de reuniones en Barcelona. Reserva tu sala de reuniones en LOOM Cornell\u00e0. para charlas, conferencias y eventos. La Regadera meeting room est\u00e1 completamente equipadas con las ultimas tecnolog\u00edas.","robots":{"index":"index","follow":"follow","max-snippet":"max-snippet:-1","max-image-preview":"max-image-preview:large","max-video-preview":"max-video-preview:-1"},"canonical":"https:\/\/loom.es\/en\/plans\/meeting-rooms\/barcelona\/loom-ferreteria\/sala-regadera\/","og_locale":"en_US","og_type":"article","og_title":"Meeting room rental in Barcelona - LOOM Ferreter\u00eda","og_description":"Alquiler de sala de reuniones en Barcelona. Reserva tu sala de reuniones en LOOM Cornell\u00e0. para charlas, conferencias y eventos. La Regadera meeting room est\u00e1 completamente equipadas con las ultimas tecnolog\u00edas.","og_url":"https:\/\/loom.es\/en\/plans\/meeting-rooms\/barcelona\/loom-ferreteria\/sala-regadera\/","og_site_name":"LOOM (English)","article_modified_time":"2024-09-02T15:18:29+00:00","og_image":[{"width":2000,"height":1500,"url":"https:\/\/loom.es\/en\/wp-content\/uploads\/sites\/2\/2023\/01\/IMG_0236-2_edit.jpg","type":"image\/jpeg"}],"twitter_card":"summary_large_image","twitter_misc":{"Est. reading time":"1 minute"},"schema":{"@context":"https:\/\/schema.org","@graph":[{"@type":"WebPage","@id":"https:\/\/loom.es\/en\/plans\/meeting-rooms\/barcelona\/loom-ferreteria\/sala-regadera\/","url":"https:\/\/loom.es\/en\/plans\/meeting-rooms\/barcelona\/loom-ferreteria\/sala-regadera\/","name":"Meeting room rental in Barcelona - LOOM Ferreter\u00eda","isPartOf":{"@id":"https:\/\/loom.es\/en\/#website"},"primaryImageOfPage":{"@id":"https:\/\/loom.es\/en\/plans\/meeting-rooms\/barcelona\/loom-ferreteria\/sala-regadera\/#primaryimage"},"image":{"@id":"https:\/\/loom.es\/en\/plans\/meeting-rooms\/barcelona\/loom-ferreteria\/sala-regadera\/#primaryimage"},"thumbnailUrl":"https:\/\/loom.es\/en\/wp-content\/uploads\/sites\/2\/2023\/01\/IMG_0236-2_edit.jpg","datePublished":"2023-01-11T09:13:07+00:00","dateModified":"2024-09-02T15:18:29+00:00","description":"Alquiler de sala de reuniones en Barcelona. Reserva tu sala de reuniones en LOOM Cornell\u00e0. para charlas, conferencias y eventos. La Regadera meeting room est\u00e1 completamente equipadas con las ultimas tecnolog\u00edas.","breadcrumb":{"@id":"https:\/\/loom.es\/en\/plans\/meeting-rooms\/barcelona\/loom-ferreteria\/sala-regadera\/#breadcrumb"},"inLanguage":"en-US","potentialAction":[{"@type":"ReadAction","target":["https:\/\/loom.es\/en\/plans\/meeting-rooms\/barcelona\/loom-ferreteria\/sala-regadera\/"]}]},{"@type":"ImageObject","inLanguage":"en-US","@id":"https:\/\/loom.es\/en\/plans\/meeting-rooms\/barcelona\/loom-ferreteria\/sala-regadera\/#primaryimage","url":"https:\/\/loom.es\/en\/wp-content\/uploads\/sites\/2\/2023\/01\/IMG_0236-2_edit.jpg","contentUrl":"https:\/\/loom.es\/en\/wp-content\/uploads\/sites\/2\/2023\/01\/IMG_0236-2_edit.jpg","width":2000,"height":1500,"caption":"sala de reuniones en el 22@ de barcelona"},{"@type":"BreadcrumbList","@id":"https:\/\/loom.es\/en\/plans\/meeting-rooms\/barcelona\/loom-ferreteria\/sala-regadera\/#breadcrumb","itemListElement":[{"@type":"ListItem","position":1,"name":"Home","item":"https:\/\/loom.es\/en\/"},{"@type":"ListItem","position":2,"name":"OUR PLANS &#038; PRODUCTS","item":"https:\/\/loom.es\/en\/plans\/"},{"@type":"ListItem","position":3,"name":"MEETING ROOMS","item":"https:\/\/loom.es\/en\/plans\/meeting-rooms\/"},{"@type":"ListItem","position":4,"name":"MEETING ROOMS IN BARCELONA","item":"https:\/\/loom.es\/en\/plans\/meeting-rooms\/barcelona\/"},{"@type":"ListItem","position":5,"name":"LOOM Ferreter\u00eda","item":"https:\/\/loom.es\/en\/plans\/meeting-rooms\/barcelona\/loom-ferreteria\/"},{"@type":"ListItem","position":6,"name":"Regadera meeting room"}]},{"@type":"WebSite","@id":"https:\/\/loom.es\/en\/#website","url":"https:\/\/loom.es\/en\/","name":"LOOM (English)","description":"Espacios de trabajo flexibles","publisher":{"@id":"https:\/\/loom.es\/en\/#organization"},"potentialAction":[{"@type":"SearchAction","target":{"@type":"EntryPoint","urlTemplate":"https:\/\/loom.es\/en\/?s={search_term_string}"},"query-input":{"@type":"PropertyValueSpecification","valueRequired":true,"valueName":"search_term_string"}}],"inLanguage":"en-US"},{"@type":"Organization","@id":"https:\/\/loom.es\/en\/#organization","name":"LOOM (English)","url":"https:\/\/loom.es\/en\/","logo":{"@type":"ImageObject","inLanguage":"en-US","@id":"https:\/\/loom.es\/en\/#\/schema\/logo\/image\/","url":"https:\/\/loom.es\/en\/wp-content\/uploads\/sites\/2\/2023\/02\/cropped-logo-loom-white.png","contentUrl":"https:\/\/loom.es\/en\/wp-content\/uploads\/sites\/2\/2023\/02\/cropped-logo-loom-white.png","width":500,"height":105,"caption":"LOOM (English)"},"image":{"@id":"https:\/\/loom.es\/en\/#\/schema\/logo\/image\/"}}]}},"_links":{"self":[{"href":"https:\/\/loom.es\/en\/wp-json\/wp\/v2\/pages\/23089"}],"collection":[{"href":"https:\/\/loom.es\/en\/wp-json\/wp\/v2\/pages"}],"about":[{"href":"https:\/\/loom.es\/en\/wp-json\/wp\/v2\/types\/page"}],"author":[{"embeddable":true,"href":"https:\/\/loom.es\/en\/wp-json\/wp\/v2\/users\/19"}],"replies":[{"embeddable":true,"href":"https:\/\/loom.es\/en\/wp-json\/wp\/v2\/comments?post=23089"}],"version-history":[{"count":1,"href":"https:\/\/loom.es\/en\/wp-json\/wp\/v2\/pages\/23089\/revisions"}],"predecessor-version":[{"id":36535,"href":"https:\/\/loom.es\/en\/wp-json\/wp\/v2\/pages\/23089\/revisions\/36535"}],"up":[{"embeddable":true,"href":"https:\/\/loom.es\/en\/wp-json\/wp\/v2\/pages\/23090"}],"wp:featuredmedia":[{"embeddable":true,"href":"https:\/\/loom.es\/en\/wp-json\/wp\/v2\/media\/23095"}],"wp:attachment":[{"href":"https:\/\/loom.es\/en\/wp-json\/wp\/v2\/media?parent=23089"}],"wp:term":[{"taxonomy":"category","embeddable":true,"href":"https:\/\/loom.es\/en\/wp-json\/wp\/v2\/categories?post=23089"}],"curies":[{"name":"wp","href":"https:\/\/api.w.org\/{rel}","templated":true}]}}