



{"id":23398,"date":"2023-02-13T15:36:02","date_gmt":"2023-02-13T15:36:02","guid":{"rendered":"https:\/\/loom.es\/?page_id=23398"},"modified":"2023-11-30T20:06:54","modified_gmt":"2023-11-30T20:06:54","slug":"tibidabo","status":"publish","type":"page","link":"https:\/\/loom.es\/en\/plans\/meeting-rooms\/barcelona\/loom-glories\/tibidabo\/","title":{"rendered":"Tibidabo meeting room"},"content":{"rendered":"<h1>Sala de reuniones Barcelona 92, LOOM Gl\u00f2ries (Barcelona)<\/h1>\n<h2>Sala de reuniones ubicada en el barrio 22@<\/h2>\n<p>&nbsp;<\/p>\n<p>Una sala inspirada en los famosos Juegos Ol\u00edmpicos de 1.992, perfecta para liderar y cerrar grandes proyectos.<\/p>\n<p>Esta sala de reuniones est\u00e1 espacialmente dise\u00f1ada para equipos de 12 a 16 personas y est\u00e1 equipada con pantalla y conexi\u00f3n inal\u00e1mbrica ultrarr\u00e1pida, para que tus reuniones sean tan exitosas como los deportistas ol\u00edmpicos.<\/p>\n<p>Sorprende con una sala situada en uno de los edificios m\u00e1s emblem\u00e1ticos de Barcelona, con vistas 360\u00ba a la ciudad.<\/p>\n<p><span data-contrast=\"none\">Este espacio\u00a0 de coworking est\u00e1 pensado para empresas tecnol\u00f3gicas y multinacionales y cuenta con 1.563 m2 de espacios de trabajo divididas entre despachos, puestos fijos y flexibles y salas de reuniones.\u00a0<\/span><\/p>\n<p><span data-contrast=\"none\">La Torre\u00a0Gl\u00f2ries\u00a0cuenta con las certificaciones de sostenibilidad LEED Gold y BREEAM\u00a0Excellent, las m\u00e1s prestigiosas a nivel internacional.\u00a0<\/span><\/p>\n<p><span data-contrast=\"none\">Trabajando en <a href=\"https:\/\/loom.es\/espacios-coworking\/barcelona\/loom-glories\/\">LOOM\u00a0Gl\u00f2ries<\/a> tendr\u00e1s vistas 360\u00ba a la ciudad, disfrutando de diversos ambientes como La Sagrada Familia o la Barceloneta. Adem\u00e1s, este espacio se encuentra situado frente a la playa de la Barceloneta, una localizaci\u00f3n perfecta para salir a pasear o hacer ejercicio a medio d\u00eda.<\/span><\/p>\n<p><a href=\"https:\/\/loom.es\/planes\/salas-de-reuniones\/barcelona\/?city=salas-loom-barcelona&amp;hasCity=false\" target=\"_blank\" rel=\"noopener\">Descubre otras salas de reuniones en Barcelona<\/a> en este espacio u otro de los espacios con los que cuenta LOOM como <a href=\"https:\/\/loom.es\/espacios-coworking\/barcelona\/loom-cornella\/\">LOOM Cornell\u00e1.<\/a><\/p>\n<p>Este edificio es propiedad de <a href=\"https:\/\/www.merlinproperties.com\/\" target=\"_blank\" rel=\"noopener\">MERLIN Properties.<\/a><\/p>\n","protected":false},"excerpt":{"rendered":"<p>Sala de reuniones Barcelona 92, LOOM Gl\u00f2ries (Barcelona) Sala de reuniones ubicada en el barrio 22@ &nbsp; Una sala inspirada en los famosos Juegos Ol\u00edmpicos de 1.992, perfecta para liderar y cerrar grandes proyectos. Esta sala de reuniones est\u00e1 espacialmente dise\u00f1ada para equipos de 12 a 16 personas y est\u00e1 equipada con pantalla y conexi\u00f3n [&hellip;]<\/p>\n","protected":false},"author":19,"featured_media":23400,"parent":1728,"menu_order":6,"comment_status":"closed","ping_status":"closed","template":"template-detalle-sala.php","meta":{"footnotes":""},"categories":[49],"class_list":["post-23398","page","type-page","status-publish","has-post-thumbnail","hentry","category-salas-loom-glories"],"acf":[],"yoast_head":"<!-- This site is optimized with the Yoast SEO plugin v25.1 - https:\/\/yoast.com\/wordpress\/plugins\/seo\/ -->\n<title>Alquiler sala de reuniones en Barcelona - Tibidabo meeting room - LOOM Gl\u00f2ries<\/title>\n<meta name=\"description\" content=\"Alquiler de sala de reuniones en Barcelona. Reserva en LOOM Gl\u00f2ries para charlas, conferencias y eventos. La Tibidabo meeting room est\u00e1 equipada con las ultimas tecnolog\u00edas.\" \/>\n<meta name=\"robots\" content=\"index, follow, max-snippet:-1, max-image-preview:large, max-video-preview:-1\" \/>\n<link rel=\"canonical\" href=\"https:\/\/loom.es\/en\/plans\/meeting-rooms\/barcelona\/loom-glories\/tibidabo\/\" \/>\n<meta property=\"og:locale\" content=\"en_US\" \/>\n<meta property=\"og:type\" content=\"article\" \/>\n<meta property=\"og:title\" content=\"Alquiler sala de reuniones en Barcelona - Tibidabo meeting room - LOOM Gl\u00f2ries\" \/>\n<meta property=\"og:description\" content=\"Alquiler de sala de reuniones en Barcelona. Reserva en LOOM Gl\u00f2ries para charlas, conferencias y eventos. La Tibidabo meeting room est\u00e1 equipada con las ultimas tecnolog\u00edas.\" \/>\n<meta property=\"og:url\" content=\"https:\/\/loom.es\/en\/plans\/meeting-rooms\/barcelona\/loom-glories\/tibidabo\/\" \/>\n<meta property=\"og:site_name\" content=\"LOOM (English)\" \/>\n<meta property=\"article:modified_time\" content=\"2023-11-30T20:06:54+00:00\" \/>\n<meta property=\"og:image\" content=\"https:\/\/loom.es\/en\/wp-content\/uploads\/sites\/2\/2023\/02\/LOOM-Glories-033.jpg\" \/>\n\t<meta property=\"og:image:width\" content=\"1236\" \/>\n\t<meta property=\"og:image:height\" content=\"834\" \/>\n\t<meta property=\"og:image:type\" content=\"image\/jpeg\" \/>\n<meta name=\"twitter:card\" content=\"summary_large_image\" \/>\n<meta name=\"twitter:label1\" content=\"Est. reading time\" \/>\n\t<meta name=\"twitter:data1\" content=\"1 minute\" \/>\n<script type=\"application\/ld+json\" class=\"yoast-schema-graph\">{\"@context\":\"https:\/\/schema.org\",\"@graph\":[{\"@type\":\"WebPage\",\"@id\":\"https:\/\/loom.es\/en\/plans\/meeting-rooms\/barcelona\/loom-glories\/tibidabo\/\",\"url\":\"https:\/\/loom.es\/en\/plans\/meeting-rooms\/barcelona\/loom-glories\/tibidabo\/\",\"name\":\"Alquiler sala de reuniones en Barcelona - Tibidabo meeting room - LOOM Gl\u00f2ries\",\"isPartOf\":{\"@id\":\"https:\/\/loom.es\/en\/#website\"},\"primaryImageOfPage\":{\"@id\":\"https:\/\/loom.es\/en\/plans\/meeting-rooms\/barcelona\/loom-glories\/tibidabo\/#primaryimage\"},\"image\":{\"@id\":\"https:\/\/loom.es\/en\/plans\/meeting-rooms\/barcelona\/loom-glories\/tibidabo\/#primaryimage\"},\"thumbnailUrl\":\"https:\/\/loom.es\/en\/wp-content\/uploads\/sites\/2\/2023\/02\/LOOM-Glories-033.jpg\",\"datePublished\":\"2023-02-13T15:36:02+00:00\",\"dateModified\":\"2023-11-30T20:06:54+00:00\",\"description\":\"Alquiler de sala de reuniones en Barcelona. Reserva en LOOM Gl\u00f2ries para charlas, conferencias y eventos. La Tibidabo meeting room est\u00e1 equipada con las ultimas tecnolog\u00edas.\",\"breadcrumb\":{\"@id\":\"https:\/\/loom.es\/en\/plans\/meeting-rooms\/barcelona\/loom-glories\/tibidabo\/#breadcrumb\"},\"inLanguage\":\"en-US\",\"potentialAction\":[{\"@type\":\"ReadAction\",\"target\":[\"https:\/\/loom.es\/en\/plans\/meeting-rooms\/barcelona\/loom-glories\/tibidabo\/\"]}]},{\"@type\":\"ImageObject\",\"inLanguage\":\"en-US\",\"@id\":\"https:\/\/loom.es\/en\/plans\/meeting-rooms\/barcelona\/loom-glories\/tibidabo\/#primaryimage\",\"url\":\"https:\/\/loom.es\/en\/wp-content\/uploads\/sites\/2\/2023\/02\/LOOM-Glories-033.jpg\",\"contentUrl\":\"https:\/\/loom.es\/en\/wp-content\/uploads\/sites\/2\/2023\/02\/LOOM-Glories-033.jpg\",\"width\":1236,\"height\":834,\"caption\":\"mejor sala de reuniones en el 22@, barcelona\"},{\"@type\":\"BreadcrumbList\",\"@id\":\"https:\/\/loom.es\/en\/plans\/meeting-rooms\/barcelona\/loom-glories\/tibidabo\/#breadcrumb\",\"itemListElement\":[{\"@type\":\"ListItem\",\"position\":1,\"name\":\"Home\",\"item\":\"https:\/\/loom.es\/en\/\"},{\"@type\":\"ListItem\",\"position\":2,\"name\":\"OUR PLANS &#038; PRODUCTS\",\"item\":\"https:\/\/loom.es\/en\/plans\/\"},{\"@type\":\"ListItem\",\"position\":3,\"name\":\"MEETING ROOMS\",\"item\":\"https:\/\/loom.es\/en\/plans\/meeting-rooms\/\"},{\"@type\":\"ListItem\",\"position\":4,\"name\":\"MEETING ROOMS IN BARCELONA\",\"item\":\"https:\/\/loom.es\/en\/plans\/meeting-rooms\/barcelona\/\"},{\"@type\":\"ListItem\",\"position\":5,\"name\":\"LOOM Gl\u00f2ries\",\"item\":\"https:\/\/loom.es\/en\/plans\/meeting-rooms\/barcelona\/loom-glories\/\"},{\"@type\":\"ListItem\",\"position\":6,\"name\":\"Tibidabo meeting room\"}]},{\"@type\":\"WebSite\",\"@id\":\"https:\/\/loom.es\/en\/#website\",\"url\":\"https:\/\/loom.es\/en\/\",\"name\":\"LOOM (English)\",\"description\":\"Espacios de trabajo flexibles\",\"publisher\":{\"@id\":\"https:\/\/loom.es\/en\/#organization\"},\"potentialAction\":[{\"@type\":\"SearchAction\",\"target\":{\"@type\":\"EntryPoint\",\"urlTemplate\":\"https:\/\/loom.es\/en\/?s={search_term_string}\"},\"query-input\":{\"@type\":\"PropertyValueSpecification\",\"valueRequired\":true,\"valueName\":\"search_term_string\"}}],\"inLanguage\":\"en-US\"},{\"@type\":\"Organization\",\"@id\":\"https:\/\/loom.es\/en\/#organization\",\"name\":\"LOOM (English)\",\"url\":\"https:\/\/loom.es\/en\/\",\"logo\":{\"@type\":\"ImageObject\",\"inLanguage\":\"en-US\",\"@id\":\"https:\/\/loom.es\/en\/#\/schema\/logo\/image\/\",\"url\":\"https:\/\/loom.es\/en\/wp-content\/uploads\/sites\/2\/2023\/02\/cropped-logo-loom-white.png\",\"contentUrl\":\"https:\/\/loom.es\/en\/wp-content\/uploads\/sites\/2\/2023\/02\/cropped-logo-loom-white.png\",\"width\":500,\"height\":105,\"caption\":\"LOOM (English)\"},\"image\":{\"@id\":\"https:\/\/loom.es\/en\/#\/schema\/logo\/image\/\"}}]}<\/script>\n<!-- \/ Yoast SEO plugin. -->","yoast_head_json":{"title":"Alquiler sala de reuniones en Barcelona - Tibidabo meeting room - LOOM Gl\u00f2ries","description":"Alquiler de sala de reuniones en Barcelona. Reserva en LOOM Gl\u00f2ries para charlas, conferencias y eventos. La Tibidabo meeting room est\u00e1 equipada con las ultimas tecnolog\u00edas.","robots":{"index":"index","follow":"follow","max-snippet":"max-snippet:-1","max-image-preview":"max-image-preview:large","max-video-preview":"max-video-preview:-1"},"canonical":"https:\/\/loom.es\/en\/plans\/meeting-rooms\/barcelona\/loom-glories\/tibidabo\/","og_locale":"en_US","og_type":"article","og_title":"Alquiler sala de reuniones en Barcelona - Tibidabo meeting room - LOOM Gl\u00f2ries","og_description":"Alquiler de sala de reuniones en Barcelona. Reserva en LOOM Gl\u00f2ries para charlas, conferencias y eventos. La Tibidabo meeting room est\u00e1 equipada con las ultimas tecnolog\u00edas.","og_url":"https:\/\/loom.es\/en\/plans\/meeting-rooms\/barcelona\/loom-glories\/tibidabo\/","og_site_name":"LOOM (English)","article_modified_time":"2023-11-30T20:06:54+00:00","og_image":[{"width":1236,"height":834,"url":"https:\/\/loom.es\/en\/wp-content\/uploads\/sites\/2\/2023\/02\/LOOM-Glories-033.jpg","type":"image\/jpeg"}],"twitter_card":"summary_large_image","twitter_misc":{"Est. reading time":"1 minute"},"schema":{"@context":"https:\/\/schema.org","@graph":[{"@type":"WebPage","@id":"https:\/\/loom.es\/en\/plans\/meeting-rooms\/barcelona\/loom-glories\/tibidabo\/","url":"https:\/\/loom.es\/en\/plans\/meeting-rooms\/barcelona\/loom-glories\/tibidabo\/","name":"Alquiler sala de reuniones en Barcelona - Tibidabo meeting room - LOOM Gl\u00f2ries","isPartOf":{"@id":"https:\/\/loom.es\/en\/#website"},"primaryImageOfPage":{"@id":"https:\/\/loom.es\/en\/plans\/meeting-rooms\/barcelona\/loom-glories\/tibidabo\/#primaryimage"},"image":{"@id":"https:\/\/loom.es\/en\/plans\/meeting-rooms\/barcelona\/loom-glories\/tibidabo\/#primaryimage"},"thumbnailUrl":"https:\/\/loom.es\/en\/wp-content\/uploads\/sites\/2\/2023\/02\/LOOM-Glories-033.jpg","datePublished":"2023-02-13T15:36:02+00:00","dateModified":"2023-11-30T20:06:54+00:00","description":"Alquiler de sala de reuniones en Barcelona. Reserva en LOOM Gl\u00f2ries para charlas, conferencias y eventos. La Tibidabo meeting room est\u00e1 equipada con las ultimas tecnolog\u00edas.","breadcrumb":{"@id":"https:\/\/loom.es\/en\/plans\/meeting-rooms\/barcelona\/loom-glories\/tibidabo\/#breadcrumb"},"inLanguage":"en-US","potentialAction":[{"@type":"ReadAction","target":["https:\/\/loom.es\/en\/plans\/meeting-rooms\/barcelona\/loom-glories\/tibidabo\/"]}]},{"@type":"ImageObject","inLanguage":"en-US","@id":"https:\/\/loom.es\/en\/plans\/meeting-rooms\/barcelona\/loom-glories\/tibidabo\/#primaryimage","url":"https:\/\/loom.es\/en\/wp-content\/uploads\/sites\/2\/2023\/02\/LOOM-Glories-033.jpg","contentUrl":"https:\/\/loom.es\/en\/wp-content\/uploads\/sites\/2\/2023\/02\/LOOM-Glories-033.jpg","width":1236,"height":834,"caption":"mejor sala de reuniones en el 22@, barcelona"},{"@type":"BreadcrumbList","@id":"https:\/\/loom.es\/en\/plans\/meeting-rooms\/barcelona\/loom-glories\/tibidabo\/#breadcrumb","itemListElement":[{"@type":"ListItem","position":1,"name":"Home","item":"https:\/\/loom.es\/en\/"},{"@type":"ListItem","position":2,"name":"OUR PLANS &#038; PRODUCTS","item":"https:\/\/loom.es\/en\/plans\/"},{"@type":"ListItem","position":3,"name":"MEETING ROOMS","item":"https:\/\/loom.es\/en\/plans\/meeting-rooms\/"},{"@type":"ListItem","position":4,"name":"MEETING ROOMS IN BARCELONA","item":"https:\/\/loom.es\/en\/plans\/meeting-rooms\/barcelona\/"},{"@type":"ListItem","position":5,"name":"LOOM Gl\u00f2ries","item":"https:\/\/loom.es\/en\/plans\/meeting-rooms\/barcelona\/loom-glories\/"},{"@type":"ListItem","position":6,"name":"Tibidabo meeting room"}]},{"@type":"WebSite","@id":"https:\/\/loom.es\/en\/#website","url":"https:\/\/loom.es\/en\/","name":"LOOM (English)","description":"Espacios de trabajo flexibles","publisher":{"@id":"https:\/\/loom.es\/en\/#organization"},"potentialAction":[{"@type":"SearchAction","target":{"@type":"EntryPoint","urlTemplate":"https:\/\/loom.es\/en\/?s={search_term_string}"},"query-input":{"@type":"PropertyValueSpecification","valueRequired":true,"valueName":"search_term_string"}}],"inLanguage":"en-US"},{"@type":"Organization","@id":"https:\/\/loom.es\/en\/#organization","name":"LOOM (English)","url":"https:\/\/loom.es\/en\/","logo":{"@type":"ImageObject","inLanguage":"en-US","@id":"https:\/\/loom.es\/en\/#\/schema\/logo\/image\/","url":"https:\/\/loom.es\/en\/wp-content\/uploads\/sites\/2\/2023\/02\/cropped-logo-loom-white.png","contentUrl":"https:\/\/loom.es\/en\/wp-content\/uploads\/sites\/2\/2023\/02\/cropped-logo-loom-white.png","width":500,"height":105,"caption":"LOOM (English)"},"image":{"@id":"https:\/\/loom.es\/en\/#\/schema\/logo\/image\/"}}]}},"_links":{"self":[{"href":"https:\/\/loom.es\/en\/wp-json\/wp\/v2\/pages\/23398"}],"collection":[{"href":"https:\/\/loom.es\/en\/wp-json\/wp\/v2\/pages"}],"about":[{"href":"https:\/\/loom.es\/en\/wp-json\/wp\/v2\/types\/page"}],"author":[{"embeddable":true,"href":"https:\/\/loom.es\/en\/wp-json\/wp\/v2\/users\/19"}],"replies":[{"embeddable":true,"href":"https:\/\/loom.es\/en\/wp-json\/wp\/v2\/comments?post=23398"}],"version-history":[{"count":0,"href":"https:\/\/loom.es\/en\/wp-json\/wp\/v2\/pages\/23398\/revisions"}],"up":[{"embeddable":true,"href":"https:\/\/loom.es\/en\/wp-json\/wp\/v2\/pages\/1728"}],"wp:featuredmedia":[{"embeddable":true,"href":"https:\/\/loom.es\/en\/wp-json\/wp\/v2\/media\/23400"}],"wp:attachment":[{"href":"https:\/\/loom.es\/en\/wp-json\/wp\/v2\/media?parent=23398"}],"wp:term":[{"taxonomy":"category","embeddable":true,"href":"https:\/\/loom.es\/en\/wp-json\/wp\/v2\/categories?post=23398"}],"curies":[{"name":"wp","href":"https:\/\/api.w.org\/{rel}","templated":true}]}}