



{"id":28110,"date":"2023-05-04T08:09:29","date_gmt":"2023-05-04T08:09:29","guid":{"rendered":"https:\/\/loom.es\/?page_id=28110"},"modified":"2024-09-03T11:04:28","modified_gmt":"2024-09-03T11:04:28","slug":"loom-race-4","status":"publish","type":"page","link":"https:\/\/loom.es\/en\/loom-race-4\/","title":{"rendered":"LOOM RACE"},"content":{"rendered":"","protected":false},"excerpt":{"rendered":"","protected":false},"author":19,"featured_media":32978,"parent":0,"menu_order":0,"comment_status":"closed","ping_status":"closed","template":"","meta":{"footnotes":""},"categories":[],"class_list":["post-28110","page","type-page","status-publish","has-post-thumbnail","hentry"],"acf":[],"yoast_head":"<!-- This site is optimized with the Yoast SEO plugin v25.1 - https:\/\/yoast.com\/wordpress\/plugins\/seo\/ -->\n<title>LOOM RACE - LOOM (English)<\/title>\n<meta name=\"description\" content=\"8, 15 y 22 de junio en X-Madrid podr\u00e1s vivir un afterwork muy especial. \u00a1LOOM ha organizado una carrera de sillas de oficinas por equipos!\" \/>\n<meta name=\"robots\" content=\"noindex, nofollow\" \/>\n<meta property=\"og:locale\" content=\"en_US\" \/>\n<meta property=\"og:type\" content=\"article\" \/>\n<meta property=\"og:title\" content=\"\u00a1AP\u00daNTATE A UN AFTERWORK DIFERENTE!\" \/>\n<meta property=\"og:description\" content=\"Los pr\u00f3ximos 8,15 y 22 de junio en X-Madrid podr\u00e1s vivir un afterwork muy especial \u00a1Desde los espacios de trabajo flexible y coworking\u00a0 LOOM hemos organizado una carrera de sillas de oficinas por equipos!\" \/>\n<meta property=\"og:url\" content=\"https:\/\/loom.es\/en\/loom-race-4\/\" \/>\n<meta property=\"og:site_name\" content=\"LOOM (English)\" \/>\n<meta property=\"article:modified_time\" content=\"2024-09-03T11:04:28+00:00\" \/>\n<meta property=\"og:image\" content=\"https:\/\/loom.es\/en\/wp-content\/uploads\/sites\/2\/2023\/05\/7_Open-graph-redes_twitter_1024x512.png\" \/>\n\t<meta property=\"og:image:width\" content=\"1024\" \/>\n\t<meta property=\"og:image:height\" content=\"512\" \/>\n\t<meta property=\"og:image:type\" content=\"image\/png\" \/>\n<meta name=\"twitter:card\" content=\"summary_large_image\" \/>\n<meta name=\"twitter:title\" content=\"\u00a1AP\u00daNTATE A UN AFTERWORK DIFERENTE!\" \/>\n<meta name=\"twitter:description\" content=\"Los pr\u00f3ximos 8,15 y 22 de junio en X-Madrid podr\u00e1s vivir un afterwork muy especial \u00a1Desde los espacios de trabajo flexible y coworking\u00a0 LOOM hemos organizado una carrera de sillas de oficinas por equipos!\" \/>\n<meta name=\"twitter:image\" content=\"https:\/\/loom.es\/en\/wp-content\/uploads\/sites\/2\/2023\/05\/7_Open-graph-redes_twitter_1024x512.png\" \/>\n<meta name=\"twitter:label1\" content=\"Est. reading time\" \/>\n\t<meta name=\"twitter:data1\" content=\"1 minute\" \/>\n<script type=\"application\/ld+json\" class=\"yoast-schema-graph\">{\"@context\":\"https:\/\/schema.org\",\"@graph\":[{\"@type\":\"WebPage\",\"@id\":\"https:\/\/loom.es\/en\/loom-race-4\/\",\"url\":\"https:\/\/loom.es\/en\/loom-race-4\/\",\"name\":\"LOOM RACE - LOOM (English)\",\"isPartOf\":{\"@id\":\"https:\/\/loom.es\/en\/#website\"},\"primaryImageOfPage\":{\"@id\":\"https:\/\/loom.es\/en\/loom-race-4\/#primaryimage\"},\"image\":{\"@id\":\"https:\/\/loom.es\/en\/loom-race-4\/#primaryimage\"},\"thumbnailUrl\":\"https:\/\/loom.es\/en\/wp-content\/uploads\/sites\/2\/2023\/05\/7_Open-graph-redes_twitter_1024x512.png\",\"datePublished\":\"2023-05-04T08:09:29+00:00\",\"dateModified\":\"2024-09-03T11:04:28+00:00\",\"description\":\"8, 15 y 22 de junio en X-Madrid podr\u00e1s vivir un afterwork muy especial. \u00a1LOOM ha organizado una carrera de sillas de oficinas por equipos!\",\"breadcrumb\":{\"@id\":\"https:\/\/loom.es\/en\/loom-race-4\/#breadcrumb\"},\"inLanguage\":\"en-US\",\"potentialAction\":[{\"@type\":\"ReadAction\",\"target\":[\"https:\/\/loom.es\/en\/loom-race-4\/\"]}]},{\"@type\":\"ImageObject\",\"inLanguage\":\"en-US\",\"@id\":\"https:\/\/loom.es\/en\/loom-race-4\/#primaryimage\",\"url\":\"https:\/\/loom.es\/en\/wp-content\/uploads\/sites\/2\/2023\/05\/7_Open-graph-redes_twitter_1024x512.png\",\"contentUrl\":\"https:\/\/loom.es\/en\/wp-content\/uploads\/sites\/2\/2023\/05\/7_Open-graph-redes_twitter_1024x512.png\",\"width\":1024,\"height\":512},{\"@type\":\"BreadcrumbList\",\"@id\":\"https:\/\/loom.es\/en\/loom-race-4\/#breadcrumb\",\"itemListElement\":[{\"@type\":\"ListItem\",\"position\":1,\"name\":\"Home\",\"item\":\"https:\/\/loom.es\/en\/\"},{\"@type\":\"ListItem\",\"position\":2,\"name\":\"LOOM RACE\"}]},{\"@type\":\"WebSite\",\"@id\":\"https:\/\/loom.es\/en\/#website\",\"url\":\"https:\/\/loom.es\/en\/\",\"name\":\"LOOM (English)\",\"description\":\"Espacios de trabajo flexibles\",\"publisher\":{\"@id\":\"https:\/\/loom.es\/en\/#organization\"},\"potentialAction\":[{\"@type\":\"SearchAction\",\"target\":{\"@type\":\"EntryPoint\",\"urlTemplate\":\"https:\/\/loom.es\/en\/?s={search_term_string}\"},\"query-input\":{\"@type\":\"PropertyValueSpecification\",\"valueRequired\":true,\"valueName\":\"search_term_string\"}}],\"inLanguage\":\"en-US\"},{\"@type\":\"Organization\",\"@id\":\"https:\/\/loom.es\/en\/#organization\",\"name\":\"LOOM (English)\",\"url\":\"https:\/\/loom.es\/en\/\",\"logo\":{\"@type\":\"ImageObject\",\"inLanguage\":\"en-US\",\"@id\":\"https:\/\/loom.es\/en\/#\/schema\/logo\/image\/\",\"url\":\"https:\/\/loom.es\/en\/wp-content\/uploads\/sites\/2\/2023\/02\/cropped-logo-loom-white.png\",\"contentUrl\":\"https:\/\/loom.es\/en\/wp-content\/uploads\/sites\/2\/2023\/02\/cropped-logo-loom-white.png\",\"width\":500,\"height\":105,\"caption\":\"LOOM (English)\"},\"image\":{\"@id\":\"https:\/\/loom.es\/en\/#\/schema\/logo\/image\/\"}}]}<\/script>\n<!-- \/ Yoast SEO plugin. -->","yoast_head_json":{"title":"LOOM RACE - LOOM (English)","description":"8, 15 y 22 de junio en X-Madrid podr\u00e1s vivir un afterwork muy especial. \u00a1LOOM ha organizado una carrera de sillas de oficinas por equipos!","robots":{"index":"noindex","follow":"nofollow"},"og_locale":"en_US","og_type":"article","og_title":"\u00a1AP\u00daNTATE A UN AFTERWORK DIFERENTE!","og_description":"Los pr\u00f3ximos 8,15 y 22 de junio en X-Madrid podr\u00e1s vivir un afterwork muy especial \u00a1Desde los espacios de trabajo flexible y coworking\u00a0 LOOM hemos organizado una carrera de sillas de oficinas por equipos!","og_url":"https:\/\/loom.es\/en\/loom-race-4\/","og_site_name":"LOOM (English)","article_modified_time":"2024-09-03T11:04:28+00:00","og_image":[{"width":1024,"height":512,"url":"https:\/\/loom.es\/en\/wp-content\/uploads\/sites\/2\/2023\/05\/7_Open-graph-redes_twitter_1024x512.png","type":"image\/png"}],"twitter_card":"summary_large_image","twitter_title":"\u00a1AP\u00daNTATE A UN AFTERWORK DIFERENTE!","twitter_description":"Los pr\u00f3ximos 8,15 y 22 de junio en X-Madrid podr\u00e1s vivir un afterwork muy especial \u00a1Desde los espacios de trabajo flexible y coworking\u00a0 LOOM hemos organizado una carrera de sillas de oficinas por equipos!","twitter_image":"https:\/\/loom.es\/en\/wp-content\/uploads\/sites\/2\/2023\/05\/7_Open-graph-redes_twitter_1024x512.png","twitter_misc":{"Est. reading time":"1 minute"},"schema":{"@context":"https:\/\/schema.org","@graph":[{"@type":"WebPage","@id":"https:\/\/loom.es\/en\/loom-race-4\/","url":"https:\/\/loom.es\/en\/loom-race-4\/","name":"LOOM RACE - LOOM (English)","isPartOf":{"@id":"https:\/\/loom.es\/en\/#website"},"primaryImageOfPage":{"@id":"https:\/\/loom.es\/en\/loom-race-4\/#primaryimage"},"image":{"@id":"https:\/\/loom.es\/en\/loom-race-4\/#primaryimage"},"thumbnailUrl":"https:\/\/loom.es\/en\/wp-content\/uploads\/sites\/2\/2023\/05\/7_Open-graph-redes_twitter_1024x512.png","datePublished":"2023-05-04T08:09:29+00:00","dateModified":"2024-09-03T11:04:28+00:00","description":"8, 15 y 22 de junio en X-Madrid podr\u00e1s vivir un afterwork muy especial. \u00a1LOOM ha organizado una carrera de sillas de oficinas por equipos!","breadcrumb":{"@id":"https:\/\/loom.es\/en\/loom-race-4\/#breadcrumb"},"inLanguage":"en-US","potentialAction":[{"@type":"ReadAction","target":["https:\/\/loom.es\/en\/loom-race-4\/"]}]},{"@type":"ImageObject","inLanguage":"en-US","@id":"https:\/\/loom.es\/en\/loom-race-4\/#primaryimage","url":"https:\/\/loom.es\/en\/wp-content\/uploads\/sites\/2\/2023\/05\/7_Open-graph-redes_twitter_1024x512.png","contentUrl":"https:\/\/loom.es\/en\/wp-content\/uploads\/sites\/2\/2023\/05\/7_Open-graph-redes_twitter_1024x512.png","width":1024,"height":512},{"@type":"BreadcrumbList","@id":"https:\/\/loom.es\/en\/loom-race-4\/#breadcrumb","itemListElement":[{"@type":"ListItem","position":1,"name":"Home","item":"https:\/\/loom.es\/en\/"},{"@type":"ListItem","position":2,"name":"LOOM RACE"}]},{"@type":"WebSite","@id":"https:\/\/loom.es\/en\/#website","url":"https:\/\/loom.es\/en\/","name":"LOOM (English)","description":"Espacios de trabajo flexibles","publisher":{"@id":"https:\/\/loom.es\/en\/#organization"},"potentialAction":[{"@type":"SearchAction","target":{"@type":"EntryPoint","urlTemplate":"https:\/\/loom.es\/en\/?s={search_term_string}"},"query-input":{"@type":"PropertyValueSpecification","valueRequired":true,"valueName":"search_term_string"}}],"inLanguage":"en-US"},{"@type":"Organization","@id":"https:\/\/loom.es\/en\/#organization","name":"LOOM (English)","url":"https:\/\/loom.es\/en\/","logo":{"@type":"ImageObject","inLanguage":"en-US","@id":"https:\/\/loom.es\/en\/#\/schema\/logo\/image\/","url":"https:\/\/loom.es\/en\/wp-content\/uploads\/sites\/2\/2023\/02\/cropped-logo-loom-white.png","contentUrl":"https:\/\/loom.es\/en\/wp-content\/uploads\/sites\/2\/2023\/02\/cropped-logo-loom-white.png","width":500,"height":105,"caption":"LOOM (English)"},"image":{"@id":"https:\/\/loom.es\/en\/#\/schema\/logo\/image\/"}}]}},"_links":{"self":[{"href":"https:\/\/loom.es\/en\/wp-json\/wp\/v2\/pages\/28110"}],"collection":[{"href":"https:\/\/loom.es\/en\/wp-json\/wp\/v2\/pages"}],"about":[{"href":"https:\/\/loom.es\/en\/wp-json\/wp\/v2\/types\/page"}],"author":[{"embeddable":true,"href":"https:\/\/loom.es\/en\/wp-json\/wp\/v2\/users\/19"}],"replies":[{"embeddable":true,"href":"https:\/\/loom.es\/en\/wp-json\/wp\/v2\/comments?post=28110"}],"version-history":[{"count":1,"href":"https:\/\/loom.es\/en\/wp-json\/wp\/v2\/pages\/28110\/revisions"}],"predecessor-version":[{"id":36546,"href":"https:\/\/loom.es\/en\/wp-json\/wp\/v2\/pages\/28110\/revisions\/36546"}],"wp:featuredmedia":[{"embeddable":true,"href":"https:\/\/loom.es\/en\/wp-json\/wp\/v2\/media\/32978"}],"wp:attachment":[{"href":"https:\/\/loom.es\/en\/wp-json\/wp\/v2\/media?parent=28110"}],"wp:term":[{"taxonomy":"category","embeddable":true,"href":"https:\/\/loom.es\/en\/wp-json\/wp\/v2\/categories?post=28110"}],"curies":[{"name":"wp","href":"https:\/\/api.w.org\/{rel}","templated":true}]}}