



{"id":34805,"date":"2023-10-17T11:54:37","date_gmt":"2023-10-17T11:54:37","guid":{"rendered":"https:\/\/loom.es\/en\/?page_id=34805"},"modified":"2024-03-26T16:36:56","modified_gmt":"2024-03-26T16:36:56","slug":"our-plans-offices-fix-desk","status":"publish","type":"page","link":"https:\/\/loom.es\/en\/our-plans-offices-fix-desk\/","title":{"rendered":"OUR PLANS"},"content":{"rendered":"<p>Productos<\/p>\n<p>est\u00e1n completamente equipadas y con la \u00faltima tecnolog\u00eda, para que tengas a tu disposici\u00f3n el espacio y la ubicaci\u00f3n que mejor se adapte a tus necesidades en cada momento. Adem\u00e1s, te ayudamos con toda la log\u00edstica para que tu reuni\u00f3n sea un \u00e9xito.<\/p>\n","protected":false},"excerpt":{"rendered":"<p>Productos est\u00e1n completamente equipadas y con la \u00faltima tecnolog\u00eda, para que tengas a tu disposici\u00f3n el espacio y la ubicaci\u00f3n que mejor se adapte a tus necesidades en cada momento. Adem\u00e1s, te ayudamos con toda la log\u00edstica para que tu reuni\u00f3n sea un \u00e9xito.<\/p>\n","protected":false},"author":19,"featured_media":0,"parent":0,"menu_order":6,"comment_status":"closed","ping_status":"closed","template":"template-products.php","meta":{"footnotes":""},"categories":[],"class_list":["post-34805","page","type-page","status-publish","hentry"],"acf":[],"yoast_head":"<!-- This site is optimized with the Yoast SEO plugin v25.1 - https:\/\/yoast.com\/wordpress\/plugins\/seo\/ -->\n<title>Plans - Offices, Meeting Rooms and Offices | LOOM (English)<\/title>\n<meta name=\"description\" content=\"Get to know our cowoking rates and prices: offices, fixed positions, meeting rooms and flexible work places\" \/>\n<meta name=\"robots\" content=\"index, follow, max-snippet:-1, max-image-preview:large, max-video-preview:-1\" \/>\n<link rel=\"canonical\" href=\"https:\/\/loom.es\/en\/our-plans-offices-fix-desk\/\" \/>\n<meta property=\"og:locale\" content=\"en_US\" \/>\n<meta property=\"og:type\" content=\"article\" \/>\n<meta property=\"og:title\" content=\"Plans - Offices, Meeting Rooms and Offices | LOOM (English)\" \/>\n<meta property=\"og:description\" content=\"Get to know our cowoking rates and prices: offices, fixed positions, meeting rooms and flexible work places\" \/>\n<meta property=\"og:url\" content=\"https:\/\/loom.es\/en\/our-plans-offices-fix-desk\/\" \/>\n<meta property=\"og:site_name\" content=\"LOOM (English)\" \/>\n<meta property=\"article:modified_time\" content=\"2024-03-26T16:36:56+00:00\" \/>\n<meta name=\"twitter:card\" content=\"summary_large_image\" \/>\n<meta name=\"twitter:label1\" content=\"Est. reading time\" \/>\n\t<meta name=\"twitter:data1\" content=\"1 minute\" \/>\n<script type=\"application\/ld+json\" class=\"yoast-schema-graph\">{\"@context\":\"https:\/\/schema.org\",\"@graph\":[{\"@type\":\"WebPage\",\"@id\":\"https:\/\/loom.es\/en\/our-plans-offices-fix-desk\/\",\"url\":\"https:\/\/loom.es\/en\/our-plans-offices-fix-desk\/\",\"name\":\"Plans - Offices, Meeting Rooms and Offices | LOOM (English)\",\"isPartOf\":{\"@id\":\"https:\/\/loom.es\/en\/#website\"},\"datePublished\":\"2023-10-17T11:54:37+00:00\",\"dateModified\":\"2024-03-26T16:36:56+00:00\",\"description\":\"Get to know our cowoking rates and prices: offices, fixed positions, meeting rooms and flexible work places\",\"breadcrumb\":{\"@id\":\"https:\/\/loom.es\/en\/our-plans-offices-fix-desk\/#breadcrumb\"},\"inLanguage\":\"en-US\",\"potentialAction\":[{\"@type\":\"ReadAction\",\"target\":[\"https:\/\/loom.es\/en\/our-plans-offices-fix-desk\/\"]}]},{\"@type\":\"BreadcrumbList\",\"@id\":\"https:\/\/loom.es\/en\/our-plans-offices-fix-desk\/#breadcrumb\",\"itemListElement\":[{\"@type\":\"ListItem\",\"position\":1,\"name\":\"Home\",\"item\":\"https:\/\/loom.es\/en\/\"},{\"@type\":\"ListItem\",\"position\":2,\"name\":\"OUR PLANS\"}]},{\"@type\":\"WebSite\",\"@id\":\"https:\/\/loom.es\/en\/#website\",\"url\":\"https:\/\/loom.es\/en\/\",\"name\":\"LOOM (English)\",\"description\":\"Espacios de trabajo flexibles\",\"publisher\":{\"@id\":\"https:\/\/loom.es\/en\/#organization\"},\"potentialAction\":[{\"@type\":\"SearchAction\",\"target\":{\"@type\":\"EntryPoint\",\"urlTemplate\":\"https:\/\/loom.es\/en\/?s={search_term_string}\"},\"query-input\":{\"@type\":\"PropertyValueSpecification\",\"valueRequired\":true,\"valueName\":\"search_term_string\"}}],\"inLanguage\":\"en-US\"},{\"@type\":\"Organization\",\"@id\":\"https:\/\/loom.es\/en\/#organization\",\"name\":\"LOOM (English)\",\"url\":\"https:\/\/loom.es\/en\/\",\"logo\":{\"@type\":\"ImageObject\",\"inLanguage\":\"en-US\",\"@id\":\"https:\/\/loom.es\/en\/#\/schema\/logo\/image\/\",\"url\":\"https:\/\/loom.es\/en\/wp-content\/uploads\/sites\/2\/2023\/02\/cropped-logo-loom-white.png\",\"contentUrl\":\"https:\/\/loom.es\/en\/wp-content\/uploads\/sites\/2\/2023\/02\/cropped-logo-loom-white.png\",\"width\":500,\"height\":105,\"caption\":\"LOOM (English)\"},\"image\":{\"@id\":\"https:\/\/loom.es\/en\/#\/schema\/logo\/image\/\"}}]}<\/script>\n<!-- \/ Yoast SEO plugin. -->","yoast_head_json":{"title":"Plans - Offices, Meeting Rooms and Offices | LOOM (English)","description":"Get to know our cowoking rates and prices: offices, fixed positions, meeting rooms and flexible work places","robots":{"index":"index","follow":"follow","max-snippet":"max-snippet:-1","max-image-preview":"max-image-preview:large","max-video-preview":"max-video-preview:-1"},"canonical":"https:\/\/loom.es\/en\/our-plans-offices-fix-desk\/","og_locale":"en_US","og_type":"article","og_title":"Plans - Offices, Meeting Rooms and Offices | LOOM (English)","og_description":"Get to know our cowoking rates and prices: offices, fixed positions, meeting rooms and flexible work places","og_url":"https:\/\/loom.es\/en\/our-plans-offices-fix-desk\/","og_site_name":"LOOM (English)","article_modified_time":"2024-03-26T16:36:56+00:00","twitter_card":"summary_large_image","twitter_misc":{"Est. reading time":"1 minute"},"schema":{"@context":"https:\/\/schema.org","@graph":[{"@type":"WebPage","@id":"https:\/\/loom.es\/en\/our-plans-offices-fix-desk\/","url":"https:\/\/loom.es\/en\/our-plans-offices-fix-desk\/","name":"Plans - Offices, Meeting Rooms and Offices | LOOM (English)","isPartOf":{"@id":"https:\/\/loom.es\/en\/#website"},"datePublished":"2023-10-17T11:54:37+00:00","dateModified":"2024-03-26T16:36:56+00:00","description":"Get to know our cowoking rates and prices: offices, fixed positions, meeting rooms and flexible work places","breadcrumb":{"@id":"https:\/\/loom.es\/en\/our-plans-offices-fix-desk\/#breadcrumb"},"inLanguage":"en-US","potentialAction":[{"@type":"ReadAction","target":["https:\/\/loom.es\/en\/our-plans-offices-fix-desk\/"]}]},{"@type":"BreadcrumbList","@id":"https:\/\/loom.es\/en\/our-plans-offices-fix-desk\/#breadcrumb","itemListElement":[{"@type":"ListItem","position":1,"name":"Home","item":"https:\/\/loom.es\/en\/"},{"@type":"ListItem","position":2,"name":"OUR PLANS"}]},{"@type":"WebSite","@id":"https:\/\/loom.es\/en\/#website","url":"https:\/\/loom.es\/en\/","name":"LOOM (English)","description":"Espacios de trabajo flexibles","publisher":{"@id":"https:\/\/loom.es\/en\/#organization"},"potentialAction":[{"@type":"SearchAction","target":{"@type":"EntryPoint","urlTemplate":"https:\/\/loom.es\/en\/?s={search_term_string}"},"query-input":{"@type":"PropertyValueSpecification","valueRequired":true,"valueName":"search_term_string"}}],"inLanguage":"en-US"},{"@type":"Organization","@id":"https:\/\/loom.es\/en\/#organization","name":"LOOM (English)","url":"https:\/\/loom.es\/en\/","logo":{"@type":"ImageObject","inLanguage":"en-US","@id":"https:\/\/loom.es\/en\/#\/schema\/logo\/image\/","url":"https:\/\/loom.es\/en\/wp-content\/uploads\/sites\/2\/2023\/02\/cropped-logo-loom-white.png","contentUrl":"https:\/\/loom.es\/en\/wp-content\/uploads\/sites\/2\/2023\/02\/cropped-logo-loom-white.png","width":500,"height":105,"caption":"LOOM (English)"},"image":{"@id":"https:\/\/loom.es\/en\/#\/schema\/logo\/image\/"}}]}},"_links":{"self":[{"href":"https:\/\/loom.es\/en\/wp-json\/wp\/v2\/pages\/34805"}],"collection":[{"href":"https:\/\/loom.es\/en\/wp-json\/wp\/v2\/pages"}],"about":[{"href":"https:\/\/loom.es\/en\/wp-json\/wp\/v2\/types\/page"}],"author":[{"embeddable":true,"href":"https:\/\/loom.es\/en\/wp-json\/wp\/v2\/users\/19"}],"replies":[{"embeddable":true,"href":"https:\/\/loom.es\/en\/wp-json\/wp\/v2\/comments?post=34805"}],"version-history":[{"count":0,"href":"https:\/\/loom.es\/en\/wp-json\/wp\/v2\/pages\/34805\/revisions"}],"wp:attachment":[{"href":"https:\/\/loom.es\/en\/wp-json\/wp\/v2\/media?parent=34805"}],"wp:term":[{"taxonomy":"category","embeddable":true,"href":"https:\/\/loom.es\/en\/wp-json\/wp\/v2\/categories?post=34805"}],"curies":[{"name":"wp","href":"https:\/\/api.w.org\/{rel}","templated":true}]}}