



{"id":391,"date":"2021-11-25T12:43:28","date_gmt":"2021-11-25T12:43:28","guid":{"rendered":"http:\/\/loom.local\/?page_id=391"},"modified":"2024-10-11T12:15:06","modified_gmt":"2024-10-11T12:15:06","slug":"loom-cornella","status":"publish","type":"page","link":"https:\/\/loom.es\/en\/coworking-spaces\/spaces-barcelona\/loom-cornella\/","title":{"rendered":"LOOM Cornell\u00e1"},"content":{"rendered":"","protected":false},"excerpt":{"rendered":"","protected":false},"author":1,"featured_media":10722,"parent":2197,"menu_order":12,"comment_status":"closed","ping_status":"closed","template":"template-detalle-espacio.php","meta":{"footnotes":""},"categories":[5,3],"class_list":["post-391","page","type-page","status-publish","has-post-thumbnail","hentry","category-barcelona","category-coworking-spaces"],"acf":[],"yoast_head":"<!-- This site is optimized with the Yoast SEO plugin v25.1 - https:\/\/yoast.com\/wordpress\/plugins\/seo\/ -->\n<title>Flexible work spaces and offices in LOOM Cornell\u00e1 |Cornell\u00e1 de Llobregat<\/title>\n<meta name=\"description\" content=\"Book our coworking space in Barcelona. At LOOM Cornell\u00e0 you will have meeting, networking, offices and event rooms. Find out our rates.\" \/>\n<meta name=\"robots\" content=\"index, follow, max-snippet:-1, max-image-preview:large, max-video-preview:-1\" \/>\n<link rel=\"canonical\" href=\"https:\/\/loom.es\/en\/coworking-spaces\/spaces-barcelona\/loom-cornella\/\" \/>\n<meta property=\"og:locale\" content=\"en_US\" \/>\n<meta property=\"og:type\" content=\"article\" \/>\n<meta property=\"og:title\" content=\"Flexible work spaces and offices in LOOM Cornell\u00e1 |Cornell\u00e1 de Llobregat\" \/>\n<meta property=\"og:description\" content=\"Book our coworking space in Barcelona. At LOOM Cornell\u00e0 you will have meeting, networking, offices and event rooms. Find out our rates.\" \/>\n<meta property=\"og:url\" content=\"https:\/\/loom.es\/en\/coworking-spaces\/spaces-barcelona\/loom-cornella\/\" \/>\n<meta property=\"og:site_name\" content=\"LOOM (English)\" \/>\n<meta property=\"article:modified_time\" content=\"2024-10-11T12:15:06+00:00\" \/>\n<meta property=\"og:image\" content=\"https:\/\/loom.es\/en\/wp-content\/uploads\/sites\/2\/2022\/04\/Diseno-sin-titulo-2022-04-04T131947.438-1024x576.png\" \/>\n\t<meta property=\"og:image:width\" content=\"1024\" \/>\n\t<meta property=\"og:image:height\" content=\"576\" \/>\n\t<meta property=\"og:image:type\" content=\"image\/png\" \/>\n<meta name=\"twitter:card\" content=\"summary_large_image\" \/>\n<meta name=\"twitter:label1\" content=\"Est. reading time\" \/>\n\t<meta name=\"twitter:data1\" content=\"1 minute\" \/>\n<script type=\"application\/ld+json\" class=\"yoast-schema-graph\">{\"@context\":\"https:\/\/schema.org\",\"@graph\":[{\"@type\":\"WebPage\",\"@id\":\"https:\/\/loom.es\/en\/coworking-spaces\/spaces-barcelona\/loom-cornella\/\",\"url\":\"https:\/\/loom.es\/en\/coworking-spaces\/spaces-barcelona\/loom-cornella\/\",\"name\":\"Flexible work spaces and offices in LOOM Cornell\u00e1 |Cornell\u00e1 de Llobregat\",\"isPartOf\":{\"@id\":\"https:\/\/loom.es\/en\/#website\"},\"primaryImageOfPage\":{\"@id\":\"https:\/\/loom.es\/en\/coworking-spaces\/spaces-barcelona\/loom-cornella\/#primaryimage\"},\"image\":{\"@id\":\"https:\/\/loom.es\/en\/coworking-spaces\/spaces-barcelona\/loom-cornella\/#primaryimage\"},\"thumbnailUrl\":\"https:\/\/loom.es\/en\/wp-content\/uploads\/sites\/2\/2022\/04\/Diseno-sin-titulo-2022-04-04T131947.438.png\",\"datePublished\":\"2021-11-25T12:43:28+00:00\",\"dateModified\":\"2024-10-11T12:15:06+00:00\",\"description\":\"Book our coworking space in Barcelona. At LOOM Cornell\u00e0 you will have meeting, networking, offices and event rooms. Find out our rates.\",\"breadcrumb\":{\"@id\":\"https:\/\/loom.es\/en\/coworking-spaces\/spaces-barcelona\/loom-cornella\/#breadcrumb\"},\"inLanguage\":\"en-US\",\"potentialAction\":[{\"@type\":\"ReadAction\",\"target\":[\"https:\/\/loom.es\/en\/coworking-spaces\/spaces-barcelona\/loom-cornella\/\"]}]},{\"@type\":\"ImageObject\",\"inLanguage\":\"en-US\",\"@id\":\"https:\/\/loom.es\/en\/coworking-spaces\/spaces-barcelona\/loom-cornella\/#primaryimage\",\"url\":\"https:\/\/loom.es\/en\/wp-content\/uploads\/sites\/2\/2022\/04\/Diseno-sin-titulo-2022-04-04T131947.438.png\",\"contentUrl\":\"https:\/\/loom.es\/en\/wp-content\/uploads\/sites\/2\/2022\/04\/Diseno-sin-titulo-2022-04-04T131947.438.png\",\"width\":1920,\"height\":1080,\"caption\":\"LOOM Cornell\u00e1 es uno de los mejore espacios de coworking en Barcelona Cornella\"},{\"@type\":\"BreadcrumbList\",\"@id\":\"https:\/\/loom.es\/en\/coworking-spaces\/spaces-barcelona\/loom-cornella\/#breadcrumb\",\"itemListElement\":[{\"@type\":\"ListItem\",\"position\":1,\"name\":\"Home\",\"item\":\"https:\/\/loom.es\/en\/\"},{\"@type\":\"ListItem\",\"position\":2,\"name\":\"60\",\"item\":\"https:\/\/loom.es\/en\/coworking-spaces\/\"},{\"@type\":\"ListItem\",\"position\":3,\"name\":\"COWORKING SPACES IN BARCELONA\",\"item\":\"https:\/\/loom.es\/en\/coworking-spaces\/spaces-barcelona\/\"},{\"@type\":\"ListItem\",\"position\":4,\"name\":\"LOOM Cornell\u00e1\"}]},{\"@type\":\"WebSite\",\"@id\":\"https:\/\/loom.es\/en\/#website\",\"url\":\"https:\/\/loom.es\/en\/\",\"name\":\"LOOM (English)\",\"description\":\"Espacios de trabajo flexibles\",\"publisher\":{\"@id\":\"https:\/\/loom.es\/en\/#organization\"},\"potentialAction\":[{\"@type\":\"SearchAction\",\"target\":{\"@type\":\"EntryPoint\",\"urlTemplate\":\"https:\/\/loom.es\/en\/?s={search_term_string}\"},\"query-input\":{\"@type\":\"PropertyValueSpecification\",\"valueRequired\":true,\"valueName\":\"search_term_string\"}}],\"inLanguage\":\"en-US\"},{\"@type\":\"Organization\",\"@id\":\"https:\/\/loom.es\/en\/#organization\",\"name\":\"LOOM (English)\",\"url\":\"https:\/\/loom.es\/en\/\",\"logo\":{\"@type\":\"ImageObject\",\"inLanguage\":\"en-US\",\"@id\":\"https:\/\/loom.es\/en\/#\/schema\/logo\/image\/\",\"url\":\"https:\/\/loom.es\/en\/wp-content\/uploads\/sites\/2\/2023\/02\/cropped-logo-loom-white.png\",\"contentUrl\":\"https:\/\/loom.es\/en\/wp-content\/uploads\/sites\/2\/2023\/02\/cropped-logo-loom-white.png\",\"width\":500,\"height\":105,\"caption\":\"LOOM (English)\"},\"image\":{\"@id\":\"https:\/\/loom.es\/en\/#\/schema\/logo\/image\/\"}}]}<\/script>\n<!-- \/ Yoast SEO plugin. -->","yoast_head_json":{"title":"Flexible work spaces and offices in LOOM Cornell\u00e1 |Cornell\u00e1 de Llobregat","description":"Book our coworking space in Barcelona. At LOOM Cornell\u00e0 you will have meeting, networking, offices and event rooms. Find out our rates.","robots":{"index":"index","follow":"follow","max-snippet":"max-snippet:-1","max-image-preview":"max-image-preview:large","max-video-preview":"max-video-preview:-1"},"canonical":"https:\/\/loom.es\/en\/coworking-spaces\/spaces-barcelona\/loom-cornella\/","og_locale":"en_US","og_type":"article","og_title":"Flexible work spaces and offices in LOOM Cornell\u00e1 |Cornell\u00e1 de Llobregat","og_description":"Book our coworking space in Barcelona. At LOOM Cornell\u00e0 you will have meeting, networking, offices and event rooms. Find out our rates.","og_url":"https:\/\/loom.es\/en\/coworking-spaces\/spaces-barcelona\/loom-cornella\/","og_site_name":"LOOM (English)","article_modified_time":"2024-10-11T12:15:06+00:00","og_image":[{"width":1024,"height":576,"url":"https:\/\/loom.es\/en\/wp-content\/uploads\/sites\/2\/2022\/04\/Diseno-sin-titulo-2022-04-04T131947.438-1024x576.png","type":"image\/png"}],"twitter_card":"summary_large_image","twitter_misc":{"Est. reading time":"1 minute"},"schema":{"@context":"https:\/\/schema.org","@graph":[{"@type":"WebPage","@id":"https:\/\/loom.es\/en\/coworking-spaces\/spaces-barcelona\/loom-cornella\/","url":"https:\/\/loom.es\/en\/coworking-spaces\/spaces-barcelona\/loom-cornella\/","name":"Flexible work spaces and offices in LOOM Cornell\u00e1 |Cornell\u00e1 de Llobregat","isPartOf":{"@id":"https:\/\/loom.es\/en\/#website"},"primaryImageOfPage":{"@id":"https:\/\/loom.es\/en\/coworking-spaces\/spaces-barcelona\/loom-cornella\/#primaryimage"},"image":{"@id":"https:\/\/loom.es\/en\/coworking-spaces\/spaces-barcelona\/loom-cornella\/#primaryimage"},"thumbnailUrl":"https:\/\/loom.es\/en\/wp-content\/uploads\/sites\/2\/2022\/04\/Diseno-sin-titulo-2022-04-04T131947.438.png","datePublished":"2021-11-25T12:43:28+00:00","dateModified":"2024-10-11T12:15:06+00:00","description":"Book our coworking space in Barcelona. At LOOM Cornell\u00e0 you will have meeting, networking, offices and event rooms. Find out our rates.","breadcrumb":{"@id":"https:\/\/loom.es\/en\/coworking-spaces\/spaces-barcelona\/loom-cornella\/#breadcrumb"},"inLanguage":"en-US","potentialAction":[{"@type":"ReadAction","target":["https:\/\/loom.es\/en\/coworking-spaces\/spaces-barcelona\/loom-cornella\/"]}]},{"@type":"ImageObject","inLanguage":"en-US","@id":"https:\/\/loom.es\/en\/coworking-spaces\/spaces-barcelona\/loom-cornella\/#primaryimage","url":"https:\/\/loom.es\/en\/wp-content\/uploads\/sites\/2\/2022\/04\/Diseno-sin-titulo-2022-04-04T131947.438.png","contentUrl":"https:\/\/loom.es\/en\/wp-content\/uploads\/sites\/2\/2022\/04\/Diseno-sin-titulo-2022-04-04T131947.438.png","width":1920,"height":1080,"caption":"LOOM Cornell\u00e1 es uno de los mejore espacios de coworking en Barcelona Cornella"},{"@type":"BreadcrumbList","@id":"https:\/\/loom.es\/en\/coworking-spaces\/spaces-barcelona\/loom-cornella\/#breadcrumb","itemListElement":[{"@type":"ListItem","position":1,"name":"Home","item":"https:\/\/loom.es\/en\/"},{"@type":"ListItem","position":2,"name":"60","item":"https:\/\/loom.es\/en\/coworking-spaces\/"},{"@type":"ListItem","position":3,"name":"COWORKING SPACES IN BARCELONA","item":"https:\/\/loom.es\/en\/coworking-spaces\/spaces-barcelona\/"},{"@type":"ListItem","position":4,"name":"LOOM Cornell\u00e1"}]},{"@type":"WebSite","@id":"https:\/\/loom.es\/en\/#website","url":"https:\/\/loom.es\/en\/","name":"LOOM (English)","description":"Espacios de trabajo flexibles","publisher":{"@id":"https:\/\/loom.es\/en\/#organization"},"potentialAction":[{"@type":"SearchAction","target":{"@type":"EntryPoint","urlTemplate":"https:\/\/loom.es\/en\/?s={search_term_string}"},"query-input":{"@type":"PropertyValueSpecification","valueRequired":true,"valueName":"search_term_string"}}],"inLanguage":"en-US"},{"@type":"Organization","@id":"https:\/\/loom.es\/en\/#organization","name":"LOOM (English)","url":"https:\/\/loom.es\/en\/","logo":{"@type":"ImageObject","inLanguage":"en-US","@id":"https:\/\/loom.es\/en\/#\/schema\/logo\/image\/","url":"https:\/\/loom.es\/en\/wp-content\/uploads\/sites\/2\/2023\/02\/cropped-logo-loom-white.png","contentUrl":"https:\/\/loom.es\/en\/wp-content\/uploads\/sites\/2\/2023\/02\/cropped-logo-loom-white.png","width":500,"height":105,"caption":"LOOM (English)"},"image":{"@id":"https:\/\/loom.es\/en\/#\/schema\/logo\/image\/"}}]}},"_links":{"self":[{"href":"https:\/\/loom.es\/en\/wp-json\/wp\/v2\/pages\/391"}],"collection":[{"href":"https:\/\/loom.es\/en\/wp-json\/wp\/v2\/pages"}],"about":[{"href":"https:\/\/loom.es\/en\/wp-json\/wp\/v2\/types\/page"}],"author":[{"embeddable":true,"href":"https:\/\/loom.es\/en\/wp-json\/wp\/v2\/users\/1"}],"replies":[{"embeddable":true,"href":"https:\/\/loom.es\/en\/wp-json\/wp\/v2\/comments?post=391"}],"version-history":[{"count":3,"href":"https:\/\/loom.es\/en\/wp-json\/wp\/v2\/pages\/391\/revisions"}],"predecessor-version":[{"id":36918,"href":"https:\/\/loom.es\/en\/wp-json\/wp\/v2\/pages\/391\/revisions\/36918"}],"up":[{"embeddable":true,"href":"https:\/\/loom.es\/en\/wp-json\/wp\/v2\/pages\/2197"}],"wp:featuredmedia":[{"embeddable":true,"href":"https:\/\/loom.es\/en\/wp-json\/wp\/v2\/media\/10722"}],"wp:attachment":[{"href":"https:\/\/loom.es\/en\/wp-json\/wp\/v2\/media?parent=391"}],"wp:term":[{"taxonomy":"category","embeddable":true,"href":"https:\/\/loom.es\/en\/wp-json\/wp\/v2\/categories?post=391"}],"curies":[{"name":"wp","href":"https:\/\/api.w.org\/{rel}","templated":true}]}}