{"id":54052,"date":"2021-11-18T11:21:12","date_gmt":"2021-11-18T11:21:12","guid":{"rendered":"https:\/\/pre.loom.es\/espacios-coworking\/madrid\/loom-eucalipto\/"},"modified":"2026-03-23T09:20:32","modified_gmt":"2026-03-23T09:20:32","slug":"loom-eucalipto","status":"publish","type":"page","link":"https:\/\/loom.es\/en\/coworking-spaces\/madrid\/loom-eucalipto\/","title":{"rendered":"LOOM Eucalipto"},"content":{"rendered":"<p>LOOM Torre Chamart\u00edn est\u00e1 situado en la zona norte de Madrid, es un espacio moderno, completamente domotizado que cuenta con la tecnolog\u00eda m\u00e1s disruptiva. Un lugar id\u00f3neo para acoger una comunidad proptech and mobility.<\/p>\n","protected":false},"excerpt":{"rendered":"<p>LOOM Torre Chamart\u00edn est\u00e1 situado en la zona norte de Madrid, es un espacio moderno, completamente domotizado que cuenta con la tecnolog\u00eda m\u00e1s disruptiva. Un lugar id\u00f3neo para acoger una comunidad proptech and mobility.<\/p>\n","protected":false},"author":1,"featured_media":53831,"parent":54003,"menu_order":5,"comment_status":"closed","ping_status":"closed","template":"","meta":{"_acf_changed":false,"footnotes":""},"categories":[742,740],"class_list":["post-54052","page","type-page","status-publish","has-post-thumbnail","hentry","category-madrid-en","category-coworking-spaces"],"acf":[],"yoast_head":"<!-- This site is optimized with the Yoast SEO plugin v27.1.1 - https:\/\/yoast.com\/product\/yoast-seo-wordpress\/ -->\n<title>Eucalipto. Coworking on Avenida de la Paz | LOOM<\/title>\n<meta name=\"description\" content=\"Eucalipto, the ideal coworking space in the La Paz neighborhood of Madrid. Flexible workspaces tailored to your needs. Get inspired in a unique environment!\" \/>\n<meta name=\"robots\" content=\"index, follow, max-snippet:-1, max-image-preview:large, max-video-preview:-1\" \/>\n<link rel=\"canonical\" href=\"https:\/\/loom.es\/en\/coworking-spaces\/madrid\/loom-eucalipto\/\" \/>\n<meta property=\"og:locale\" content=\"en_US\" \/>\n<meta property=\"og:type\" content=\"article\" \/>\n<meta property=\"og:title\" content=\"Eucalipto. Coworking on Avenida de la Paz | LOOM\" \/>\n<meta property=\"og:description\" content=\"Eucalipto, the ideal coworking space in the La Paz neighborhood of Madrid. Flexible workspaces tailored to your needs. Get inspired in a unique environment!\" \/>\n<meta property=\"og:url\" content=\"https:\/\/loom.es\/en\/coworking-spaces\/madrid\/loom-eucalipto\/\" \/>\n<meta property=\"og:site_name\" content=\"LOOM\" \/>\n<meta property=\"article:modified_time\" content=\"2026-03-23T09:20:32+00:00\" \/>\n<meta property=\"og:image\" content=\"https:\/\/loom.es\/wp-content\/uploads\/2025\/10\/sr-eucalipto-900x600-eucalipto-3.jpg\" \/>\n\t<meta property=\"og:image:width\" content=\"900\" \/>\n\t<meta property=\"og:image:height\" content=\"600\" \/>\n\t<meta property=\"og:image:type\" content=\"image\/jpeg\" \/>\n<meta name=\"twitter:card\" content=\"summary_large_image\" \/>\n<meta name=\"twitter:site\" content=\"@LOOM_es\" \/>\n<meta name=\"twitter:label1\" content=\"Est. reading time\" \/>\n\t<meta name=\"twitter:data1\" content=\"1 minute\" \/>\n<script type=\"application\/ld+json\" class=\"yoast-schema-graph\">{\"@context\":\"https:\/\/schema.org\",\"@graph\":[{\"@type\":\"WebPage\",\"@id\":\"https:\/\/loom.es\/en\/coworking-spaces\/madrid\/loom-eucalipto\/\",\"url\":\"https:\/\/loom.es\/en\/coworking-spaces\/madrid\/loom-eucalipto\/\",\"name\":\"Eucalipto. Coworking on Avenida de la Paz | LOOM\",\"isPartOf\":{\"@id\":\"https:\/\/loom.es\/en\/#website\"},\"primaryImageOfPage\":{\"@id\":\"https:\/\/loom.es\/en\/coworking-spaces\/madrid\/loom-eucalipto\/#primaryimage\"},\"image\":{\"@id\":\"https:\/\/loom.es\/en\/coworking-spaces\/madrid\/loom-eucalipto\/#primaryimage\"},\"thumbnailUrl\":\"https:\/\/loom.es\/wp-content\/uploads\/2025\/10\/sr-eucalipto-900x600-eucalipto-3.jpg\",\"datePublished\":\"2021-11-18T11:21:12+00:00\",\"dateModified\":\"2026-03-23T09:20:32+00:00\",\"description\":\"Eucalipto, the ideal coworking space in the La Paz neighborhood of Madrid. Flexible workspaces tailored to your needs. Get inspired in a unique environment!\",\"breadcrumb\":{\"@id\":\"https:\/\/loom.es\/en\/coworking-spaces\/madrid\/loom-eucalipto\/#breadcrumb\"},\"inLanguage\":\"en-US\",\"potentialAction\":[{\"@type\":\"ReadAction\",\"target\":[\"https:\/\/loom.es\/en\/coworking-spaces\/madrid\/loom-eucalipto\/\"]}]},{\"@type\":\"ImageObject\",\"inLanguage\":\"en-US\",\"@id\":\"https:\/\/loom.es\/en\/coworking-spaces\/madrid\/loom-eucalipto\/#primaryimage\",\"url\":\"https:\/\/loom.es\/wp-content\/uploads\/2025\/10\/sr-eucalipto-900x600-eucalipto-3.jpg\",\"contentUrl\":\"https:\/\/loom.es\/wp-content\/uploads\/2025\/10\/sr-eucalipto-900x600-eucalipto-3.jpg\",\"width\":900,\"height\":600},{\"@type\":\"BreadcrumbList\",\"@id\":\"https:\/\/loom.es\/en\/coworking-spaces\/madrid\/loom-eucalipto\/#breadcrumb\",\"itemListElement\":[{\"@type\":\"ListItem\",\"position\":1,\"name\":\"60\",\"item\":\"https:\/\/loom.es\/en\/coworking-spaces\/\"},{\"@type\":\"ListItem\",\"position\":2,\"name\":\"Spaces in Madrid\",\"item\":\"https:\/\/loom.es\/en\/coworking-spaces\/madrid\/\"},{\"@type\":\"ListItem\",\"position\":3,\"name\":\"LOOM Eucalipto\"}]},{\"@type\":\"WebSite\",\"@id\":\"https:\/\/loom.es\/en\/#website\",\"url\":\"https:\/\/loom.es\/en\/\",\"name\":\"LOOM\",\"description\":\"Espacios de trabajo flexibles\",\"publisher\":{\"@id\":\"https:\/\/loom.es\/en\/#organization\"},\"potentialAction\":[{\"@type\":\"SearchAction\",\"target\":{\"@type\":\"EntryPoint\",\"urlTemplate\":\"https:\/\/loom.es\/en\/?s={search_term_string}\"},\"query-input\":{\"@type\":\"PropertyValueSpecification\",\"valueRequired\":true,\"valueName\":\"search_term_string\"}}],\"inLanguage\":\"en-US\"},{\"@type\":\"Organization\",\"@id\":\"https:\/\/loom.es\/en\/#organization\",\"name\":\"LOOM\",\"url\":\"https:\/\/loom.es\/en\/\",\"logo\":{\"@type\":\"ImageObject\",\"inLanguage\":\"en-US\",\"@id\":\"https:\/\/loom.es\/en\/#\/schema\/logo\/image\/\",\"url\":\"https:\/\/loom.es\/wp-content\/uploads\/2023\/08\/Loom-Notion-featured-image.png\",\"contentUrl\":\"https:\/\/loom.es\/wp-content\/uploads\/2023\/08\/Loom-Notion-featured-image.png\",\"width\":1500,\"height\":300,\"caption\":\"LOOM\"},\"image\":{\"@id\":\"https:\/\/loom.es\/en\/#\/schema\/logo\/image\/\"},\"sameAs\":[\"https:\/\/x.com\/LOOM_es\",\"https:\/\/www.instagram.com\/loom_es\/\",\"https:\/\/www.linkedin.com\/company\/loom-house\/\",\"https:\/\/www.youtube.com\/@LOOM_Es\/featured\",\"https:\/\/www.tiktok.com\/@loom_es\"]}]}<\/script>\n<!-- \/ Yoast SEO plugin. -->","yoast_head_json":{"title":"Eucalipto. Coworking on Avenida de la Paz | LOOM","description":"Eucalipto, the ideal coworking space in the La Paz neighborhood of Madrid. Flexible workspaces tailored to your needs. Get inspired in a unique environment!","robots":{"index":"index","follow":"follow","max-snippet":"max-snippet:-1","max-image-preview":"max-image-preview:large","max-video-preview":"max-video-preview:-1"},"canonical":"https:\/\/loom.es\/en\/coworking-spaces\/madrid\/loom-eucalipto\/","og_locale":"en_US","og_type":"article","og_title":"Eucalipto. Coworking on Avenida de la Paz | LOOM","og_description":"Eucalipto, the ideal coworking space in the La Paz neighborhood of Madrid. Flexible workspaces tailored to your needs. Get inspired in a unique environment!","og_url":"https:\/\/loom.es\/en\/coworking-spaces\/madrid\/loom-eucalipto\/","og_site_name":"LOOM","article_modified_time":"2026-03-23T09:20:32+00:00","og_image":[{"width":900,"height":600,"url":"https:\/\/loom.es\/wp-content\/uploads\/2025\/10\/sr-eucalipto-900x600-eucalipto-3.jpg","type":"image\/jpeg"}],"twitter_card":"summary_large_image","twitter_site":"@LOOM_es","twitter_misc":{"Est. reading time":"1 minute"},"schema":{"@context":"https:\/\/schema.org","@graph":[{"@type":"WebPage","@id":"https:\/\/loom.es\/en\/coworking-spaces\/madrid\/loom-eucalipto\/","url":"https:\/\/loom.es\/en\/coworking-spaces\/madrid\/loom-eucalipto\/","name":"Eucalipto. Coworking on Avenida de la Paz | LOOM","isPartOf":{"@id":"https:\/\/loom.es\/en\/#website"},"primaryImageOfPage":{"@id":"https:\/\/loom.es\/en\/coworking-spaces\/madrid\/loom-eucalipto\/#primaryimage"},"image":{"@id":"https:\/\/loom.es\/en\/coworking-spaces\/madrid\/loom-eucalipto\/#primaryimage"},"thumbnailUrl":"https:\/\/loom.es\/wp-content\/uploads\/2025\/10\/sr-eucalipto-900x600-eucalipto-3.jpg","datePublished":"2021-11-18T11:21:12+00:00","dateModified":"2026-03-23T09:20:32+00:00","description":"Eucalipto, the ideal coworking space in the La Paz neighborhood of Madrid. Flexible workspaces tailored to your needs. Get inspired in a unique environment!","breadcrumb":{"@id":"https:\/\/loom.es\/en\/coworking-spaces\/madrid\/loom-eucalipto\/#breadcrumb"},"inLanguage":"en-US","potentialAction":[{"@type":"ReadAction","target":["https:\/\/loom.es\/en\/coworking-spaces\/madrid\/loom-eucalipto\/"]}]},{"@type":"ImageObject","inLanguage":"en-US","@id":"https:\/\/loom.es\/en\/coworking-spaces\/madrid\/loom-eucalipto\/#primaryimage","url":"https:\/\/loom.es\/wp-content\/uploads\/2025\/10\/sr-eucalipto-900x600-eucalipto-3.jpg","contentUrl":"https:\/\/loom.es\/wp-content\/uploads\/2025\/10\/sr-eucalipto-900x600-eucalipto-3.jpg","width":900,"height":600},{"@type":"BreadcrumbList","@id":"https:\/\/loom.es\/en\/coworking-spaces\/madrid\/loom-eucalipto\/#breadcrumb","itemListElement":[{"@type":"ListItem","position":1,"name":"60","item":"https:\/\/loom.es\/en\/coworking-spaces\/"},{"@type":"ListItem","position":2,"name":"Spaces in Madrid","item":"https:\/\/loom.es\/en\/coworking-spaces\/madrid\/"},{"@type":"ListItem","position":3,"name":"LOOM Eucalipto"}]},{"@type":"WebSite","@id":"https:\/\/loom.es\/en\/#website","url":"https:\/\/loom.es\/en\/","name":"LOOM","description":"Espacios de trabajo flexibles","publisher":{"@id":"https:\/\/loom.es\/en\/#organization"},"potentialAction":[{"@type":"SearchAction","target":{"@type":"EntryPoint","urlTemplate":"https:\/\/loom.es\/en\/?s={search_term_string}"},"query-input":{"@type":"PropertyValueSpecification","valueRequired":true,"valueName":"search_term_string"}}],"inLanguage":"en-US"},{"@type":"Organization","@id":"https:\/\/loom.es\/en\/#organization","name":"LOOM","url":"https:\/\/loom.es\/en\/","logo":{"@type":"ImageObject","inLanguage":"en-US","@id":"https:\/\/loom.es\/en\/#\/schema\/logo\/image\/","url":"https:\/\/loom.es\/wp-content\/uploads\/2023\/08\/Loom-Notion-featured-image.png","contentUrl":"https:\/\/loom.es\/wp-content\/uploads\/2023\/08\/Loom-Notion-featured-image.png","width":1500,"height":300,"caption":"LOOM"},"image":{"@id":"https:\/\/loom.es\/en\/#\/schema\/logo\/image\/"},"sameAs":["https:\/\/x.com\/LOOM_es","https:\/\/www.instagram.com\/loom_es\/","https:\/\/www.linkedin.com\/company\/loom-house\/","https:\/\/www.youtube.com\/@LOOM_Es\/featured","https:\/\/www.tiktok.com\/@loom_es"]}]}},"_links":{"self":[{"href":"https:\/\/loom.es\/en\/wp-json\/wp\/v2\/pages\/54052","targetHints":{"allow":["GET"]}}],"collection":[{"href":"https:\/\/loom.es\/en\/wp-json\/wp\/v2\/pages"}],"about":[{"href":"https:\/\/loom.es\/en\/wp-json\/wp\/v2\/types\/page"}],"author":[{"embeddable":true,"href":"https:\/\/loom.es\/en\/wp-json\/wp\/v2\/users\/1"}],"replies":[{"embeddable":true,"href":"https:\/\/loom.es\/en\/wp-json\/wp\/v2\/comments?post=54052"}],"version-history":[{"count":1,"href":"https:\/\/loom.es\/en\/wp-json\/wp\/v2\/pages\/54052\/revisions"}],"predecessor-version":[{"id":54499,"href":"https:\/\/loom.es\/en\/wp-json\/wp\/v2\/pages\/54052\/revisions\/54499"}],"up":[{"embeddable":true,"href":"https:\/\/loom.es\/en\/wp-json\/wp\/v2\/pages\/54003"}],"wp:featuredmedia":[{"embeddable":true,"href":"https:\/\/loom.es\/en\/wp-json\/wp\/v2\/media\/53831"}],"wp:attachment":[{"href":"https:\/\/loom.es\/en\/wp-json\/wp\/v2\/media?parent=54052"}],"wp:term":[{"taxonomy":"category","embeddable":true,"href":"https:\/\/loom.es\/en\/wp-json\/wp\/v2\/categories?post=54052"}],"curies":[{"name":"wp","href":"https:\/\/api.w.org\/{rel}","templated":true}]}}