



{"id":54074,"date":"2021-11-18T11:31:05","date_gmt":"2021-11-18T11:31:05","guid":{"rendered":"https:\/\/pre.loom.es\/espacios-coworking\/barcelona\/loom-glories\/"},"modified":"2026-03-23T09:30:20","modified_gmt":"2026-03-23T09:30:20","slug":"loom-glories","status":"publish","type":"page","link":"https:\/\/loom.es\/en\/coworking-spaces\/barcelona\/loom-glories\/","title":{"rendered":"LOOM Gl\u00f2ries"},"content":{"rendered":"<p>LOOM Prueba de espacio en Barcelona<\/p>\n","protected":false},"excerpt":{"rendered":"<p>LOOM Prueba de espacio en Barcelona<\/p>\n","protected":false},"author":1,"featured_media":53863,"parent":54062,"menu_order":11,"comment_status":"closed","ping_status":"closed","template":"","meta":{"_acf_changed":false,"footnotes":""},"categories":[741,740],"class_list":["post-54074","page","type-page","status-publish","has-post-thumbnail","hentry","category-barcelona-en","category-coworking-spaces"],"acf":[],"yoast_head":"<!-- This site is optimized with the Yoast SEO plugin v27.1.1 - https:\/\/yoast.com\/product\/yoast-seo-wordpress\/ -->\n<title>Coworking Space in Torre Gl\u00f2ries in Barcelona | LOOM<\/title>\n<meta name=\"description\" content=\"LOOM Gl\u00f2ries, coworking in Torre Gl\u00f2ries. Rental of offices, meeting rooms, work spaces and events with 360\u00ba views of Barcelona.\" \/>\n<meta name=\"robots\" content=\"index, follow, max-snippet:-1, max-image-preview:large, max-video-preview:-1\" \/>\n<link rel=\"canonical\" href=\"https:\/\/loom.es\/en\/coworking-spaces\/barcelona\/loom-glories\/\" \/>\n<meta property=\"og:locale\" content=\"en_US\" \/>\n<meta property=\"og:type\" content=\"article\" \/>\n<meta property=\"og:title\" content=\"Coworking Space in Torre Gl\u00f2ries in Barcelona | LOOM\" \/>\n<meta property=\"og:description\" content=\"LOOM Gl\u00f2ries, coworking in Torre Gl\u00f2ries. Rental of offices, meeting rooms, work spaces and events with 360\u00ba views of Barcelona.\" \/>\n<meta property=\"og:url\" content=\"https:\/\/loom.es\/en\/coworking-spaces\/barcelona\/loom-glories\/\" \/>\n<meta property=\"og:site_name\" content=\"LOOM\" \/>\n<meta property=\"article:modified_time\" content=\"2026-03-23T09:30:20+00:00\" \/>\n<meta property=\"og:image\" content=\"https:\/\/pre.loom.es\/wp-content\/uploads\/2025\/10\/Diseno-sin-titulo_52-1.png\" \/>\n\t<meta property=\"og:image:width\" content=\"900\" \/>\n\t<meta property=\"og:image:height\" content=\"600\" \/>\n\t<meta property=\"og:image:type\" content=\"image\/png\" \/>\n<meta name=\"twitter:card\" content=\"summary_large_image\" \/>\n<meta name=\"twitter:site\" content=\"@LOOM_es\" \/>\n<meta name=\"twitter:label1\" content=\"Est. reading time\" \/>\n\t<meta name=\"twitter:data1\" content=\"1 minute\" \/>\n<script type=\"application\/ld+json\" class=\"yoast-schema-graph\">{\"@context\":\"https:\/\/schema.org\",\"@graph\":[{\"@type\":\"WebPage\",\"@id\":\"https:\/\/loom.es\/en\/coworking-spaces\/barcelona\/loom-glories\/\",\"url\":\"https:\/\/loom.es\/en\/coworking-spaces\/barcelona\/loom-glories\/\",\"name\":\"Coworking Space in Torre Gl\u00f2ries in Barcelona | LOOM\",\"isPartOf\":{\"@id\":\"https:\/\/pre.loom.es\/en\/#website\"},\"primaryImageOfPage\":{\"@id\":\"https:\/\/loom.es\/en\/coworking-spaces\/barcelona\/loom-glories\/#primaryimage\"},\"image\":{\"@id\":\"https:\/\/loom.es\/en\/coworking-spaces\/barcelona\/loom-glories\/#primaryimage\"},\"thumbnailUrl\":\"https:\/\/loom.es\/wp-content\/uploads\/2025\/10\/Diseno-sin-titulo_52-1.png\",\"datePublished\":\"2021-11-18T11:31:05+00:00\",\"dateModified\":\"2026-03-23T09:30:20+00:00\",\"description\":\"LOOM Gl\u00f2ries, coworking in Torre Gl\u00f2ries. Rental of offices, meeting rooms, work spaces and events with 360\u00ba views of Barcelona.\",\"breadcrumb\":{\"@id\":\"https:\/\/loom.es\/en\/coworking-spaces\/barcelona\/loom-glories\/#breadcrumb\"},\"inLanguage\":\"en-US\",\"potentialAction\":[{\"@type\":\"ReadAction\",\"target\":[\"https:\/\/loom.es\/en\/coworking-spaces\/barcelona\/loom-glories\/\"]}]},{\"@type\":\"ImageObject\",\"inLanguage\":\"en-US\",\"@id\":\"https:\/\/loom.es\/en\/coworking-spaces\/barcelona\/loom-glories\/#primaryimage\",\"url\":\"https:\/\/loom.es\/wp-content\/uploads\/2025\/10\/Diseno-sin-titulo_52-1.png\",\"contentUrl\":\"https:\/\/loom.es\/wp-content\/uploads\/2025\/10\/Diseno-sin-titulo_52-1.png\",\"width\":900,\"height\":600},{\"@type\":\"BreadcrumbList\",\"@id\":\"https:\/\/loom.es\/en\/coworking-spaces\/barcelona\/loom-glories\/#breadcrumb\",\"itemListElement\":[{\"@type\":\"ListItem\",\"position\":1,\"name\":\"60\",\"item\":\"https:\/\/pre.loom.es\/en\/coworking-spaces\/\"},{\"@type\":\"ListItem\",\"position\":2,\"name\":\"Spaces in Barcelona\",\"item\":\"https:\/\/pre.loom.es\/en\/coworking-spaces\/barcelona\/\"},{\"@type\":\"ListItem\",\"position\":3,\"name\":\"LOOM Gl\u00f2ries\"}]},{\"@type\":\"WebSite\",\"@id\":\"https:\/\/pre.loom.es\/en\/#website\",\"url\":\"https:\/\/pre.loom.es\/en\/\",\"name\":\"LOOM\",\"description\":\"Espacios de trabajo flexibles\",\"publisher\":{\"@id\":\"https:\/\/pre.loom.es\/en\/#organization\"},\"potentialAction\":[{\"@type\":\"SearchAction\",\"target\":{\"@type\":\"EntryPoint\",\"urlTemplate\":\"https:\/\/pre.loom.es\/en\/?s={search_term_string}\"},\"query-input\":{\"@type\":\"PropertyValueSpecification\",\"valueRequired\":true,\"valueName\":\"search_term_string\"}}],\"inLanguage\":\"en-US\"},{\"@type\":\"Organization\",\"@id\":\"https:\/\/pre.loom.es\/en\/#organization\",\"name\":\"LOOM\",\"url\":\"https:\/\/pre.loom.es\/en\/\",\"logo\":{\"@type\":\"ImageObject\",\"inLanguage\":\"en-US\",\"@id\":\"https:\/\/pre.loom.es\/en\/#\/schema\/logo\/image\/\",\"url\":\"https:\/\/loom.es\/wp-content\/uploads\/2023\/08\/Loom-Notion-featured-image.png\",\"contentUrl\":\"https:\/\/loom.es\/wp-content\/uploads\/2023\/08\/Loom-Notion-featured-image.png\",\"width\":1500,\"height\":300,\"caption\":\"LOOM\"},\"image\":{\"@id\":\"https:\/\/pre.loom.es\/en\/#\/schema\/logo\/image\/\"},\"sameAs\":[\"https:\/\/x.com\/LOOM_es\",\"https:\/\/www.instagram.com\/loom_es\/\",\"https:\/\/www.linkedin.com\/company\/loom-house\/\",\"https:\/\/www.youtube.com\/@LOOM_Es\/featured\",\"https:\/\/www.tiktok.com\/@loom_es\"]}]}<\/script>\n<!-- \/ Yoast SEO plugin. -->","yoast_head_json":{"title":"Coworking Space in Torre Gl\u00f2ries in Barcelona | LOOM","description":"LOOM Gl\u00f2ries, coworking in Torre Gl\u00f2ries. Rental of offices, meeting rooms, work spaces and events with 360\u00ba views of Barcelona.","robots":{"index":"index","follow":"follow","max-snippet":"max-snippet:-1","max-image-preview":"max-image-preview:large","max-video-preview":"max-video-preview:-1"},"canonical":"https:\/\/loom.es\/en\/coworking-spaces\/barcelona\/loom-glories\/","og_locale":"en_US","og_type":"article","og_title":"Coworking Space in Torre Gl\u00f2ries in Barcelona | LOOM","og_description":"LOOM Gl\u00f2ries, coworking in Torre Gl\u00f2ries. Rental of offices, meeting rooms, work spaces and events with 360\u00ba views of Barcelona.","og_url":"https:\/\/loom.es\/en\/coworking-spaces\/barcelona\/loom-glories\/","og_site_name":"LOOM","article_modified_time":"2026-03-23T09:30:20+00:00","og_image":[{"width":900,"height":600,"url":"https:\/\/pre.loom.es\/wp-content\/uploads\/2025\/10\/Diseno-sin-titulo_52-1.png","type":"image\/png"}],"twitter_card":"summary_large_image","twitter_site":"@LOOM_es","twitter_misc":{"Est. reading time":"1 minute"},"schema":{"@context":"https:\/\/schema.org","@graph":[{"@type":"WebPage","@id":"https:\/\/loom.es\/en\/coworking-spaces\/barcelona\/loom-glories\/","url":"https:\/\/loom.es\/en\/coworking-spaces\/barcelona\/loom-glories\/","name":"Coworking Space in Torre Gl\u00f2ries in Barcelona | LOOM","isPartOf":{"@id":"https:\/\/pre.loom.es\/en\/#website"},"primaryImageOfPage":{"@id":"https:\/\/loom.es\/en\/coworking-spaces\/barcelona\/loom-glories\/#primaryimage"},"image":{"@id":"https:\/\/loom.es\/en\/coworking-spaces\/barcelona\/loom-glories\/#primaryimage"},"thumbnailUrl":"https:\/\/loom.es\/wp-content\/uploads\/2025\/10\/Diseno-sin-titulo_52-1.png","datePublished":"2021-11-18T11:31:05+00:00","dateModified":"2026-03-23T09:30:20+00:00","description":"LOOM Gl\u00f2ries, coworking in Torre Gl\u00f2ries. Rental of offices, meeting rooms, work spaces and events with 360\u00ba views of Barcelona.","breadcrumb":{"@id":"https:\/\/loom.es\/en\/coworking-spaces\/barcelona\/loom-glories\/#breadcrumb"},"inLanguage":"en-US","potentialAction":[{"@type":"ReadAction","target":["https:\/\/loom.es\/en\/coworking-spaces\/barcelona\/loom-glories\/"]}]},{"@type":"ImageObject","inLanguage":"en-US","@id":"https:\/\/loom.es\/en\/coworking-spaces\/barcelona\/loom-glories\/#primaryimage","url":"https:\/\/loom.es\/wp-content\/uploads\/2025\/10\/Diseno-sin-titulo_52-1.png","contentUrl":"https:\/\/loom.es\/wp-content\/uploads\/2025\/10\/Diseno-sin-titulo_52-1.png","width":900,"height":600},{"@type":"BreadcrumbList","@id":"https:\/\/loom.es\/en\/coworking-spaces\/barcelona\/loom-glories\/#breadcrumb","itemListElement":[{"@type":"ListItem","position":1,"name":"60","item":"https:\/\/pre.loom.es\/en\/coworking-spaces\/"},{"@type":"ListItem","position":2,"name":"Spaces in Barcelona","item":"https:\/\/pre.loom.es\/en\/coworking-spaces\/barcelona\/"},{"@type":"ListItem","position":3,"name":"LOOM Gl\u00f2ries"}]},{"@type":"WebSite","@id":"https:\/\/pre.loom.es\/en\/#website","url":"https:\/\/pre.loom.es\/en\/","name":"LOOM","description":"Espacios de trabajo flexibles","publisher":{"@id":"https:\/\/pre.loom.es\/en\/#organization"},"potentialAction":[{"@type":"SearchAction","target":{"@type":"EntryPoint","urlTemplate":"https:\/\/pre.loom.es\/en\/?s={search_term_string}"},"query-input":{"@type":"PropertyValueSpecification","valueRequired":true,"valueName":"search_term_string"}}],"inLanguage":"en-US"},{"@type":"Organization","@id":"https:\/\/pre.loom.es\/en\/#organization","name":"LOOM","url":"https:\/\/pre.loom.es\/en\/","logo":{"@type":"ImageObject","inLanguage":"en-US","@id":"https:\/\/pre.loom.es\/en\/#\/schema\/logo\/image\/","url":"https:\/\/loom.es\/wp-content\/uploads\/2023\/08\/Loom-Notion-featured-image.png","contentUrl":"https:\/\/loom.es\/wp-content\/uploads\/2023\/08\/Loom-Notion-featured-image.png","width":1500,"height":300,"caption":"LOOM"},"image":{"@id":"https:\/\/pre.loom.es\/en\/#\/schema\/logo\/image\/"},"sameAs":["https:\/\/x.com\/LOOM_es","https:\/\/www.instagram.com\/loom_es\/","https:\/\/www.linkedin.com\/company\/loom-house\/","https:\/\/www.youtube.com\/@LOOM_Es\/featured","https:\/\/www.tiktok.com\/@loom_es"]}]}},"_links":{"self":[{"href":"https:\/\/loom.es\/en\/wp-json\/wp\/v2\/pages\/54074","targetHints":{"allow":["GET"]}}],"collection":[{"href":"https:\/\/loom.es\/en\/wp-json\/wp\/v2\/pages"}],"about":[{"href":"https:\/\/loom.es\/en\/wp-json\/wp\/v2\/types\/page"}],"author":[{"embeddable":true,"href":"https:\/\/loom.es\/en\/wp-json\/wp\/v2\/users\/1"}],"replies":[{"embeddable":true,"href":"https:\/\/loom.es\/en\/wp-json\/wp\/v2\/comments?post=54074"}],"version-history":[{"count":1,"href":"https:\/\/loom.es\/en\/wp-json\/wp\/v2\/pages\/54074\/revisions"}],"predecessor-version":[{"id":54508,"href":"https:\/\/loom.es\/en\/wp-json\/wp\/v2\/pages\/54074\/revisions\/54508"}],"up":[{"embeddable":true,"href":"https:\/\/loom.es\/en\/wp-json\/wp\/v2\/pages\/54062"}],"wp:featuredmedia":[{"embeddable":true,"href":"https:\/\/loom.es\/en\/wp-json\/wp\/v2\/media\/53863"}],"wp:attachment":[{"href":"https:\/\/loom.es\/en\/wp-json\/wp\/v2\/media?parent=54074"}],"wp:term":[{"taxonomy":"category","embeddable":true,"href":"https:\/\/loom.es\/en\/wp-json\/wp\/v2\/categories?post=54074"}],"curies":[{"name":"wp","href":"https:\/\/api.w.org\/{rel}","templated":true}]}}