{"id":54424,"date":"2022-01-07T11:19:06","date_gmt":"2022-01-07T11:19:06","guid":{"rendered":"https:\/\/pre.loom.es\/politica-de-privacidad\/"},"modified":"2026-03-20T13:33:05","modified_gmt":"2026-03-20T13:33:05","slug":"policityprivaty","status":"publish","type":"page","link":"https:\/\/loom.es\/en\/policityprivaty\/","title":{"rendered":"Privacy Policy"},"content":{"rendered":"<p>LOOM, en cumplimiento de lo previsto en el Reglamento (UE) 2016\/679 del Parlamento Europeo y del Consejo, de 27 de abril de 2016, relativo a la proteccio\u0301n de datos de las personas fi\u0301sicas en lo que respecta al tratamiento de datos personales y a la libre circulacio\u0301n de estos datos, en adelante RGPD, asi\u0301 como en cumplimiento de la normativa nacional en relacio\u0301n a la Proteccio\u0301n de Datos de cara\u0301cter personal, informa a continuacio\u0301n de los siguientes aspectos relacionados con el tratamiento de datos de cara\u0301cter personal a trave\u0301s del presente sitio Web:<\/p>\n<p>&nbsp;<\/p>\n<table>\n<tbody>\n<tr>\n<td colspan=\"2\" width=\"578\"><strong>Informaci\u00f3n b\u00e1sica sobre Protecci\u00f3n de Datos<\/strong><\/td>\n<\/tr>\n<tr>\n<td width=\"143\"><strong>Responsable<\/strong><\/td>\n<td width=\"435\">Innovaci\u00f3n Colaborativa S.L. (en adelante, \u201c<strong>LOOM<\/strong>\u201d)<\/td>\n<\/tr>\n<tr>\n<td width=\"143\"><strong>Finalidad<\/strong><\/td>\n<td width=\"435\">Usaremos los datos facilitados para atender tus consultas, solicitudes de empleo, as\u00ed como para, en caso de que lo desees, mantenerte actualizado sobre nuestras novedades a trav\u00e9s de comunicaciones electr\u00f3nicas<\/td>\n<\/tr>\n<tr>\n<td width=\"143\"><strong>Legitimaci\u00f3n<\/strong><\/td>\n<td width=\"435\">Aplicaci\u00f3n de medidas precontractuales cuando nos solicitas informaci\u00f3n sobre nuestros servicios y el consentimiento que nos prestas para mantenerte actualizado sobre nuestras novedades a trav\u00e9s de comunicaciones electr\u00f3nicas<\/p>\n<p>&nbsp;<\/td>\n<\/tr>\n<tr>\n<td width=\"143\"><strong>Destinatarios<\/strong><\/td>\n<td width=\"435\">Compartiremos tus datos con prestadores de servicios que nos ayudan o dan soporte, ya sean empresas del Grupo empresarial al que pertenece LOOM o colaboradores externos con quien hemos llegado a un acuerdo<\/td>\n<\/tr>\n<tr>\n<td width=\"143\"><strong>Derechos<\/strong><\/td>\n<td width=\"435\">Puedes retirar tu consentimiento en cualquier momento, as\u00ed como ejercitar los derechos reconocidos en los art\u00edculos 15 a 22 del Reglamento (UE) 2016\/679 como te explicamos a continuaci\u00f3n<\/td>\n<\/tr>\n<tr>\n<td width=\"143\"><strong>Informaci\u00f3n adicional<\/strong><\/td>\n<td width=\"435\">Te invitamos a leer nuestra Pol\u00edtica de Privacidad completa a continuaci\u00f3n para entender en detalle el uso que haremos de tus datos personales y los derechos de los que dispones en relaci\u00f3n con los mismos<\/td>\n<\/tr>\n<\/tbody>\n<\/table>\n<p>&nbsp;<\/p>\n<p><strong>IDENTIFICACI\u00d3N DEL RESPONSABLE DEL TRATAMIENTO<\/strong><\/p>\n<p>&nbsp;<\/p>\n<p>El responsable del tratamiento de los datos recabados a trave\u0301s del presente sitio web es Innovacio\u0301n Colaborativa S.L., en adelante LOOM; Inscrita en el Registro Mercantil de Madrid, Hoja M-585568 Tomo 32533 Folio 50. NIF: B87059358; direccio\u0301n: Paseo de la Castellana, 257, 28046 (Madrid); tele\u0301fono: 914 38 84 75; email: <a href=\"mailto:protecci%C3%B3ndedatos@melinprop.com\">protecci\u00f3ndedatos@melinprop.com<\/a> .<\/p>\n<p>&nbsp;<\/p>\n<p><strong>FINALIDAD Y BASE LEGITIMADORA DEL TRATAMIENTO<\/strong><\/p>\n<p>Usted queda informado de que todos los datos que LOOM le solicite o le pueda solicitar son necesarios para las finalidades descritas en la presente pol\u00edtica de privacidad y el hecho de no facilitarlos supondr\u00eda la imposibilidad de poder contactar con usted o gestionar la solicitud que realice a LOOM. Asimismo, LOOM se reserva la facultad de no responder o tramitar a solicitudes que no incluyan los datos que le sean solicitados. <\/p>\n<p>En el Sitio Web usted puede encontrar informaci\u00f3n que puede ser de utilidad de cara a informarse de los servicios ofrecidos por LOOM. En este sentido, LOOM \u00fanicamente le solicitar\u00e1 y tratar\u00e1 los datos necesarios para tramitar la consulta realizada, prestar el servicio contratado o poder iniciar y mantener una relaci\u00f3n comercial, contractual y\/o precontractual con usted. <\/p>\n<p>A continuaci\u00f3n, se describen las diferentes finalidades con las que se tratan sus datos personales y las bases que legitiman el tratamiento:<\/p>\n<p><u>Formulario de contacto:<\/u>Los datos personales que proporciones a trave\u0301s de este formulario , o a trav\u00e9s de cualquiera de los canales habilitados por LOOM se tratara\u0301n con la u\u0301nica finalidad de atender tus consultas sobre nuestros espacios. La informacio\u0301n recabada se limita a datos identificativos, de contacto y datos relacionados con la peticio\u0301n que nos hagas. La base legitimadora para este tratamiento es la relaci\u00f3n precontractual entre el solicitante y LOOM.  <\/p>\n<p><u>Formularios de reservas de salas<\/u>: Los datos personales que proporciones a trave\u0301s de este formulario se tratar\u00e1n con la \u00fanica finalidad de atender a la solicitud de reserva de sala realizada. La informaci\u00f3n recabada se limita a datos identificativos, de contacto y datos relacionados con la reserva solicitada. La base legitimadora para este tratamiento es la relaci\u00f3n precontractual entre el solicitante y LOOM.  <\/p>\n<p><u>Formulario d\u00eda de prueba gratis<\/u>: Los datos personales que proporciones a trav\u00e9s de este formulario se tratar\u00e1n con la \u00fanica finalidad de atender la solicitud de d\u00eda de prueba gratuito en nuestros espacios. La informaci\u00f3n recabada se limita a datos de car\u00e1cter identificativo, de contacto y datos relacionados con la reserva solicitada. La base legitimadora para este tratamiento es la relaci\u00f3n precontractual entre el solicitante y LOOM.  <\/p>\n<p><u>Formulario de eventos<\/u>: Los datos personales que proporciones a trav\u00e9s de este formulario se tratar\u00e1n con la \u00fanica finalidad de atender a la organizaci\u00f3n de eventos solicitada. La informaci\u00f3n recabada se limita a datos identificativos, de contacto y datos relacionados con el evento. La base legitimadora para este tratamiento es la relaci\u00f3n precontractual entre el solicitante y LOOM.  <\/p>\n<p><u>Formulario mantente informado de nuestras novedades<\/u>: La inclusi\u00f3n del correo electr\u00f3nico en el formulario de suscripci\u00f3n habilitado en nuestra web, se entender\u00e1 como una solicitud o autorizaci\u00f3n para el env\u00edo de comunicaciones comerciales por medios electr\u00f3nicos, seg\u00fan lo previsto en el art\u00edculo 21 de la Ley de Servicios de la Sociedad de la informaci\u00f3n. As\u00ed, podr\u00e1s recibir comunicaciones comerciales y publicitarias, a trav\u00e9s de email, con informaci\u00f3n sobre noticias y publicaciones sobre la actividad de LOOM que puedan resultar de inter\u00e9s, tales como: aperturas de nuevos espacios, servicios, planes, eventos exclusivos y talleres ofrecidos en nuestros espacios, etc. <\/p>\n<p>Igualmente, si marcas la casilla \u201c<em>deseo recibir novedades de LOOM por medios electr\u00f3nicos<\/em>\u201d incluida en cada uno de los formularios disponibles en la web, empezar\u00e1s a recibir por correo electr\u00f3nico comunicaciones comerciales y publicitarias, con informaci\u00f3n sobre noticias y publicaciones sobre la actividad de LOOM que puedan resultar de inter\u00e9s, tales como: aperturas de nuevos espacios, servicios, planes, eventos exclusivos y talleres ofrecidos en nuestros espacios, etc. La base legitimadora para este tratamiento es el consentimiento que otorga el interesado para recibir este tipo de comunicaciones. <\/p>\n<ol>\n<li>Formulario portal de empleo: Los datos personales que proporciones a trav\u00e9s de este formulario se tratar\u00e1n con la \u00fanica finalidad de gestionar tu participaci\u00f3n en alg\u00fan proceso de selecci\u00f3n para formar parte de la compa\u00f1\u00eda y tramitar debidamente tu candidatura. La base legitimadora para este tratamiento es la aplicaci\u00f3n de medidas precontractuales. <\/li>\n<\/ol>\n<p><strong>VERACIDAD DE LA INFORMACI\u00d3N APORTADA<\/strong><\/p>\n<p>Toda la informacio\u0301n que facilites como Usuario, incluida aquella que facilites durante la resoluci\u00f3n de la consulta solicitada (por correo o por tel\u00e9fono), debera\u0301 ser veraz y exacta. Para ello, garantizas la autenticidad de todos los datos que aportes como consecuencia de la cumplimentacio\u0301n de los distintos formularios. En todo caso, sera\u0301s el u\u0301nico responsable de las manifestaciones falsas o inexactas que realices y de los perjuicios que puedas causar a LOOM, o a terceros, por la informacio\u0301n que facilites.  <\/p>\n<p><strong>DESTINATARIOS DE LOS DATOS Y TRANSFERENCIAS INTERNACIONALES<\/strong><\/p>\n<p>Como Usuario, te informamos que el tratamiento de los datos de car\u00e1cter personal recabados a trave\u0301s del presente sitio web no implica transferencia internacional de datos.<\/p>\n<p>Los datos personales que usted proporcione a LOOM podr\u00e1n ser comunicados a las siguientes categor\u00edas de destinatarios:<\/p>\n<p>&#8211; Terceras partes a las que LOOM est\u00e1 obligada a transmitir informaci\u00f3n, como autoridades p\u00fablicas, con la finalidad de dar cumplimiento con los requerimientos de dichas autoridades y la normativa aplicable, en su caso.<\/p>\n<p>&#8211; Empresas que formen parte del Grupo MERLIN PROPERTIES, con la finalidad de poder gestionar adecuadamente su relaci\u00f3n contractual o precontractual, como consecuencia de la centralizaci\u00f3n de procesos administrativos e inform\u00e1ticos existente dentro del Grupo.<\/p>\n<p>&#8211; Auditores, abogados, empresas de contabilidad y otros consultores externos y proveedores de productos o servicios a la empresa.<\/p>\n<p><strong>CONSERVACI\u00d3N DE LOS DATOS<\/strong><\/p>\n<p>Los datos personales tratados en base al consentimiento ser\u00e1n conservados mientras el Usuario no revoque dicho consentimiento o solicite la supresi\u00f3n de sus datos u oposici\u00f3n al tratamiento de datos. El resto de los datos personales ser\u00e1n conservados mientras dure la finalidad para la que fueron recabados, es decir, gestionar la reserva o atender a la solicitud. <\/p>\n<p>Sin perjuicio de lo anterior, los datos ser\u00e1n conservados debidamente bloqueados, impidiendo su tratamiento, excepto para la puesta a disposici\u00f3n de los datos a los jueces y tribunales, el Ministerio Fiscal o las Administraciones P\u00fablicas competentes, para la exigencia de posibles responsabilidades derivadas del tratamiento y solo por el plazo de prescripci\u00f3n de las mismas. Una vez transcurrido el indicado periodo de tiempo, los datos ser\u00e1n eliminados. <\/p>\n<p>&nbsp;<\/p>\n<p><strong>EJERCICIO DE DERECHOS<\/strong><\/p>\n<p>Como Usuario, puedes retirar el tu consentimiento en cualquier momento y tienes derecho a acceder a tus datos de cara\u0301cter personal, asi\u0301 como a solicitar la rectificacio\u0301n de los datos inexactos o, en su caso, solicitar su supresio\u0301n, cuando los datos ya no sean necesarios para los fines para los que fueron recogidos, entre otros motivos. Podra\u0301s solicitar la limitacio\u0301n del tratamiento de tus datos de cara\u0301cter personal, en cuyo caso, LOOM solo los conservara\u0301 para el ejercicio o la defensa de reclamaciones. En circunstancias concretas, por motivos relacionados con tu situacio\u0301n particular podra\u0301s oponerte al tratamiento de tus datos de cara\u0301cter personal. En este caso LOOM, dejara\u0301 de tratarlos, salvo por motivos legi\u0301timos o el ejercicio o la defensa de posibles reclamaciones. Igualmente te informamos sobre tu derecho de portabilidad con el fin de que tus datos puedan ser facilitados al Responsable del tratamiento que nos indiques. Tambi\u00e9n tienes derecho a no ser objeto de decisiones automatizadas. Para hacer efectivos los derechos antes mencionados puedes:      <\/p>\n<ol>\n<li>Remitir un email a: <a href=\"mailto:protecci%C3%B3ndedatos@melinprop.com\">protecci\u00f3ndedatos@melinprop.com<\/a> en cuyo asunto se indique \u201cEjercicio de derechos LOOM\u201d, y nos facilites copia de tu DNI o documentaci\u00f3n acreditativa de tu identidad, as\u00ed como el derecho que deseas ejercer. Enviar una carta dirigida a la siguiente direcci\u00f3n postal: Paseo de la Castellana 257, Madrid, 28046. En los casos que consideres que, durante el tratamiento de datos de car\u00e1cter personal por parte de LOOM, se han vulnerado tus derechos en materia de protecci\u00f3n de datos, especialmente cuando no hayas obtenido satisfacci\u00f3n en el ejercicio de tus derechos, podr\u00e1s presentar una reclamaci\u00f3n ante la <a href=\"https:\/\/www.aepd.es\/\">Agencia Espan\u0303ola de Proteccio\u0301n de Datos<\/a> (www.aepd.es &#8211; C\/ Jorge Juan, 6 de Madrid).  <\/li>\n<\/ol>\n<p>&nbsp;<\/p>\n<p><strong>SEGURIDAD DE LA INFORMACI\u00d3N<\/strong><\/p>\n<p>LOOM utiliza tecnologi\u0301as adecuadas al estado de la te\u0301cnica actual, para proteger tus datos e informaciones personales, por ello nuestro sitio web se almacena en servidores seguros protegidos contra los tipos de ataques ma\u0301s habituales. No obstante, te recordamos que no existe una tecnologi\u0301a invulnerable y que, por tanto, debes poner los medios que este\u0301n a tu alcance para mantener el nivel de seguridad de tus datos. LOOM ha adoptado las medidas de i\u0301ndole te\u0301cnica y organizativa que garantizan la seguridad de los datos de cara\u0301cter personal y evitan su alteracio\u0301n, pe\u0301rdida, tratamiento o acceso no autorizado, habida cuenta del estado de la tecnologi\u0301a, la naturaleza de los datos almacenados y los riesgos a que este\u0301n expuestos.  <\/p>\n<p><strong>REDES SOCIALES<\/strong><\/p>\n<p>LOOM cuenta con perfil en algunas de las principales redes sociales de Internet (Twitter, Youtube, Instagram y LinkedIn), siendo responsable en relacio\u0301n con los contenidos publicados. En ningu\u0301n caso LOOM extraera\u0301 datos de cara\u0301cter personal de las redes sociales, a menos que, como Usuario, obtuvie\u0301ramos tu puntual y expreso consentimiento para ello. <\/p>\n<p><strong>CAMBIOS EN LA PRESENTE POL\u00cdTICA DE PRIVACIDAD<\/strong><\/p>\n<p>LOOM, se reserva el derecho a modificar la Presente Poli\u0301tica de Privacidad para adaptarla a las novedades legislativas o jurisprudenciales, asi\u0301 como a pr\u00e1cticas de la industria. En tales supuestos, se anunciara\u0301n en esta pa\u0301gina los cambios introducidos con la suficiente antelacio\u0301n a su puesta en pra\u0301ctica. <\/p>\n<p><strong>CONTACTA CON NOSOTROS<\/strong><\/p>\n<p>Si tiene dudas o cuestiones que transmitirnos en relaci\u00f3n con el tratamiento de tus datos personales no dudes en contactarnos en Paseo de la Castellana 257, Madrid, 28046, o a la siguiente direcci\u00f3n de correo electr\u00f3nico: <a href=\"mailto:protecci%C3%B3ndedatos@melinprop.com\">protecci\u00f3ndedatos@melinprop.com<\/a>.<\/p>\n","protected":false},"excerpt":{"rendered":"<p>LOOM, en cumplimiento de lo previsto en el Reglamento (UE) 2016\/679 del Parlamento Europeo y del Consejo, de 27 de abril de 2016, relativo a la proteccio\u0301n de datos de las personas fi\u0301sicas en lo que respecta al tratamiento de datos personales y a la libre circulacio\u0301n de estos datos, en adelante RGPD, asi\u0301 como [&hellip;]<\/p>\n","protected":false},"author":1,"featured_media":0,"parent":0,"menu_order":9,"comment_status":"closed","ping_status":"closed","template":"","meta":{"_acf_changed":false,"footnotes":""},"categories":[],"class_list":["post-54424","page","type-page","status-publish","hentry"],"acf":[],"yoast_head":"<!-- This site is optimized with the Yoast SEO plugin v27.1.1 - https:\/\/yoast.com\/product\/yoast-seo-wordpress\/ -->\n<title>Pol\u00edtica Privacidad | LOOM<\/title>\n<meta name=\"description\" content=\"Lee nuestra Pol\u00edtica de Privacidad para entender c\u00f3mo recopilamos, usamos y protegemos tus datos personales al utilizar nuestro sitio web.\" \/>\n<meta name=\"robots\" content=\"index, follow, max-snippet:-1, max-image-preview:large, max-video-preview:-1\" \/>\n<link rel=\"canonical\" href=\"https:\/\/loom.es\/en\/policityprivaty\/\" \/>\n<meta property=\"og:locale\" content=\"en_US\" \/>\n<meta property=\"og:type\" content=\"article\" \/>\n<meta property=\"og:title\" content=\"Pol\u00edtica Privacidad | LOOM\" \/>\n<meta property=\"og:description\" content=\"Lee nuestra Pol\u00edtica de Privacidad para entender c\u00f3mo recopilamos, usamos y protegemos tus datos personales al utilizar nuestro sitio web.\" \/>\n<meta property=\"og:url\" content=\"https:\/\/loom.es\/en\/policityprivaty\/\" \/>\n<meta property=\"og:site_name\" content=\"LOOM\" \/>\n<meta property=\"article:modified_time\" content=\"2026-03-20T13:33:05+00:00\" \/>\n<meta property=\"og:image\" content=\"http:\/\/false\" \/>\n<meta name=\"twitter:card\" content=\"summary_large_image\" \/>\n<meta name=\"twitter:site\" content=\"@LOOM_es\" \/>\n<meta name=\"twitter:label1\" content=\"Est. reading time\" \/>\n\t<meta name=\"twitter:data1\" content=\"9 minutes\" \/>\n<script type=\"application\/ld+json\" class=\"yoast-schema-graph\">{\"@context\":\"https:\/\/schema.org\",\"@graph\":[{\"@type\":\"WebPage\",\"@id\":\"https:\/\/loom.es\/en\/policityprivaty\/\",\"url\":\"https:\/\/loom.es\/en\/policityprivaty\/\",\"name\":\"Pol\u00edtica Privacidad | LOOM\",\"isPartOf\":{\"@id\":\"https:\/\/loom.es\/en\/#website\"},\"datePublished\":\"2022-01-07T11:19:06+00:00\",\"dateModified\":\"2026-03-20T13:33:05+00:00\",\"description\":\"Lee nuestra Pol\u00edtica de Privacidad para entender c\u00f3mo recopilamos, usamos y protegemos tus datos personales al utilizar nuestro sitio web.\",\"inLanguage\":\"en-US\",\"potentialAction\":[{\"@type\":\"ReadAction\",\"target\":[\"https:\/\/loom.es\/en\/policityprivaty\/\"]}]},{\"@type\":\"WebSite\",\"@id\":\"https:\/\/loom.es\/en\/#website\",\"url\":\"https:\/\/loom.es\/en\/\",\"name\":\"LOOM\",\"description\":\"Espacios de trabajo flexibles\",\"publisher\":{\"@id\":\"https:\/\/loom.es\/en\/#organization\"},\"potentialAction\":[{\"@type\":\"SearchAction\",\"target\":{\"@type\":\"EntryPoint\",\"urlTemplate\":\"https:\/\/loom.es\/en\/?s={search_term_string}\"},\"query-input\":{\"@type\":\"PropertyValueSpecification\",\"valueRequired\":true,\"valueName\":\"search_term_string\"}}],\"inLanguage\":\"en-US\"},{\"@type\":\"Organization\",\"@id\":\"https:\/\/loom.es\/en\/#organization\",\"name\":\"LOOM\",\"url\":\"https:\/\/loom.es\/en\/\",\"logo\":{\"@type\":\"ImageObject\",\"inLanguage\":\"en-US\",\"@id\":\"https:\/\/loom.es\/en\/#\/schema\/logo\/image\/\",\"url\":\"https:\/\/loom.es\/wp-content\/uploads\/2023\/08\/Loom-Notion-featured-image.png\",\"contentUrl\":\"https:\/\/loom.es\/wp-content\/uploads\/2023\/08\/Loom-Notion-featured-image.png\",\"width\":1500,\"height\":300,\"caption\":\"LOOM\"},\"image\":{\"@id\":\"https:\/\/loom.es\/en\/#\/schema\/logo\/image\/\"},\"sameAs\":[\"https:\/\/x.com\/LOOM_es\",\"https:\/\/www.instagram.com\/loom_es\/\",\"https:\/\/www.linkedin.com\/company\/loom-house\/\",\"https:\/\/www.youtube.com\/@LOOM_Es\/featured\",\"https:\/\/www.tiktok.com\/@loom_es\"]}]}<\/script>\n<!-- \/ Yoast SEO plugin. -->","yoast_head_json":{"title":"Pol\u00edtica Privacidad | LOOM","description":"Lee nuestra Pol\u00edtica de Privacidad para entender c\u00f3mo recopilamos, usamos y protegemos tus datos personales al utilizar nuestro sitio web.","robots":{"index":"index","follow":"follow","max-snippet":"max-snippet:-1","max-image-preview":"max-image-preview:large","max-video-preview":"max-video-preview:-1"},"canonical":"https:\/\/loom.es\/en\/policityprivaty\/","og_locale":"en_US","og_type":"article","og_title":"Pol\u00edtica Privacidad | LOOM","og_description":"Lee nuestra Pol\u00edtica de Privacidad para entender c\u00f3mo recopilamos, usamos y protegemos tus datos personales al utilizar nuestro sitio web.","og_url":"https:\/\/loom.es\/en\/policityprivaty\/","og_site_name":"LOOM","article_modified_time":"2026-03-20T13:33:05+00:00","og_image":[{"url":"false","type":"","width":"","height":""}],"twitter_card":"summary_large_image","twitter_site":"@LOOM_es","twitter_misc":{"Est. reading time":"9 minutes"},"schema":{"@context":"https:\/\/schema.org","@graph":[{"@type":"WebPage","@id":"https:\/\/loom.es\/en\/policityprivaty\/","url":"https:\/\/loom.es\/en\/policityprivaty\/","name":"Pol\u00edtica Privacidad | LOOM","isPartOf":{"@id":"https:\/\/loom.es\/en\/#website"},"datePublished":"2022-01-07T11:19:06+00:00","dateModified":"2026-03-20T13:33:05+00:00","description":"Lee nuestra Pol\u00edtica de Privacidad para entender c\u00f3mo recopilamos, usamos y protegemos tus datos personales al utilizar nuestro sitio web.","inLanguage":"en-US","potentialAction":[{"@type":"ReadAction","target":["https:\/\/loom.es\/en\/policityprivaty\/"]}]},{"@type":"WebSite","@id":"https:\/\/loom.es\/en\/#website","url":"https:\/\/loom.es\/en\/","name":"LOOM","description":"Espacios de trabajo flexibles","publisher":{"@id":"https:\/\/loom.es\/en\/#organization"},"potentialAction":[{"@type":"SearchAction","target":{"@type":"EntryPoint","urlTemplate":"https:\/\/loom.es\/en\/?s={search_term_string}"},"query-input":{"@type":"PropertyValueSpecification","valueRequired":true,"valueName":"search_term_string"}}],"inLanguage":"en-US"},{"@type":"Organization","@id":"https:\/\/loom.es\/en\/#organization","name":"LOOM","url":"https:\/\/loom.es\/en\/","logo":{"@type":"ImageObject","inLanguage":"en-US","@id":"https:\/\/loom.es\/en\/#\/schema\/logo\/image\/","url":"https:\/\/loom.es\/wp-content\/uploads\/2023\/08\/Loom-Notion-featured-image.png","contentUrl":"https:\/\/loom.es\/wp-content\/uploads\/2023\/08\/Loom-Notion-featured-image.png","width":1500,"height":300,"caption":"LOOM"},"image":{"@id":"https:\/\/loom.es\/en\/#\/schema\/logo\/image\/"},"sameAs":["https:\/\/x.com\/LOOM_es","https:\/\/www.instagram.com\/loom_es\/","https:\/\/www.linkedin.com\/company\/loom-house\/","https:\/\/www.youtube.com\/@LOOM_Es\/featured","https:\/\/www.tiktok.com\/@loom_es"]}]}},"_links":{"self":[{"href":"https:\/\/loom.es\/en\/wp-json\/wp\/v2\/pages\/54424","targetHints":{"allow":["GET"]}}],"collection":[{"href":"https:\/\/loom.es\/en\/wp-json\/wp\/v2\/pages"}],"about":[{"href":"https:\/\/loom.es\/en\/wp-json\/wp\/v2\/types\/page"}],"author":[{"embeddable":true,"href":"https:\/\/loom.es\/en\/wp-json\/wp\/v2\/users\/1"}],"replies":[{"embeddable":true,"href":"https:\/\/loom.es\/en\/wp-json\/wp\/v2\/comments?post=54424"}],"version-history":[{"count":3,"href":"https:\/\/loom.es\/en\/wp-json\/wp\/v2\/pages\/54424\/revisions"}],"predecessor-version":[{"id":54427,"href":"https:\/\/loom.es\/en\/wp-json\/wp\/v2\/pages\/54424\/revisions\/54427"}],"wp:attachment":[{"href":"https:\/\/loom.es\/en\/wp-json\/wp\/v2\/media?parent=54424"}],"wp:term":[{"taxonomy":"category","embeddable":true,"href":"https:\/\/loom.es\/en\/wp-json\/wp\/v2\/categories?post=54424"}],"curies":[{"name":"wp","href":"https:\/\/api.w.org\/{rel}","templated":true}]}}