



{"id":54428,"date":"2022-01-07T11:20:13","date_gmt":"2022-01-07T11:20:13","guid":{"rendered":"https:\/\/pre.loom.es\/politica-de-cookies\/"},"modified":"2026-03-20T13:38:14","modified_gmt":"2026-03-20T13:38:14","slug":"cookie-policy","status":"publish","type":"page","link":"https:\/\/loom.es\/en\/cookie-policy\/","title":{"rendered":"Cookie policy"},"content":{"rendered":"<p><script id=\"CookieDeclaration\" src=\"https:\/\/consent.cookiebot.com\/c7fb5b21-7f9d-408d-87e2-ae96714f3ee1\/cd.js\" type=\"text\/javascript\" async><\/script><\/p>\n","protected":false},"excerpt":{"rendered":"","protected":false},"author":1,"featured_media":0,"parent":0,"menu_order":10,"comment_status":"closed","ping_status":"closed","template":"","meta":{"_acf_changed":false,"footnotes":""},"categories":[],"class_list":["post-54428","page","type-page","status-publish","hentry"],"acf":[],"yoast_head":"<!-- This site is optimized with the Yoast SEO plugin v27.1.1 - https:\/\/yoast.com\/product\/yoast-seo-wordpress\/ -->\n<title>Pol\u00edtica de Cookies | LOOM<\/title>\n<meta name=\"description\" content=\"Consulta nuestra Pol\u00edtica de Cookies. Conoce c\u00f3mo usamos las cookies en nuestro sitio web y c\u00f3mo puedes gestionarlas para mejorar tu experiencia.\" \/>\n<meta name=\"robots\" content=\"index, follow, max-snippet:-1, max-image-preview:large, max-video-preview:-1\" \/>\n<link rel=\"canonical\" href=\"https:\/\/loom.es\/en\/cookie-policy\/\" \/>\n<meta property=\"og:locale\" content=\"en_US\" \/>\n<meta property=\"og:type\" content=\"article\" \/>\n<meta property=\"og:title\" content=\"Pol\u00edtica de Cookies | LOOM\" \/>\n<meta property=\"og:description\" content=\"Consulta nuestra Pol\u00edtica de Cookies. Conoce c\u00f3mo usamos las cookies en nuestro sitio web y c\u00f3mo puedes gestionarlas para mejorar tu experiencia.\" \/>\n<meta property=\"og:url\" content=\"https:\/\/loom.es\/en\/cookie-policy\/\" \/>\n<meta property=\"og:site_name\" content=\"LOOM\" \/>\n<meta property=\"article:modified_time\" content=\"2026-03-20T13:38:14+00:00\" \/>\n<meta property=\"og:image\" content=\"https:\/\/loom.es\/wp-content\/uploads\/2023\/08\/Loom-Notion-featured-image.png\" \/>\n\t<meta property=\"og:image:width\" content=\"1500\" \/>\n\t<meta property=\"og:image:height\" content=\"300\" \/>\n\t<meta property=\"og:image:type\" content=\"image\/png\" \/>\n<meta name=\"twitter:card\" content=\"summary_large_image\" \/>\n<meta name=\"twitter:site\" content=\"@LOOM_es\" \/>\n<script type=\"application\/ld+json\" class=\"yoast-schema-graph\">{\"@context\":\"https:\/\/schema.org\",\"@graph\":[{\"@type\":\"WebPage\",\"@id\":\"https:\/\/loom.es\/en\/cookie-policy\/\",\"url\":\"https:\/\/loom.es\/en\/cookie-policy\/\",\"name\":\"Pol\u00edtica de Cookies | LOOM\",\"isPartOf\":{\"@id\":\"https:\/\/pre.loom.es\/en\/#website\"},\"datePublished\":\"2022-01-07T11:20:13+00:00\",\"dateModified\":\"2026-03-20T13:38:14+00:00\",\"description\":\"Consulta nuestra Pol\u00edtica de Cookies. Conoce c\u00f3mo usamos las cookies en nuestro sitio web y c\u00f3mo puedes gestionarlas para mejorar tu experiencia.\",\"inLanguage\":\"en-US\",\"potentialAction\":[{\"@type\":\"ReadAction\",\"target\":[\"https:\/\/loom.es\/en\/cookie-policy\/\"]}]},{\"@type\":\"WebSite\",\"@id\":\"https:\/\/pre.loom.es\/en\/#website\",\"url\":\"https:\/\/pre.loom.es\/en\/\",\"name\":\"LOOM\",\"description\":\"Espacios de trabajo flexibles\",\"publisher\":{\"@id\":\"https:\/\/pre.loom.es\/en\/#organization\"},\"potentialAction\":[{\"@type\":\"SearchAction\",\"target\":{\"@type\":\"EntryPoint\",\"urlTemplate\":\"https:\/\/pre.loom.es\/en\/?s={search_term_string}\"},\"query-input\":{\"@type\":\"PropertyValueSpecification\",\"valueRequired\":true,\"valueName\":\"search_term_string\"}}],\"inLanguage\":\"en-US\"},{\"@type\":\"Organization\",\"@id\":\"https:\/\/pre.loom.es\/en\/#organization\",\"name\":\"LOOM\",\"url\":\"https:\/\/pre.loom.es\/en\/\",\"logo\":{\"@type\":\"ImageObject\",\"inLanguage\":\"en-US\",\"@id\":\"https:\/\/pre.loom.es\/en\/#\/schema\/logo\/image\/\",\"url\":\"https:\/\/loom.es\/wp-content\/uploads\/2023\/08\/Loom-Notion-featured-image.png\",\"contentUrl\":\"https:\/\/loom.es\/wp-content\/uploads\/2023\/08\/Loom-Notion-featured-image.png\",\"width\":1500,\"height\":300,\"caption\":\"LOOM\"},\"image\":{\"@id\":\"https:\/\/pre.loom.es\/en\/#\/schema\/logo\/image\/\"},\"sameAs\":[\"https:\/\/x.com\/LOOM_es\",\"https:\/\/www.instagram.com\/loom_es\/\",\"https:\/\/www.linkedin.com\/company\/loom-house\/\",\"https:\/\/www.youtube.com\/@LOOM_Es\/featured\",\"https:\/\/www.tiktok.com\/@loom_es\"]}]}<\/script>\n<!-- \/ Yoast SEO plugin. -->","yoast_head_json":{"title":"Pol\u00edtica de Cookies | LOOM","description":"Consulta nuestra Pol\u00edtica de Cookies. Conoce c\u00f3mo usamos las cookies en nuestro sitio web y c\u00f3mo puedes gestionarlas para mejorar tu experiencia.","robots":{"index":"index","follow":"follow","max-snippet":"max-snippet:-1","max-image-preview":"max-image-preview:large","max-video-preview":"max-video-preview:-1"},"canonical":"https:\/\/loom.es\/en\/cookie-policy\/","og_locale":"en_US","og_type":"article","og_title":"Pol\u00edtica de Cookies | LOOM","og_description":"Consulta nuestra Pol\u00edtica de Cookies. Conoce c\u00f3mo usamos las cookies en nuestro sitio web y c\u00f3mo puedes gestionarlas para mejorar tu experiencia.","og_url":"https:\/\/loom.es\/en\/cookie-policy\/","og_site_name":"LOOM","article_modified_time":"2026-03-20T13:38:14+00:00","og_image":[{"width":1500,"height":300,"url":"https:\/\/loom.es\/wp-content\/uploads\/2023\/08\/Loom-Notion-featured-image.png","type":"image\/png"}],"twitter_card":"summary_large_image","twitter_site":"@LOOM_es","schema":{"@context":"https:\/\/schema.org","@graph":[{"@type":"WebPage","@id":"https:\/\/loom.es\/en\/cookie-policy\/","url":"https:\/\/loom.es\/en\/cookie-policy\/","name":"Pol\u00edtica de Cookies | LOOM","isPartOf":{"@id":"https:\/\/pre.loom.es\/en\/#website"},"datePublished":"2022-01-07T11:20:13+00:00","dateModified":"2026-03-20T13:38:14+00:00","description":"Consulta nuestra Pol\u00edtica de Cookies. Conoce c\u00f3mo usamos las cookies en nuestro sitio web y c\u00f3mo puedes gestionarlas para mejorar tu experiencia.","inLanguage":"en-US","potentialAction":[{"@type":"ReadAction","target":["https:\/\/loom.es\/en\/cookie-policy\/"]}]},{"@type":"WebSite","@id":"https:\/\/pre.loom.es\/en\/#website","url":"https:\/\/pre.loom.es\/en\/","name":"LOOM","description":"Espacios de trabajo flexibles","publisher":{"@id":"https:\/\/pre.loom.es\/en\/#organization"},"potentialAction":[{"@type":"SearchAction","target":{"@type":"EntryPoint","urlTemplate":"https:\/\/pre.loom.es\/en\/?s={search_term_string}"},"query-input":{"@type":"PropertyValueSpecification","valueRequired":true,"valueName":"search_term_string"}}],"inLanguage":"en-US"},{"@type":"Organization","@id":"https:\/\/pre.loom.es\/en\/#organization","name":"LOOM","url":"https:\/\/pre.loom.es\/en\/","logo":{"@type":"ImageObject","inLanguage":"en-US","@id":"https:\/\/pre.loom.es\/en\/#\/schema\/logo\/image\/","url":"https:\/\/loom.es\/wp-content\/uploads\/2023\/08\/Loom-Notion-featured-image.png","contentUrl":"https:\/\/loom.es\/wp-content\/uploads\/2023\/08\/Loom-Notion-featured-image.png","width":1500,"height":300,"caption":"LOOM"},"image":{"@id":"https:\/\/pre.loom.es\/en\/#\/schema\/logo\/image\/"},"sameAs":["https:\/\/x.com\/LOOM_es","https:\/\/www.instagram.com\/loom_es\/","https:\/\/www.linkedin.com\/company\/loom-house\/","https:\/\/www.youtube.com\/@LOOM_Es\/featured","https:\/\/www.tiktok.com\/@loom_es"]}]}},"_links":{"self":[{"href":"https:\/\/loom.es\/en\/wp-json\/wp\/v2\/pages\/54428","targetHints":{"allow":["GET"]}}],"collection":[{"href":"https:\/\/loom.es\/en\/wp-json\/wp\/v2\/pages"}],"about":[{"href":"https:\/\/loom.es\/en\/wp-json\/wp\/v2\/types\/page"}],"author":[{"embeddable":true,"href":"https:\/\/loom.es\/en\/wp-json\/wp\/v2\/users\/1"}],"replies":[{"embeddable":true,"href":"https:\/\/loom.es\/en\/wp-json\/wp\/v2\/comments?post=54428"}],"version-history":[{"count":3,"href":"https:\/\/loom.es\/en\/wp-json\/wp\/v2\/pages\/54428\/revisions"}],"predecessor-version":[{"id":54431,"href":"https:\/\/loom.es\/en\/wp-json\/wp\/v2\/pages\/54428\/revisions\/54431"}],"wp:attachment":[{"href":"https:\/\/loom.es\/en\/wp-json\/wp\/v2\/media?parent=54428"}],"wp:term":[{"taxonomy":"category","embeddable":true,"href":"https:\/\/loom.es\/en\/wp-json\/wp\/v2\/categories?post=54428"}],"curies":[{"name":"wp","href":"https:\/\/api.w.org\/{rel}","templated":true}]}}