



{"id":8336,"date":"2022-02-21T17:14:00","date_gmt":"2022-02-21T17:14:00","guid":{"rendered":"https:\/\/loom.es\/?page_id=8336"},"modified":"2022-08-30T16:10:03","modified_gmt":"2022-08-30T16:10:03","slug":"loom-experience","status":"publish","type":"page","link":"https:\/\/loom.es\/en\/loom-experience\/","title":{"rendered":"Loom Experience"},"content":{"rendered":"\r\n<div class=\"iframe-container\"><video class=\"video-full-width\" poster=\"https:\/\/loom.es\/wp-content\/uploads\/2022\/02\/video-bg.png\" autoplay=\"autoplay\" loop=\"loop\" muted=\"\" width=\"300\" height=\"150\">\r\n<source src=\"\/wp-content\/uploads\/2022\/01\/video_home_2.mp4\" type=\"video\/mp4\" \/><\/video>\r\n<div class=\"iframe-container-buttons\"><a class=\"iframe-container-button\" href=\"#\"><span id=\"do-scroll\">Hacer scroll<\/span><\/a><\/div>\r\n<\/div>\r\n","protected":false},"excerpt":{"rendered":"<p>Hacer scroll<\/p>\n","protected":false},"author":1,"featured_media":0,"parent":0,"menu_order":13,"comment_status":"closed","ping_status":"closed","template":"template-home.php","meta":{"footnotes":""},"categories":[],"class_list":["post-8336","page","type-page","status-publish","hentry"],"acf":[],"yoast_head":"<!-- This site is optimized with the Yoast SEO plugin v25.1 - https:\/\/yoast.com\/wordpress\/plugins\/seo\/ -->\n<title>Loom Experience - LOOM (English)<\/title>\n<meta name=\"description\" content=\"Con LOOM ir a trabajar es mucho m\u00e1s que trabajar. Hemos dise\u00f1ado una experiencia diferencial para nuestros espacios, dotando el d\u00eda a d\u00eda de comodidades, actividades y servicios que te pondr\u00e1n todo muy f\u00e1cil y te permitir\u00e1n seguir creciendo personal y profesionalmente durante tu jornada laboral, al tiempo que te cuidas y favoreces tu bienestar.\" \/>\n<meta name=\"robots\" content=\"index, follow, max-snippet:-1, max-image-preview:large, max-video-preview:-1\" \/>\n<link rel=\"canonical\" href=\"https:\/\/loom.es\/en\/loom-experience\/\" \/>\n<meta property=\"og:locale\" content=\"en_US\" \/>\n<meta property=\"og:type\" content=\"article\" \/>\n<meta property=\"og:title\" content=\"Loom Experience - LOOM (English)\" \/>\n<meta property=\"og:description\" content=\"Con LOOM ir a trabajar es mucho m\u00e1s que trabajar. Hemos dise\u00f1ado una experiencia diferencial para nuestros espacios, dotando el d\u00eda a d\u00eda de comodidades, actividades y servicios que te pondr\u00e1n todo muy f\u00e1cil y te permitir\u00e1n seguir creciendo personal y profesionalmente durante tu jornada laboral, al tiempo que te cuidas y favoreces tu bienestar.\" \/>\n<meta property=\"og:url\" content=\"https:\/\/loom.es\/en\/loom-experience\/\" \/>\n<meta property=\"og:site_name\" content=\"LOOM (English)\" \/>\n<meta property=\"article:modified_time\" content=\"2022-08-30T16:10:03+00:00\" \/>\n<meta name=\"twitter:card\" content=\"summary_large_image\" \/>\n<script type=\"application\/ld+json\" class=\"yoast-schema-graph\">{\"@context\":\"https:\/\/schema.org\",\"@graph\":[{\"@type\":\"WebPage\",\"@id\":\"https:\/\/loom.es\/en\/loom-experience\/\",\"url\":\"https:\/\/loom.es\/en\/loom-experience\/\",\"name\":\"Loom Experience - LOOM (English)\",\"isPartOf\":{\"@id\":\"https:\/\/loom.es\/en\/#website\"},\"datePublished\":\"2022-02-21T17:14:00+00:00\",\"dateModified\":\"2022-08-30T16:10:03+00:00\",\"description\":\"Con LOOM ir a trabajar es mucho m\u00e1s que trabajar. Hemos dise\u00f1ado una experiencia diferencial para nuestros espacios, dotando el d\u00eda a d\u00eda de comodidades, actividades y servicios que te pondr\u00e1n todo muy f\u00e1cil y te permitir\u00e1n seguir creciendo personal y profesionalmente durante tu jornada laboral, al tiempo que te cuidas y favoreces tu bienestar.\",\"breadcrumb\":{\"@id\":\"https:\/\/loom.es\/en\/loom-experience\/#breadcrumb\"},\"inLanguage\":\"en-US\",\"potentialAction\":[{\"@type\":\"ReadAction\",\"target\":[\"https:\/\/loom.es\/en\/loom-experience\/\"]}]},{\"@type\":\"BreadcrumbList\",\"@id\":\"https:\/\/loom.es\/en\/loom-experience\/#breadcrumb\",\"itemListElement\":[{\"@type\":\"ListItem\",\"position\":1,\"name\":\"Home\",\"item\":\"https:\/\/loom.es\/en\/\"},{\"@type\":\"ListItem\",\"position\":2,\"name\":\"Loom Experience\"}]},{\"@type\":\"WebSite\",\"@id\":\"https:\/\/loom.es\/en\/#website\",\"url\":\"https:\/\/loom.es\/en\/\",\"name\":\"LOOM (English)\",\"description\":\"Espacios de trabajo flexibles\",\"publisher\":{\"@id\":\"https:\/\/loom.es\/en\/#organization\"},\"potentialAction\":[{\"@type\":\"SearchAction\",\"target\":{\"@type\":\"EntryPoint\",\"urlTemplate\":\"https:\/\/loom.es\/en\/?s={search_term_string}\"},\"query-input\":{\"@type\":\"PropertyValueSpecification\",\"valueRequired\":true,\"valueName\":\"search_term_string\"}}],\"inLanguage\":\"en-US\"},{\"@type\":\"Organization\",\"@id\":\"https:\/\/loom.es\/en\/#organization\",\"name\":\"LOOM (English)\",\"url\":\"https:\/\/loom.es\/en\/\",\"logo\":{\"@type\":\"ImageObject\",\"inLanguage\":\"en-US\",\"@id\":\"https:\/\/loom.es\/en\/#\/schema\/logo\/image\/\",\"url\":\"https:\/\/loom.es\/en\/wp-content\/uploads\/sites\/2\/2023\/02\/cropped-logo-loom-white.png\",\"contentUrl\":\"https:\/\/loom.es\/en\/wp-content\/uploads\/sites\/2\/2023\/02\/cropped-logo-loom-white.png\",\"width\":500,\"height\":105,\"caption\":\"LOOM (English)\"},\"image\":{\"@id\":\"https:\/\/loom.es\/en\/#\/schema\/logo\/image\/\"}}]}<\/script>\n<!-- \/ Yoast SEO plugin. -->","yoast_head_json":{"title":"Loom Experience - LOOM (English)","description":"Con LOOM ir a trabajar es mucho m\u00e1s que trabajar. Hemos dise\u00f1ado una experiencia diferencial para nuestros espacios, dotando el d\u00eda a d\u00eda de comodidades, actividades y servicios que te pondr\u00e1n todo muy f\u00e1cil y te permitir\u00e1n seguir creciendo personal y profesionalmente durante tu jornada laboral, al tiempo que te cuidas y favoreces tu bienestar.","robots":{"index":"index","follow":"follow","max-snippet":"max-snippet:-1","max-image-preview":"max-image-preview:large","max-video-preview":"max-video-preview:-1"},"canonical":"https:\/\/loom.es\/en\/loom-experience\/","og_locale":"en_US","og_type":"article","og_title":"Loom Experience - LOOM (English)","og_description":"Con LOOM ir a trabajar es mucho m\u00e1s que trabajar. Hemos dise\u00f1ado una experiencia diferencial para nuestros espacios, dotando el d\u00eda a d\u00eda de comodidades, actividades y servicios que te pondr\u00e1n todo muy f\u00e1cil y te permitir\u00e1n seguir creciendo personal y profesionalmente durante tu jornada laboral, al tiempo que te cuidas y favoreces tu bienestar.","og_url":"https:\/\/loom.es\/en\/loom-experience\/","og_site_name":"LOOM (English)","article_modified_time":"2022-08-30T16:10:03+00:00","twitter_card":"summary_large_image","schema":{"@context":"https:\/\/schema.org","@graph":[{"@type":"WebPage","@id":"https:\/\/loom.es\/en\/loom-experience\/","url":"https:\/\/loom.es\/en\/loom-experience\/","name":"Loom Experience - LOOM (English)","isPartOf":{"@id":"https:\/\/loom.es\/en\/#website"},"datePublished":"2022-02-21T17:14:00+00:00","dateModified":"2022-08-30T16:10:03+00:00","description":"Con LOOM ir a trabajar es mucho m\u00e1s que trabajar. Hemos dise\u00f1ado una experiencia diferencial para nuestros espacios, dotando el d\u00eda a d\u00eda de comodidades, actividades y servicios que te pondr\u00e1n todo muy f\u00e1cil y te permitir\u00e1n seguir creciendo personal y profesionalmente durante tu jornada laboral, al tiempo que te cuidas y favoreces tu bienestar.","breadcrumb":{"@id":"https:\/\/loom.es\/en\/loom-experience\/#breadcrumb"},"inLanguage":"en-US","potentialAction":[{"@type":"ReadAction","target":["https:\/\/loom.es\/en\/loom-experience\/"]}]},{"@type":"BreadcrumbList","@id":"https:\/\/loom.es\/en\/loom-experience\/#breadcrumb","itemListElement":[{"@type":"ListItem","position":1,"name":"Home","item":"https:\/\/loom.es\/en\/"},{"@type":"ListItem","position":2,"name":"Loom Experience"}]},{"@type":"WebSite","@id":"https:\/\/loom.es\/en\/#website","url":"https:\/\/loom.es\/en\/","name":"LOOM (English)","description":"Espacios de trabajo flexibles","publisher":{"@id":"https:\/\/loom.es\/en\/#organization"},"potentialAction":[{"@type":"SearchAction","target":{"@type":"EntryPoint","urlTemplate":"https:\/\/loom.es\/en\/?s={search_term_string}"},"query-input":{"@type":"PropertyValueSpecification","valueRequired":true,"valueName":"search_term_string"}}],"inLanguage":"en-US"},{"@type":"Organization","@id":"https:\/\/loom.es\/en\/#organization","name":"LOOM (English)","url":"https:\/\/loom.es\/en\/","logo":{"@type":"ImageObject","inLanguage":"en-US","@id":"https:\/\/loom.es\/en\/#\/schema\/logo\/image\/","url":"https:\/\/loom.es\/en\/wp-content\/uploads\/sites\/2\/2023\/02\/cropped-logo-loom-white.png","contentUrl":"https:\/\/loom.es\/en\/wp-content\/uploads\/sites\/2\/2023\/02\/cropped-logo-loom-white.png","width":500,"height":105,"caption":"LOOM (English)"},"image":{"@id":"https:\/\/loom.es\/en\/#\/schema\/logo\/image\/"}}]}},"_links":{"self":[{"href":"https:\/\/loom.es\/en\/wp-json\/wp\/v2\/pages\/8336"}],"collection":[{"href":"https:\/\/loom.es\/en\/wp-json\/wp\/v2\/pages"}],"about":[{"href":"https:\/\/loom.es\/en\/wp-json\/wp\/v2\/types\/page"}],"author":[{"embeddable":true,"href":"https:\/\/loom.es\/en\/wp-json\/wp\/v2\/users\/1"}],"replies":[{"embeddable":true,"href":"https:\/\/loom.es\/en\/wp-json\/wp\/v2\/comments?post=8336"}],"version-history":[{"count":0,"href":"https:\/\/loom.es\/en\/wp-json\/wp\/v2\/pages\/8336\/revisions"}],"wp:attachment":[{"href":"https:\/\/loom.es\/en\/wp-json\/wp\/v2\/media?parent=8336"}],"wp:term":[{"taxonomy":"category","embeddable":true,"href":"https:\/\/loom.es\/en\/wp-json\/wp\/v2\/categories?post=8336"}],"curies":[{"name":"wp","href":"https:\/\/api.w.org\/{rel}","templated":true}]}}